{"id":311738,"date":"2022-10-01T10:27:03","date_gmt":"2024-02-06T19:37:25","guid":{"rendered":"https:\/\/www.moskito.cz\/produkt\/noz-strzelecki-microtech-exocet-money-clip-stonewashed-157-10-vi\/"},"modified":"2025-05-07T11:02:00","modified_gmt":"2025-05-07T10:02:00","slug":"noz-strzelecki-microtech-exocet-money-clip-stonewashed-157-10-vi","status":"publish","type":"product","link":"https:\/\/www.moskito.cz\/pl\/produkt\/noz-strzelecki-microtech-exocet-money-clip-stonewashed-157-10-vi\/","title":{"rendered":"N\u00f3\u017c strzelecki Microtech Exocet Money Clip Stonewashed 157-10 VI"},"content":{"rendered":"<p>N\u00f3\u017c strzelecki Microtech Exocet Money Clip Stonewashed 157-10 VI.<\/p>\n<p>Gwiazda linii Microtech 2019, Exocet \u0142\u0105czy w sobie u\u017cyteczno\u015b\u0107 i codzienn\u0105 praktyczno\u015b\u0107 w jednym unikalnym opakowaniu. Innowacyjny i pierwszy w swoim rodzaju, ten automatyczny OTF mie\u015bci mniej ni\u017c dwucalowe ostrze kalifornijskie i s\u0142u\u017cy r\u00f3wnie\u017c jako klips na banknoty, dzi\u0119ki czemu idealnie nadaje si\u0119 do codziennego noszenia. Jego wygl\u0105d mo\u017ce Ci\u0119 zaskoczy\u0107, gdy zobaczysz go po raz pierwszy, ale uczucie niepokoju zniknie, gdy uruchomisz go po raz pierwszy. Ten n\u00f3\u017c strzela szybciej i \u0142atwiej ni\u017c jakikolwiek inny n\u00f3\u017c Microtech OTF, co czyni go idealnym prezentem dla bliskiej Ci osoby lub dla Ciebie.<\/p>\n<p>Uchwyt aluminiowy<br \/>\n Stalowe ostrze sztyletu CTS-204P.<br \/>\n Sterowanie jednym kciukiem<br \/>\n Dwustronny klips kieszonkowy, kt\u00f3ry pe\u0142ni r\u00f3wnie\u017c funkcj\u0119 klipsa do pieni\u0119dzy.<\/p>\n<p>D\u0142ugo\u015b\u0107 ostrza: 5 cm<br \/>\n Ca\u0142kowita d\u0142ugo\u015b\u0107 no\u017ca: 13,5 cm<br \/>\n Grubo\u015b\u0107 ostrza: 0,15 cm<\/p>\n<p><iframe title=\"Microtech Combat Troodon Torture Test\" width=\"800\" height=\"450\" src=\"https:\/\/www.youtube.com\/embed\/xE9TeOFYEjg?feature=oembed\" frameborder=\"0\" allow=\"accelerometer; autoplay; clipboard-write; encrypted-media; gyroscope; picture-in-picture; web-share\" allowfullscreen><\/iframe><\/p>\n<p>&nbsp;<\/p>\n","protected":false},"excerpt":{"rendered":"<p>Przez lata firma <strong>Microtech\u00ae<\/strong> Knives w\u0142o\u017cy\u0142a pasj\u0119 i umiej\u0119tno\u015bci w produkcj\u0119 no\u017cy, tworz\u0105c niemal dzie\u0142a sztuki b\u0119d\u0105ce szczytem funkcjonalno\u015bci. Wci\u0105\u017c przesuwa granice i je udoskonala.Wszystkie cz\u0119\u015bci s\u0105 produkowane w USA.<br \/>\n<strong>Wszystkie no\u017ce Microtech obj\u0119te s\u0105 do\u017cywotni\u0105 gwarancj\u0105.<\/strong><\/p>\n<p><strong>Darmowa wysy\u0142ka.<\/strong><\/p>\n","protected":false},"featured_media":311740,"comment_status":"open","ping_status":"closed","template":"","meta":[],"pwb-brand":[3279],"product_brand":[],"product_cat":[3296,3344],"product_tag":[3671],"class_list":{"0":"post-311738","1":"product","2":"type-product","3":"status-publish","4":"has-post-thumbnail","6":"pwb-brand-microtech-pl","7":"product_cat-noze-pl","8":"product_cat-noze-strzeleckie","9":"product_tag-b2b-pl","11":"first","12":"outofstock","13":"taxable","14":"shipping-taxable","15":"purchasable","16":"product-type-simple"},"brands":[{"id":3279,"name":"Microtech","slug":"microtech-pl"}],"_links":{"self":[{"href":"https:\/\/www.moskito.cz\/pl\/wp-json\/wp\/v2\/product\/311738","targetHints":{"allow":["GET"]}}],"collection":[{"href":"https:\/\/www.moskito.cz\/pl\/wp-json\/wp\/v2\/product"}],"about":[{"href":"https:\/\/www.moskito.cz\/pl\/wp-json\/wp\/v2\/types\/product"}],"replies":[{"embeddable":true,"href":"https:\/\/www.moskito.cz\/pl\/wp-json\/wp\/v2\/comments?post=311738"}],"wp:featuredmedia":[{"embeddable":true,"href":"https:\/\/www.moskito.cz\/pl\/wp-json\/wp\/v2\/media\/311740"}],"wp:attachment":[{"href":"https:\/\/www.moskito.cz\/pl\/wp-json\/wp\/v2\/media?parent=311738"}],"wp:term":[{"taxonomy":"pwb-brand","embeddable":true,"href":"https:\/\/www.moskito.cz\/pl\/wp-json\/wp\/v2\/pwb-brand?post=311738"},{"taxonomy":"product_brand","embeddable":true,"href":"https:\/\/www.moskito.cz\/pl\/wp-json\/wp\/v2\/product_brand?post=311738"},{"taxonomy":"product_cat","embeddable":true,"href":"https:\/\/www.moskito.cz\/pl\/wp-json\/wp\/v2\/product_cat?post=311738"},{"taxonomy":"product_tag","embeddable":true,"href":"https:\/\/www.moskito.cz\/pl\/wp-json\/wp\/v2\/product_tag?post=311738"}],"curies":[{"name":"wp","href":"https:\/\/api.w.org\/{rel}","templated":true}]}}