{"id":311867,"date":"2022-09-29T21:37:54","date_gmt":"2024-02-06T19:45:52","guid":{"rendered":"https:\/\/www.moskito.cz\/produkt\/noz-strzelecki-microtech-hera-d-e-violet-handle-702-1vi\/"},"modified":"2025-05-07T11:02:06","modified_gmt":"2025-05-07T10:02:06","slug":"noz-strzelecki-microtech-hera-d-e-violet-handle-702-1vi","status":"publish","type":"product","link":"https:\/\/www.moskito.cz\/pl\/produkt\/noz-strzelecki-microtech-hera-d-e-violet-handle-702-1vi\/","title":{"rendered":"N\u00f3\u017c strzelecki Microtech Hera D\/E Violet Handle 702-1VI"},"content":{"rendered":"<p>N\u00f3\u017c strzelecki <strong>Microtech<\/strong> Hera D\/E Violet Handle 702-1VI<\/p>\n<p>Microtech Hera D\/E Fioletowy uchwyt, czarne standardowe ostrze 702-1VI<\/p>\n<p>No\u017ce Hera firmy Microtech to niesamowity n\u00f3\u017c OTF o podw\u00f3jnym dzia\u0142aniu. Charakteryzuje si\u0119 symetrycznym kszta\u0142tem uchwytu i doskona\u0142\u0105 ergonomi\u0105. Obrobione maszynowo teksturowane obszary z fragmentarycznym wzorem na ko\u0144cach obu stron ramy zwi\u0119kszaj\u0105 przyczepno\u015b\u0107 i dodaj\u0105 czego\u015b fajnego do og\u00f3lnego stylu. N\u00f3\u017c ten jest stylowy i ma idealny rozmiar do codziennego noszenia. P\u0142ynna i mocna akcja. Du\u017ca, frezowana klamra kulkowa i podw\u00f3jne ostrza uzupe\u0142niaj\u0105 ten pakiet i wyr\u00f3\u017cniaj\u0105 go na zat\u0142oczonym polu ofert OTF!<\/p>\n<p>Model ten posiada r\u0119koje\u015b\u0107 z anodyzowanego na fioletowo aluminium 6061-T6 z logo Claw na przodzie. Ostrze sztyletu ze stali nierdzewnej M390 z czarn\u0105 ko\u0144c\u00f3wk\u0105, obosieczne. Okucia wyko\u0144czone na czarno i frezowana klamra kulkowa. Z ty\u0142u r\u0119koje\u015bci znajduje si\u0119 informacja o modelu, numerze seryjnym i dacie produkcji.<\/p>\n<p>Dane techniczne<br \/>\nD\u0142ugo\u015b\u0107 ostrza: 8 cm<br \/>\nD\u0142ugo\u015b\u0107 ca\u0142kowita: 19 cm<br \/>\nMateria\u0142 ostrza: M390 &#8211; Nale\u017cy pami\u0119ta\u0107, \u017ce nie mo\u017cna okre\u015bli\u0107 ostrza stalowego, poniewa\u017c mo\u017ce si\u0119 r\u00f3\u017cni\u0107 w zale\u017cno\u015bci od dost\u0119pno\u015bci (informacje od Microtech)<br \/>\nStyl ostrza: sztylet o podw\u00f3jnym ostrzu<br \/>\nSzlif ostrza: p\u0142aski<br \/>\nObr\u00f3bka powierzchni ostrza: Stonewash<br \/>\nMateria\u0142 r\u0119koje\u015bci: aluminium lotnicze anodyzowane na czarno<br \/>\nMechanizm blokuj\u0105cy: suwak kciukowy<br \/>\nKieszonkowy klips: tytanowy (sk\u0142adany, prawy)<br \/>\nProjektanci: Tony i Sean Marfione<br \/>\nWykonane w USA<\/p>\n<p><iframe title=\"Microtech Combat Troodon Torture Test\" width=\"800\" height=\"450\" src=\"https:\/\/www.youtube.com\/embed\/xE9TeOFYEjg?feature=oembed\" frameborder=\"0\" allow=\"accelerometer; autoplay; clipboard-write; encrypted-media; gyroscope; picture-in-picture; web-share\" allowfullscreen><\/iframe><\/p>\n<p>&nbsp;<\/p>\n","protected":false},"excerpt":{"rendered":"<p>Przez lata <strong>Microtech\u00ae<\/strong> Knives wype\u0142nia\u0142 no\u017ce pasj\u0105 i umiej\u0119tno\u015bciami, aby tworzy\u0107 niemal dzie\u0142a sztuki, kt\u00f3re s\u0105 szczytem funkcjonalno\u015bci.Wszystkie cz\u0119\u015bci s\u0105 produkowane w USA.<br \/>\n<strong>Wszystkie no\u017ce Microtech obj\u0119te s\u0105 do\u017cywotni\u0105 gwarancj\u0105 (min. 80 000 cykli, otwieranie i zamykanie)<\/strong><\/p>\n<p><strong>Bezp\u0142atny transport.<\/strong><\/p>\n","protected":false},"featured_media":311869,"comment_status":"open","ping_status":"closed","template":"","meta":[],"pwb-brand":[3279],"product_brand":[],"product_cat":[3296,3344],"product_tag":[3671],"class_list":{"0":"post-311867","1":"product","2":"type-product","3":"status-publish","4":"has-post-thumbnail","6":"pwb-brand-microtech-pl","7":"product_cat-noze-pl","8":"product_cat-noze-strzeleckie","9":"product_tag-b2b-pl","11":"first","12":"instock","13":"taxable","14":"shipping-taxable","15":"purchasable","16":"product-type-simple"},"brands":[{"id":3279,"name":"Microtech","slug":"microtech-pl"}],"_links":{"self":[{"href":"https:\/\/www.moskito.cz\/pl\/wp-json\/wp\/v2\/product\/311867","targetHints":{"allow":["GET"]}}],"collection":[{"href":"https:\/\/www.moskito.cz\/pl\/wp-json\/wp\/v2\/product"}],"about":[{"href":"https:\/\/www.moskito.cz\/pl\/wp-json\/wp\/v2\/types\/product"}],"replies":[{"embeddable":true,"href":"https:\/\/www.moskito.cz\/pl\/wp-json\/wp\/v2\/comments?post=311867"}],"wp:featuredmedia":[{"embeddable":true,"href":"https:\/\/www.moskito.cz\/pl\/wp-json\/wp\/v2\/media\/311869"}],"wp:attachment":[{"href":"https:\/\/www.moskito.cz\/pl\/wp-json\/wp\/v2\/media?parent=311867"}],"wp:term":[{"taxonomy":"pwb-brand","embeddable":true,"href":"https:\/\/www.moskito.cz\/pl\/wp-json\/wp\/v2\/pwb-brand?post=311867"},{"taxonomy":"product_brand","embeddable":true,"href":"https:\/\/www.moskito.cz\/pl\/wp-json\/wp\/v2\/product_brand?post=311867"},{"taxonomy":"product_cat","embeddable":true,"href":"https:\/\/www.moskito.cz\/pl\/wp-json\/wp\/v2\/product_cat?post=311867"},{"taxonomy":"product_tag","embeddable":true,"href":"https:\/\/www.moskito.cz\/pl\/wp-json\/wp\/v2\/product_tag?post=311867"}],"curies":[{"name":"wp","href":"https:\/\/api.w.org\/{rel}","templated":true}]}}