{"id":311885,"date":"2022-09-29T20:03:09","date_gmt":"2024-02-06T19:45:54","guid":{"rendered":"https:\/\/www.moskito.cz\/produkt\/noz-strzelecki-microtech-combat-troodon-signature-series-142-3frocs\/"},"modified":"2025-05-07T11:02:07","modified_gmt":"2025-05-07T10:02:07","slug":"noz-strzelecki-microtech-combat-troodon-signature-series-142-3frocs","status":"publish","type":"product","link":"https:\/\/www.moskito.cz\/pl\/produkt\/noz-strzelecki-microtech-combat-troodon-signature-series-142-3frocs\/","title":{"rendered":"N\u00f3\u017c strzelecki Microtech Combat Troodon Signature Series 142-3FROCS"},"content":{"rendered":"<p>N\u00f3\u017c strzelecki <strong>Microtech<\/strong> Combat Troodon Signature Series 142-3FROCS.<\/p>\n<p><strong>Microtech Combat Troodon<\/strong> D\/E Frag Olive Camo Pe\u0142na z\u0105bkowana smycz do granat\u00f3w Koralik Signature Series 142-3FROCS<\/p>\n<p>Najwi\u0119ksza produkcja no\u017cy Microtech N\u00f3\u017c OTF nosi imi\u0119 dinozaura Troodon. Combat Troodon to naprawd\u0119 du\u017ca wersja popularnego Troodona. Pomimo swoich rozmiar\u00f3w r\u0119koje\u015b\u0107 jest smuk\u0142a i wygodna. Akcja jest oczywi\u015bcie doskona\u0142a Microtech, jak mo\u017cna si\u0119 spodziewa\u0107. Du\u017cy i z\u0142y!<\/p>\n<p>Ten sygnowany model z limitowanej edycji ma r\u0119koje\u015b\u0107 z anodyzowanego aluminium z wyko\u0144czeniem Cerakote w kolorze oliwkowym. Ostrze ze stali nierdzewnej M390 w kamufla\u017cu oliwkowym z podw\u00f3jn\u0105 kraw\u0119dzi\u0105 Cerakote z pe\u0142nym z\u0105bkowaniem po jednej stronie. Czarny design, dwustronny klips do kieszeni i zbijak do szyb. Klips kieszonkowy jest oznaczony numerem seryjnym, dat\u0105 produkcji, logo Claw i logo serii sygnowanej. Ta wersja zawiera czarn\u0105 smycz z paracordu i pasuj\u0105ce koraliki Cerakote.<\/p>\n<p>D\u0142ugo\u015b\u0107 ostrza: 9,5 cm<br \/>\nGrubo\u015b\u0107 ostrza: 0,33 cm<br \/>\nMateria\u0142 ostrza: M390<br \/>\nStyl ostrza: Drop Point<br \/>\nWstawki: p\u0142askie<br \/>\nD\u0142ugo\u015b\u0107 r\u0105czki: 13,3 cm<br \/>\nGrubo\u015b\u0107 r\u0105czki: 1,4 cm<br \/>\nMateria\u0142 r\u0119koje\u015bci: aluminium<br \/>\nWaga: 5,45 uncji<br \/>\nU\u017cytkownik: Prawa r\u0119ka<br \/>\nKlips kieszonkowy: sk\u0142adany w d\u00f3\u0142<br \/>\nTyp no\u017ca: Automatyczny<br \/>\nOtwieracz: kciuk<br \/>\nMarka: Microtech<br \/>\nModel: Troodon bojowy<br \/>\nKraj pochodzenia: USA<\/p>\n<p><iframe title=\"Microtech Combat Troodon Torture Test\" width=\"800\" height=\"450\" src=\"https:\/\/www.youtube.com\/embed\/xE9TeOFYEjg?feature=oembed\" frameborder=\"0\" allow=\"accelerometer; autoplay; clipboard-write; encrypted-media; gyroscope; picture-in-picture; web-share\" allowfullscreen><\/iframe><\/p>\n<p>&nbsp;<\/p>\n","protected":false},"excerpt":{"rendered":"<p>Przez lata <strong>Microtech\u00ae<\/strong> Knives wype\u0142nia\u0142 no\u017ce pasj\u0105 i umiej\u0119tno\u015bciami, aby tworzy\u0107 niemal dzie\u0142a sztuki, kt\u00f3re s\u0105 szczytem funkcjonalno\u015bci.Wszystkie cz\u0119\u015bci s\u0105 produkowane w USA.<br \/>\n<strong>Wszystkie no\u017ce Microtech obj\u0119te s\u0105 do\u017cywotni\u0105 gwarancj\u0105.<\/strong><\/p>\n<p><strong>Bezp\u0142atny transport.<\/strong><\/p>\n","protected":false},"featured_media":311889,"comment_status":"open","ping_status":"closed","template":"","meta":[],"pwb-brand":[3279],"product_brand":[],"product_cat":[3296,3344],"product_tag":[3671],"class_list":{"0":"post-311885","1":"product","2":"type-product","3":"status-publish","4":"has-post-thumbnail","6":"pwb-brand-microtech-pl","7":"product_cat-noze-pl","8":"product_cat-noze-strzeleckie","9":"product_tag-b2b-pl","11":"first","12":"instock","13":"taxable","14":"shipping-taxable","15":"purchasable","16":"product-type-simple"},"brands":[{"id":3279,"name":"Microtech","slug":"microtech-pl"}],"_links":{"self":[{"href":"https:\/\/www.moskito.cz\/pl\/wp-json\/wp\/v2\/product\/311885","targetHints":{"allow":["GET"]}}],"collection":[{"href":"https:\/\/www.moskito.cz\/pl\/wp-json\/wp\/v2\/product"}],"about":[{"href":"https:\/\/www.moskito.cz\/pl\/wp-json\/wp\/v2\/types\/product"}],"replies":[{"embeddable":true,"href":"https:\/\/www.moskito.cz\/pl\/wp-json\/wp\/v2\/comments?post=311885"}],"wp:featuredmedia":[{"embeddable":true,"href":"https:\/\/www.moskito.cz\/pl\/wp-json\/wp\/v2\/media\/311889"}],"wp:attachment":[{"href":"https:\/\/www.moskito.cz\/pl\/wp-json\/wp\/v2\/media?parent=311885"}],"wp:term":[{"taxonomy":"pwb-brand","embeddable":true,"href":"https:\/\/www.moskito.cz\/pl\/wp-json\/wp\/v2\/pwb-brand?post=311885"},{"taxonomy":"product_brand","embeddable":true,"href":"https:\/\/www.moskito.cz\/pl\/wp-json\/wp\/v2\/product_brand?post=311885"},{"taxonomy":"product_cat","embeddable":true,"href":"https:\/\/www.moskito.cz\/pl\/wp-json\/wp\/v2\/product_cat?post=311885"},{"taxonomy":"product_tag","embeddable":true,"href":"https:\/\/www.moskito.cz\/pl\/wp-json\/wp\/v2\/product_tag?post=311885"}],"curies":[{"name":"wp","href":"https:\/\/api.w.org\/{rel}","templated":true}]}}