{"id":311935,"date":"2022-08-19T14:22:56","date_gmt":"2024-02-06T19:51:19","guid":{"rendered":"https:\/\/www.moskito.cz\/produkt\/noz-strzelecki-microtech-ultratech-satin-blade-120-4bl\/"},"modified":"2025-05-07T11:02:08","modified_gmt":"2025-05-07T10:02:08","slug":"noz-strzelecki-microtech-ultratech-satin-blade-120-4bl","status":"publish","type":"product","link":"https:\/\/www.moskito.cz\/pl\/produkt\/noz-strzelecki-microtech-ultratech-satin-blade-120-4bl\/","title":{"rendered":"N\u00f3\u017c strzelecki Microtech Ultratech Satin Blade 120-4BL"},"content":{"rendered":"<p>N\u00f3\u017c strzelecki <strong>Microtech<\/strong> Ultratech Satin Blade 120-4BL.<\/p>\n<p>Popularny Ultratech firmy Microtech to przedni automatyczny n\u00f3\u017c, kt\u00f3ry oferuje podw\u00f3jn\u0105 moc i pr\u0119dko\u015b\u0107 dzi\u0119ki suwakowi umieszczonemu po prawej stronie no\u017ca. Out-the-front dzia\u0142ania na tych Ultratechs s\u0105 wyj\u0105tkowe pod wzgl\u0119dem jako\u015bci i designu. Uwa\u017camy, \u017ce seria Ultratech reprezentuje to, co najlepsze w OTF.<\/p>\n<p>Ten Ultratech posiada ostrze typu bagnetowego z podw\u00f3jn\u0105 kraw\u0119dzi\u0105 &#8211; g\u00f3rna kraw\u0119d\u017a stanowi oko\u0142o 2\/3 d\u0142ugo\u015bci ostrza. Satynowe ostrze wykonane jest ze stali nierdzewnej ELMAX. R\u0119koje\u015b\u0107 z anodyzowanego na niebiesko aluminium 6061-T6 posiada klips do kieszeni, st\u0142uczenie szk\u0142a i okucia ze stali nierdzewnej. Model ten posiada wypuk\u0142e, tr\u00f3jskrzyd\u0142owe \u015bruby na r\u0119koje\u015bci.<\/p>\n<p>D\u0142ugo\u015b\u0107 ca\u0142kowita: 20,92 cm<br \/>\nD\u0142ugo\u015b\u0107 ostrza: 8,42 cm<br \/>\nKraw\u0119d\u017a tn\u0105ca: 7,8 cm<br \/>\nGrubo\u015b\u0107 ostrza: 0,32 cm<br \/>\nStyl ostrza: bagnet<br \/>\nWstawki: p\u0142askie<br \/>\nTyp obramowania: Zwyk\u0142y<br \/>\nD\u0142ugo\u015b\u0107 r\u0105czki: 12,5 cm<br \/>\nGrubo\u015b\u0107 r\u0105czki: 1,17 cm<br \/>\nMateria\u0142 r\u0119koje\u015bci: aluminium<br \/>\nWaga: 3,37 uncji<br \/>\nU\u017cytkownik: Prawa r\u0119ka<br \/>\nKlips kieszonkowy: sk\u0142adany w d\u00f3\u0142<br \/>\nTyp no\u017ca: Automatyczny OTF Double Action<br \/>\nOtwieracz: kciuk<br \/>\nMarka: Microtech<br \/>\nModel: Ultratech<br \/>\nKraj pochodzenia: USA<br \/>\nNajlepsze zastosowanie: codziennie<\/p>\n<p><iframe title=\"Microtech Combat Troodon Torture Test\" width=\"800\" height=\"450\" src=\"https:\/\/www.youtube.com\/embed\/xE9TeOFYEjg?feature=oembed\" frameborder=\"0\" allow=\"accelerometer; autoplay; clipboard-write; encrypted-media; gyroscope; picture-in-picture; web-share\" allowfullscreen><\/iframe><\/p>\n<p>&nbsp;<\/p>\n<p>&nbsp;<\/p>\n","protected":false},"excerpt":{"rendered":"<p>Przez lata <strong>Microtech\u00ae Knives<\/strong> wype\u0142nia\u0142 no\u017ce pasj\u0105 i umiej\u0119tno\u015bciami, aby stworzy\u0107 niemal dzie\u0142a sztuki, kt\u00f3re s\u0105 szczytem funkcjonalno\u015bci.Wszystkie cz\u0119\u015bci s\u0105 produkowane w USA.<br \/>\n<strong>Wszystkie no\u017ce Microtech obj\u0119te s\u0105 do\u017cywotni\u0105 gwarancj\u0105.<\/strong><\/p>\n","protected":false},"featured_media":311936,"comment_status":"open","ping_status":"closed","template":"","meta":[],"pwb-brand":[3279],"product_brand":[],"product_cat":[3296,3344],"product_tag":[3671],"class_list":{"0":"post-311935","1":"product","2":"type-product","3":"status-publish","4":"has-post-thumbnail","6":"pwb-brand-microtech-pl","7":"product_cat-noze-pl","8":"product_cat-noze-strzeleckie","9":"product_tag-b2b-pl","11":"first","12":"instock","13":"taxable","14":"shipping-taxable","15":"purchasable","16":"product-type-simple"},"brands":[{"id":3279,"name":"Microtech","slug":"microtech-pl"}],"_links":{"self":[{"href":"https:\/\/www.moskito.cz\/pl\/wp-json\/wp\/v2\/product\/311935","targetHints":{"allow":["GET"]}}],"collection":[{"href":"https:\/\/www.moskito.cz\/pl\/wp-json\/wp\/v2\/product"}],"about":[{"href":"https:\/\/www.moskito.cz\/pl\/wp-json\/wp\/v2\/types\/product"}],"replies":[{"embeddable":true,"href":"https:\/\/www.moskito.cz\/pl\/wp-json\/wp\/v2\/comments?post=311935"}],"wp:featuredmedia":[{"embeddable":true,"href":"https:\/\/www.moskito.cz\/pl\/wp-json\/wp\/v2\/media\/311936"}],"wp:attachment":[{"href":"https:\/\/www.moskito.cz\/pl\/wp-json\/wp\/v2\/media?parent=311935"}],"wp:term":[{"taxonomy":"pwb-brand","embeddable":true,"href":"https:\/\/www.moskito.cz\/pl\/wp-json\/wp\/v2\/pwb-brand?post=311935"},{"taxonomy":"product_brand","embeddable":true,"href":"https:\/\/www.moskito.cz\/pl\/wp-json\/wp\/v2\/product_brand?post=311935"},{"taxonomy":"product_cat","embeddable":true,"href":"https:\/\/www.moskito.cz\/pl\/wp-json\/wp\/v2\/product_cat?post=311935"},{"taxonomy":"product_tag","embeddable":true,"href":"https:\/\/www.moskito.cz\/pl\/wp-json\/wp\/v2\/product_tag?post=311935"}],"curies":[{"name":"wp","href":"https:\/\/api.w.org\/{rel}","templated":true}]}}