{"id":311947,"date":"2022-05-23T20:37:13","date_gmt":"2024-02-06T19:53:17","guid":{"rendered":"https:\/\/www.moskito.cz\/produkt\/noz-strzelecki-microtech-utx-85-satin-233-4rd\/"},"modified":"2025-05-07T11:02:08","modified_gmt":"2025-05-07T10:02:08","slug":"noz-strzelecki-microtech-utx-85-satin-233-4rd","status":"publish","type":"product","link":"https:\/\/www.moskito.cz\/pl\/produkt\/noz-strzelecki-microtech-utx-85-satin-233-4rd\/","title":{"rendered":"N\u00f3\u017c strzelecki Microtech UTX-85 Satin 233-4RD"},"content":{"rendered":"<p>N\u00f3\u017c strzelecki <strong>Microtech<\/strong> UTX-85 Satin 233-4RD<\/p>\n<p>Ostrze CTS-204P Microtech UTX-85 to \u015bredniej wielko\u015bci n\u00f3\u017c w ofercie Ultratech. Model ten zosta\u0142 przeprojektowany z now\u0105, g\u0142adk\u0105 obudow\u0105 zapewniaj\u0105c\u0105 maksymaln\u0105 przyczepno\u015b\u0107 i u\u017cyteczno\u015b\u0107, z plamami tekstury wzd\u0142u\u017c kr\u0119gos\u0142upa we wszystkich w\u0142a\u015bciwych miejscach, aby zapewni\u0107 maksymaln\u0105 przyczepno\u015b\u0107, gdy jej potrzebujesz. Te nowe no\u017ce Microtech s\u0105 r\u00f3wnie\u017c wyposa\u017cone w nowy wy\u0142\u0105cznik zap\u0142onu i sprawdzony w boju t\u0142uczek do szk\u0142a z w\u0119glika wolframu. Microtech UTX-85 oferuje t\u0119 sam\u0105 doskona\u0142\u0105 wydajno\u015b\u0107 co Ultratech, ale zosta\u0142 zmniejszony o 85% dla tych, kt\u00f3rzy wol\u0105 mniejszy, bardziej ukryty n\u00f3\u017c. Jest to doskona\u0142y wyb\u00f3r dla u\u017cytkownik\u00f3w poszukuj\u0105cych l\u017cejszego, mniejszego OTF o podw\u00f3jnym dzia\u0142aniu, zapewniaj\u0105cego tak\u0105 sam\u0105 doskona\u0142\u0105 wydajno\u015b\u0107 jak pe\u0142nowymiarowy.<\/p>\n<p>D\u0142ugo\u015b\u0107 ca\u0142kowita: 18,75 cm<br \/>\nD\u0142ugo\u015b\u0107 ostrza: 7,81 cm<br \/>\nKraw\u0119d\u017a tn\u0105ca: 7,17 cm<br \/>\nGrubo\u015b\u0107 ostrza: 0,32 cm<br \/>\nMateria\u0142 ostrza: Bohler M390<br \/>\nWstawki: p\u0142askie<br \/>\nWyko\u0144czenie: satyna<br \/>\nTyp obramowania: Zwyk\u0142y<br \/>\nD\u0142ugo\u015b\u0107 r\u0105czki: 10,92 cm<br \/>\nGrubo\u015b\u0107 r\u0105czki: 1,17 cm<br \/>\nMateria\u0142 r\u0119koje\u015bci: aluminium<br \/>\nWaga: 3,06 uncji<br \/>\nU\u017cytkownik: Prawa r\u0119ka<br \/>\nKlips kieszonkowy: sk\u0142adany w d\u00f3\u0142<br \/>\nTyp no\u017ca: Automatyczny OTF Double Action<br \/>\nOtwieracz: kciuk<br \/>\nMarka: Microtech<br \/>\nModel: UTX-85<br \/>\nKraj pochodzenia: USA<\/p>\n<p><iframe title=\"Microtech Combat Troodon Torture Test\" width=\"800\" height=\"450\" src=\"https:\/\/www.youtube.com\/embed\/xE9TeOFYEjg?feature=oembed\" frameborder=\"0\" allow=\"accelerometer; autoplay; clipboard-write; encrypted-media; gyroscope; picture-in-picture; web-share\" allowfullscreen><\/iframe><\/p>\n<p>&nbsp;<\/p>\n","protected":false},"excerpt":{"rendered":"<p>Przez lata <strong>Microtech\u00ae Knives<\/strong> wype\u0142nia\u0142 no\u017ce pasj\u0105 i umiej\u0119tno\u015bciami, aby stworzy\u0107 niemal dzie\u0142a sztuki, kt\u00f3re s\u0105 szczytem funkcjonalno\u015bci.Wszystkie cz\u0119\u015bci s\u0105 produkowane w USA.<br \/>\n<strong>Wszystkie no\u017ce Microtech obj\u0119te s\u0105 do\u017cywotni\u0105 gwarancj\u0105.<\/strong><\/p>\n<p><strong>Bezp\u0142atny transport.<\/strong><\/p>\n","protected":false},"featured_media":311948,"comment_status":"open","ping_status":"closed","template":"","meta":[],"pwb-brand":[3279],"product_brand":[],"product_cat":[3296,3344],"product_tag":[3671],"class_list":{"0":"post-311947","1":"product","2":"type-product","3":"status-publish","4":"has-post-thumbnail","6":"pwb-brand-microtech-pl","7":"product_cat-noze-pl","8":"product_cat-noze-strzeleckie","9":"product_tag-b2b-pl","11":"first","12":"outofstock","13":"taxable","14":"shipping-taxable","15":"purchasable","16":"product-type-simple"},"brands":[{"id":3279,"name":"Microtech","slug":"microtech-pl"}],"_links":{"self":[{"href":"https:\/\/www.moskito.cz\/pl\/wp-json\/wp\/v2\/product\/311947","targetHints":{"allow":["GET"]}}],"collection":[{"href":"https:\/\/www.moskito.cz\/pl\/wp-json\/wp\/v2\/product"}],"about":[{"href":"https:\/\/www.moskito.cz\/pl\/wp-json\/wp\/v2\/types\/product"}],"replies":[{"embeddable":true,"href":"https:\/\/www.moskito.cz\/pl\/wp-json\/wp\/v2\/comments?post=311947"}],"wp:featuredmedia":[{"embeddable":true,"href":"https:\/\/www.moskito.cz\/pl\/wp-json\/wp\/v2\/media\/311948"}],"wp:attachment":[{"href":"https:\/\/www.moskito.cz\/pl\/wp-json\/wp\/v2\/media?parent=311947"}],"wp:term":[{"taxonomy":"pwb-brand","embeddable":true,"href":"https:\/\/www.moskito.cz\/pl\/wp-json\/wp\/v2\/pwb-brand?post=311947"},{"taxonomy":"product_brand","embeddable":true,"href":"https:\/\/www.moskito.cz\/pl\/wp-json\/wp\/v2\/product_brand?post=311947"},{"taxonomy":"product_cat","embeddable":true,"href":"https:\/\/www.moskito.cz\/pl\/wp-json\/wp\/v2\/product_cat?post=311947"},{"taxonomy":"product_tag","embeddable":true,"href":"https:\/\/www.moskito.cz\/pl\/wp-json\/wp\/v2\/product_tag?post=311947"}],"curies":[{"name":"wp","href":"https:\/\/api.w.org\/{rel}","templated":true}]}}