{"id":311964,"date":"2022-06-08T20:43:32","date_gmt":"2024-02-06T19:53:55","guid":{"rendered":"https:\/\/www.moskito.cz\/produkt\/noz-strzelecki-microtech-dirac-stonewashed-225-12\/"},"modified":"2025-05-07T11:02:10","modified_gmt":"2025-05-07T10:02:10","slug":"noz-strzelecki-microtech-dirac-stonewashed-225-12","status":"publish","type":"product","link":"https:\/\/www.moskito.cz\/pl\/produkt\/noz-strzelecki-microtech-dirac-stonewashed-225-12\/","title":{"rendered":"N\u00f3\u017c strzelecki Microtech Dirac Stonewashed 225-12"},"content":{"rendered":"<p>N\u00f3\u017c strzelecki <strong>Microtech<\/strong> Dirac Stonewashed 225-12.<\/p>\n<p>Dirac to pierwszy n\u00f3\u017c podw\u00f3jnego dzia\u0142ania firmy Microtech z suwakiem strzelaj\u0105cym z os\u0142ony. Niezwykle ergonomiczne podwozie ma zakrzywione linie przypominaj\u0105ce HALO, co zapewnia nieco inne wyczucie w por\u00f3wnaniu z innymi uchwytami. Zbadali ten konkretny projekt OTF i wykorzystali charakterystyczne cechy mikrotechnologii o ultra wysokiej tolerancji, takie jak opatentowany sprz\u0119t, innowacyjny mechanizm wewn\u0119trzny i zbijak do szk\u0142a. Dzi\u0119ki ca\u0142kowitej d\u0142ugo\u015bci 7,25 cala Dirac idealnie nadaje si\u0119 na n\u00f3\u017c do codziennego u\u017cytku.<\/p>\n<p>D\u0142ugo\u015b\u0107 ostrza: 7,3<br \/>\nD\u0142ugo\u015b\u0107 ca\u0142kowita: 18 cm<br \/>\n<strong>Nale\u017cy pami\u0119ta\u0107, \u017ce nie mo\u017cna okre\u015bli\u0107 stali ostrza, poniewa\u017c mo\u017ce si\u0119 ona r\u00f3\u017cni\u0107 w zale\u017cno\u015bci od dost\u0119pno\u015bci (informacje od Microtech)<\/strong><br \/>\nStyl ostrza: sztylet obosieczny, g\u0142adki i z\u0105bkowany<br \/>\nSzlif ostrza: p\u0142aski<br \/>\nObr\u00f3bka powierzchni ostrza: Stonewash<br \/>\nMateria\u0142 r\u0119koje\u015bci: aluminium 6061-T6, twarda, anodowana na czarno pow\u0142oka Mil-Spec<br \/>\nGrubo\u015b\u0107 r\u0119koje\u015bci: 0,42&#8243;<br \/>\nMechanizm blokuj\u0105cy: Zasuwa pokrywy<br \/>\nKieszonkowy klips: stal nierdzewna 301 (sk\u0142adany)<br \/>\nWaga: 2,2 uncji<br \/>\nProjektant: Tony Marfione<br \/>\nWykonane w USA<\/p>\n<p><iframe title=\"Microtech Combat Troodon Torture Test\" width=\"800\" height=\"450\" src=\"https:\/\/www.youtube.com\/embed\/xE9TeOFYEjg?feature=oembed\" frameborder=\"0\" allow=\"accelerometer; autoplay; clipboard-write; encrypted-media; gyroscope; picture-in-picture; web-share\" allowfullscreen><\/iframe><\/p>\n<p>&nbsp;<\/p>\n<p>&nbsp;<\/p>\n","protected":false},"excerpt":{"rendered":"<p>Przez lata <strong>firma Microtech\u00ae Knives<\/strong> wype\u0142nia\u0142a no\u017ce pasj\u0105 i umiej\u0119tno\u015bciami, aby tworzy\u0107 niemal dzie\u0142a sztuki, kt\u00f3re s\u0105 szczytem funkcjonalno\u015bci. Wszystkie cz\u0119\u015bci wyprodukowano w USA.<br \/>\n<strong>Wszystkie no\u017ce Microtech obj\u0119te s\u0105 do\u017cywotni\u0105 gwarancj\u0105.<\/strong><\/p>\n<p><strong>Bezp\u0142atny transport.<\/strong><\/p>\n","protected":false},"featured_media":311981,"comment_status":"open","ping_status":"closed","template":"","meta":[],"pwb-brand":[3279],"product_brand":[],"product_cat":[3296,3344],"product_tag":[3671],"class_list":{"0":"post-311964","1":"product","2":"type-product","3":"status-publish","4":"has-post-thumbnail","6":"pwb-brand-microtech-pl","7":"product_cat-noze-pl","8":"product_cat-noze-strzeleckie","9":"product_tag-b2b-pl","11":"first","12":"instock","13":"taxable","14":"shipping-taxable","15":"purchasable","16":"product-type-simple"},"brands":[{"id":3279,"name":"Microtech","slug":"microtech-pl"}],"_links":{"self":[{"href":"https:\/\/www.moskito.cz\/pl\/wp-json\/wp\/v2\/product\/311964","targetHints":{"allow":["GET"]}}],"collection":[{"href":"https:\/\/www.moskito.cz\/pl\/wp-json\/wp\/v2\/product"}],"about":[{"href":"https:\/\/www.moskito.cz\/pl\/wp-json\/wp\/v2\/types\/product"}],"replies":[{"embeddable":true,"href":"https:\/\/www.moskito.cz\/pl\/wp-json\/wp\/v2\/comments?post=311964"}],"wp:featuredmedia":[{"embeddable":true,"href":"https:\/\/www.moskito.cz\/pl\/wp-json\/wp\/v2\/media\/311981"}],"wp:attachment":[{"href":"https:\/\/www.moskito.cz\/pl\/wp-json\/wp\/v2\/media?parent=311964"}],"wp:term":[{"taxonomy":"pwb-brand","embeddable":true,"href":"https:\/\/www.moskito.cz\/pl\/wp-json\/wp\/v2\/pwb-brand?post=311964"},{"taxonomy":"product_brand","embeddable":true,"href":"https:\/\/www.moskito.cz\/pl\/wp-json\/wp\/v2\/product_brand?post=311964"},{"taxonomy":"product_cat","embeddable":true,"href":"https:\/\/www.moskito.cz\/pl\/wp-json\/wp\/v2\/product_cat?post=311964"},{"taxonomy":"product_tag","embeddable":true,"href":"https:\/\/www.moskito.cz\/pl\/wp-json\/wp\/v2\/product_tag?post=311964"}],"curies":[{"name":"wp","href":"https:\/\/api.w.org\/{rel}","templated":true}]}}