{"id":312008,"date":"2022-07-13T10:18:11","date_gmt":"2024-02-06T19:54:11","guid":{"rendered":"https:\/\/www.moskito.cz\/produkt\/noz-strzelecki-microtech-signature-series-ultratech-ii-120ii-1ods\/"},"modified":"2025-05-07T11:02:10","modified_gmt":"2025-05-07T10:02:10","slug":"noz-strzelecki-microtech-signature-series-ultratech-ii-120ii-1ods","status":"publish","type":"product","link":"https:\/\/www.moskito.cz\/pl\/produkt\/noz-strzelecki-microtech-signature-series-ultratech-ii-120ii-1ods\/","title":{"rendered":"N\u00f3\u017c strzelecki Microtech Signature Series Ultratech II 120II-1ODS"},"content":{"rendered":"<p>N\u00f3\u017c strzelecki <strong>Microtech<\/strong> Signature Series Ultratech II 120II-1ODS<\/p>\n<p>Przez lata firma Microtech\u00ae Knives wk\u0142ada\u0142a pasj\u0119 i umiej\u0119tno\u015bci w tworzenie dzie\u0142 sztuki, kt\u00f3re s\u0105 na szczycie funkcjonalno\u015bci i formy. Nadal przesuwamy granice i ulepszamy to, co ju\u017c wiemy, \u017ce dzia\u0142a.<\/p>\n<p>Microtech Knives wyros\u0142o na wiod\u0105c\u0105 mark\u0119, kt\u00f3ra stale si\u0119 rozwija i idzie do przodu, korzystaj\u0105c z najnowszych technologii, staro\u017cytnych zasad ostrzy i maksymalnych test\u00f3w w terenie, aby zapewni\u0107 dostarczanie najlepszego mo\u017cliwego produktu.<\/p>\n<p>R\u0119koje\u015b\u0107: Twarda, anodowana r\u0119koje\u015b\u0107 z aluminium 6061-T6 ma \u015bci\u0119te kraw\u0119dzie dla wygody, w po\u0142\u0105czeniu z frezowaniem i rade\u0142kowaniem o du\u017cej przyczepno\u015bci, zapewniaj\u0105cym pewny chwyt nawet w niesprzyjaj\u0105cych warunkach. Niskoprofilowy wygl\u0105d dope\u0142niaj\u0105 taktyczne czarne elementy konstrukcyjne wraz z klipsem i ko\u0144c\u00f3wk\u0105 do t\u0142uczenia szk\u0142a. Na klipsie widnieje data produkcji oraz numer seryjny.<\/p>\n<p>Nosi si\u0119 go za pomoc\u0105 odpowiedniego klipsa ze stali nierdzewnej.<\/p>\n<p>Bohler M390: Bohler M390 (analog do CPM-20CV i CTS-204P) to najwy\u017cszej jako\u015bci stal nierdzewna wytwarzana metod\u0105 metalurgii proszk\u00f3w (PM) z du\u017c\u0105 zawarto\u015bci\u0105 w\u0119glik\u00f3w, zapewniaj\u0105c\u0105 doskona\u0142e zachowanie kraw\u0119dzi i odporno\u015b\u0107 na korozj\u0119, a jednocze\u015bnie stosunkowo \u0142atw\u0105 do ostrzenia. Popularny wyb\u00f3r w przypadku no\u017cy produkcyjnych wysokiej klasy i no\u017cy niestandardowych. Stosunkowo du\u017ca ilo\u015b\u0107 w\u0119glika i gruba mikrostruktura nadaj\u0105 tej stali ni\u017csz\u0105 wytrzyma\u0142o\u015b\u0107.<\/p>\n<p>D\u0142ugo\u015b\u0107 ca\u0142kowita: 22 cm<br \/>\nD\u0142ugo\u015b\u0107 ostrza: 8,6 cm<br \/>\nMateria\u0142 ostrza: Bohler M390<br \/>\nWstawki: p\u0142askie<br \/>\nMateria\u0142 r\u0119koje\u015bci: aluminium<br \/>\nWaga: 3,60 uncji<br \/>\nU\u017cytkownik: Prawa r\u0119ka<br \/>\nKlips kieszonkowy: sk\u0142adany w d\u00f3\u0142<br \/>\nTyp no\u017ca: Automatyczny OTF Double Action<br \/>\nOtwieracz: kciuk<br \/>\nMarka: Microtech<br \/>\nModel: Ultratech<br \/>\nKraj pochodzenia: USA<br \/>\nNajlepsze zastosowanie: codziennie<\/p>\n<p><iframe title=\"Microtech Combat Troodon Torture Test\" width=\"800\" height=\"450\" src=\"https:\/\/www.youtube.com\/embed\/xE9TeOFYEjg?feature=oembed\" frameborder=\"0\" allow=\"accelerometer; autoplay; clipboard-write; encrypted-media; gyroscope; picture-in-picture; web-share\" allowfullscreen><\/iframe><\/p>\n","protected":false},"excerpt":{"rendered":"<div class=\"elementor-element elementor-element-bbb542b elementor-widget elementor-widget-woocommerce-product-short-description\" data-id=\"bbb542b\" data-element_type=\"widget\" data-widget_type=\"woocommerce-product-short-description.default\">\n<div class=\"elementor-widget-container\">\n<div class=\"woocommerce-product-details__short-description\">\n<p>Przez lata <strong>firma Microtech\u00ae Knives<\/strong> wype\u0142nia\u0142a no\u017ce pasj\u0105 i umiej\u0119tno\u015bciami, aby tworzy\u0107 niemal dzie\u0142a sztuki, kt\u00f3re s\u0105 szczytem funkcjonalno\u015bci. Wszystkie cz\u0119\u015bci wyprodukowano w USA.<br \/>\n<strong>Wszystkie no\u017ce Microtech obj\u0119te s\u0105 do\u017cywotni\u0105 gwarancj\u0105.<\/strong><\/p>\n<p><strong>Bezp\u0142atny transport.<\/strong><\/p>\n<\/div>\n<\/div>\n<\/div>\n","protected":false},"featured_media":312021,"comment_status":"open","ping_status":"closed","template":"","meta":[],"pwb-brand":[3279],"product_brand":[],"product_cat":[3296,3344],"product_tag":[3671],"class_list":{"0":"post-312008","1":"product","2":"type-product","3":"status-publish","4":"has-post-thumbnail","6":"pwb-brand-microtech-pl","7":"product_cat-noze-pl","8":"product_cat-noze-strzeleckie","9":"product_tag-b2b-pl","11":"first","12":"instock","13":"taxable","14":"shipping-taxable","15":"purchasable","16":"product-type-simple"},"brands":[{"id":3279,"name":"Microtech","slug":"microtech-pl"}],"_links":{"self":[{"href":"https:\/\/www.moskito.cz\/pl\/wp-json\/wp\/v2\/product\/312008","targetHints":{"allow":["GET"]}}],"collection":[{"href":"https:\/\/www.moskito.cz\/pl\/wp-json\/wp\/v2\/product"}],"about":[{"href":"https:\/\/www.moskito.cz\/pl\/wp-json\/wp\/v2\/types\/product"}],"replies":[{"embeddable":true,"href":"https:\/\/www.moskito.cz\/pl\/wp-json\/wp\/v2\/comments?post=312008"}],"wp:featuredmedia":[{"embeddable":true,"href":"https:\/\/www.moskito.cz\/pl\/wp-json\/wp\/v2\/media\/312021"}],"wp:attachment":[{"href":"https:\/\/www.moskito.cz\/pl\/wp-json\/wp\/v2\/media?parent=312008"}],"wp:term":[{"taxonomy":"pwb-brand","embeddable":true,"href":"https:\/\/www.moskito.cz\/pl\/wp-json\/wp\/v2\/pwb-brand?post=312008"},{"taxonomy":"product_brand","embeddable":true,"href":"https:\/\/www.moskito.cz\/pl\/wp-json\/wp\/v2\/product_brand?post=312008"},{"taxonomy":"product_cat","embeddable":true,"href":"https:\/\/www.moskito.cz\/pl\/wp-json\/wp\/v2\/product_cat?post=312008"},{"taxonomy":"product_tag","embeddable":true,"href":"https:\/\/www.moskito.cz\/pl\/wp-json\/wp\/v2\/product_tag?post=312008"}],"curies":[{"name":"wp","href":"https:\/\/api.w.org\/{rel}","templated":true}]}}