{"id":312009,"date":"2022-07-14T10:35:08","date_gmt":"2024-02-06T19:54:11","guid":{"rendered":"https:\/\/www.moskito.cz\/produkt\/naprawiono-noz-microtech-socom-alpha-114-12\/"},"modified":"2025-05-07T11:02:11","modified_gmt":"2025-05-07T10:02:11","slug":"naprawiono-noz-microtech-socom-alpha-114-12","status":"publish","type":"product","link":"https:\/\/www.moskito.cz\/pl\/produkt\/naprawiono-noz-microtech-socom-alpha-114-12\/","title":{"rendered":"Naprawiono n\u00f3\u017c Microtech Socom Alpha 114-12"},"content":{"rendered":"<p>Naprawiono n\u00f3\u017c <strong>Microtech<\/strong> Socom Alpha 114-12<\/p>\n<p>Socom Alpha to elitarny n\u00f3\u017c sta\u0142y oparty na popularnym no\u017cu sk\u0142adanym Socom. R\u0119koje\u015b\u0107 jest mniej wi\u0119cej tej samej wielko\u015bci, ale solidne ostrze Socom Alpha ma nieco d\u0142u\u017csze ostrze, tworz\u0105c idealnie wywa\u017cony n\u00f3\u017c. Przeznaczona jest dla u\u017cytkownik\u00f3w taktycznych, kolekcjoner\u00f3w oraz ka\u017cdego, kto ceni sobie ostrze najwy\u017cszej jako\u015bci.<\/p>\n<p>Ta konstrukcja na ca\u0142ej powierzchni posiada kraw\u0119dzie wok\u00f3\u0142 r\u0119koje\u015bci, aby zapewni\u0107 najbezpieczniejsze mo\u017cliwe trzymanie tego taktycznego sta\u0142ego ostrza. Frezowane skale G10 maj\u0105 wyprofilowany kszta\u0142t zapewniaj\u0105cy maksymalnie ergonomiczny chwyt i tworz\u0105 idealn\u0105 harmoni\u0119 mi\u0119dzy u\u017cytkownikiem a narz\u0119dziem. Ostrze tanto jest p\u0142askie, ma zaokr\u0105glony grzbiet, przyzwoity brzuch i szorstkie, apokaliptyczne wyko\u0144czenie. Socom Alpha emanuje aur\u0105 u\u017cytkownika najwy\u017cszej klasy jako taktyczne i u\u017cyteczne ostrze sta\u0142e. Jest produkowany z zachowaniem idealnie w\u0105skich tolerancji, wi\u0119c wiesz, \u017ce poradzi sobie ze wszystkim, co na niego rzucisz. W zestawie kabura kydexowa z w\u0142\u00f3kna w\u0119glowego z systemami Blade-Tech MOLLE LOK, zapewniaj\u0105ca wiele opcji noszenia w zale\u017cno\u015bci od konkretnych preferencji.<\/p>\n<p>Dane techniczne<br \/>\nD\u0142ugo\u015b\u0107 ostrza: 14 cm<br \/>\nD\u0142ugo\u015b\u0107 r\u0105czki: 12 cm<br \/>\nD\u0142ugo\u015b\u0107 ca\u0142kowita: 26 cm<\/p>\n<p>Stal: M390<br \/>\nStyl ostrza: Tanto<br \/>\nSzlif ostrza: p\u0142aski<br \/>\nObr\u00f3bka powierzchni ostrza: Stonewash<br \/>\nMateria\u0142 r\u0119koje\u015bci: czarny G10<br \/>\nMateria\u0142 os\u0142ony: Kydex z wyko\u0144czeniem w\u0142\u00f3knem w\u0119glowym<br \/>\nWaga: 8,4 uncji<br \/>\nWaga z etui: 12,6 uncji.<br \/>\nProjektant: Tony Marfione<br \/>\nWykonane w USA<\/p>\n<p><iframe title=\"Microtech Combat Troodon Torture Test\" width=\"800\" height=\"450\" src=\"https:\/\/www.youtube.com\/embed\/xE9TeOFYEjg?feature=oembed\" frameborder=\"0\" allow=\"accelerometer; autoplay; clipboard-write; encrypted-media; gyroscope; picture-in-picture; web-share\" allowfullscreen><\/iframe><\/p>\n<p>&nbsp;<\/p>\n<p>&nbsp;<\/p>\n","protected":false},"excerpt":{"rendered":"<div class=\"elementor-element elementor-element-bbb542b elementor-widget elementor-widget-woocommerce-product-short-description\" data-id=\"bbb542b\" data-element_type=\"widget\" data-widget_type=\"woocommerce-product-short-description.default\">\n<div class=\"elementor-widget-container\">\n<div class=\"woocommerce-product-details__short-description\">\n<div class=\"elementor-element elementor-element-bbb542b elementor-widget elementor-widget-woocommerce-product-short-description\" data-id=\"bbb542b\" data-element_type=\"widget\" data-widget_type=\"woocommerce-product-short-description.default\">\n<div class=\"elementor-widget-container\">\n<div class=\"woocommerce-product-details__short-description\">\n<p>Przez lata <strong>Microtech\u00ae<\/strong> Knives wype\u0142nia\u0142 no\u017ce pasj\u0105 i umiej\u0119tno\u015bciami, aby tworzy\u0107 niemal dzie\u0142a sztuki, kt\u00f3re s\u0105 szczytem funkcjonalno\u015bci.Wszystkie cz\u0119\u015bci s\u0105 produkowane w USA.<br \/>\n<strong>Wszystkie no\u017ce Microtech obj\u0119te s\u0105 do\u017cywotni\u0105 gwarancj\u0105.<\/strong><\/p>\n<p><strong>Bezp\u0142atny transport.<\/strong><\/p>\n<\/div>\n<\/div>\n<\/div>\n<\/div>\n<\/div>\n<\/div>\n","protected":false},"featured_media":312022,"comment_status":"open","ping_status":"closed","template":"","meta":[],"pwb-brand":[3279],"product_brand":[],"product_cat":[3296,3297],"product_tag":[3671],"class_list":{"0":"post-312009","1":"product","2":"type-product","3":"status-publish","4":"has-post-thumbnail","6":"pwb-brand-microtech-pl","7":"product_cat-noze-pl","8":"product_cat-solidne-noze","9":"product_tag-b2b-pl","11":"first","12":"instock","13":"taxable","14":"shipping-taxable","15":"purchasable","16":"product-type-simple"},"brands":[{"id":3279,"name":"Microtech","slug":"microtech-pl"}],"_links":{"self":[{"href":"https:\/\/www.moskito.cz\/pl\/wp-json\/wp\/v2\/product\/312009","targetHints":{"allow":["GET"]}}],"collection":[{"href":"https:\/\/www.moskito.cz\/pl\/wp-json\/wp\/v2\/product"}],"about":[{"href":"https:\/\/www.moskito.cz\/pl\/wp-json\/wp\/v2\/types\/product"}],"replies":[{"embeddable":true,"href":"https:\/\/www.moskito.cz\/pl\/wp-json\/wp\/v2\/comments?post=312009"}],"wp:featuredmedia":[{"embeddable":true,"href":"https:\/\/www.moskito.cz\/pl\/wp-json\/wp\/v2\/media\/312022"}],"wp:attachment":[{"href":"https:\/\/www.moskito.cz\/pl\/wp-json\/wp\/v2\/media?parent=312009"}],"wp:term":[{"taxonomy":"pwb-brand","embeddable":true,"href":"https:\/\/www.moskito.cz\/pl\/wp-json\/wp\/v2\/pwb-brand?post=312009"},{"taxonomy":"product_brand","embeddable":true,"href":"https:\/\/www.moskito.cz\/pl\/wp-json\/wp\/v2\/product_brand?post=312009"},{"taxonomy":"product_cat","embeddable":true,"href":"https:\/\/www.moskito.cz\/pl\/wp-json\/wp\/v2\/product_cat?post=312009"},{"taxonomy":"product_tag","embeddable":true,"href":"https:\/\/www.moskito.cz\/pl\/wp-json\/wp\/v2\/product_tag?post=312009"}],"curies":[{"name":"wp","href":"https:\/\/api.w.org\/{rel}","templated":true}]}}