{"id":312161,"date":"2022-07-14T13:10:04","date_gmt":"2024-02-06T19:54:20","guid":{"rendered":"https:\/\/www.moskito.cz\/produkt\/noz-strzelecki-microtech-ultratech-ii-apocalyptic-122ii-10aps\/"},"modified":"2025-05-07T11:02:17","modified_gmt":"2025-05-07T10:02:17","slug":"noz-strzelecki-microtech-ultratech-ii-apocalyptic-122ii-10aps","status":"publish","type":"product","link":"https:\/\/www.moskito.cz\/pl\/produkt\/noz-strzelecki-microtech-ultratech-ii-apocalyptic-122ii-10aps\/","title":{"rendered":"N\u00f3\u017c strzelecki Microtech Ultratech II Apocalyptic 122II-10APS"},"content":{"rendered":"<p>N\u00f3\u017c strzelecki <strong>Microtech<\/strong> Ultratech II Apocalyptic 122II-10APS<\/p>\n<p>Ultratech, klasyk <strong>Microtech<\/strong> , by\u0142 archetypem wiod\u0105cych automat\u00f3w od samego pocz\u0105tku. Zbudowana w oparciu o t\u0119 sam\u0105 sprawdzon\u0105 mechanik\u0119, spr\u0119\u017cyna pozostaje nieruchoma zar\u00f3wno w pozycji otwartej, jak i zamkni\u0119tej, aby zmniejszy\u0107 zu\u017cycie. Dzi\u0119ki pot\u0119\u017cnemu automatycznemu otwieraniu\/cofaniu ostrza na wyci\u0105gni\u0119cie r\u0119ki i solidnej blokadzie ostrza, Ultratech firmy Microtech pozostaje standardem w \u015bwiecie automat\u00f3w.<\/p>\n<p><strong>Ultratech<\/strong> jest oryginalnym no\u017cem przednim o podw\u00f3jnym dzia\u0142aniu firmy Microtech i by\u0142 podstaw\u0105 ca\u0142ej linii OTF. Na przestrzeni lat przeszed\u0142 kilka modyfikacji, za ka\u017cdym razem staj\u0105c si\u0119 coraz bardziej wydajny i niezawodny. Ten Ultratech II ma ulepszone teksturowanie chwytu, co zapewnia bardziej pozytywny zakup. Spr\u0119\u017cyna Ultratech pozostaje przez ca\u0142y czas w pozycji \u201espoczynkowej\u201d, chyba \u017ce jest rozci\u0105gni\u0119ta. Dzi\u0119ki temu \u015bci\u015bni\u0119ta spr\u0119\u017cyna nie ulega zm\u0119czeniu, co daje pewno\u015b\u0107 u\u017cytkownikom, \u017ce n\u00f3\u017c po oddaniu strza\u0142u b\u0119dzie dzia\u0142a\u0142 skutecznie. Lekki n\u00f3\u017c Ultratech umo\u017cliwiaj\u0105cy otwieranie i zamykanie jedn\u0105 r\u0119k\u0105, smuk\u0142y kszta\u0142t i ostre jak skalpel ostrze sprawiaj\u0105, \u017ce jest to wyj\u0105tkowy n\u00f3\u017c dost\u0119pny wy\u0142\u0105cznie w firmie Microtech. N\u00f3\u017c ten wielokrotnie udowodni\u0142, \u017ce jest w stanie pokona\u0107 ka\u017cd\u0105 przeszkod\u0119.<\/p>\n<p>Materia\u0142 ostrza: Stal\u0105 ostrzy na ten rok b\u0119dzie M390 \u2013 do wyczerpania zapas\u00f3w ostrza mog\u0105 by\u0107 r\u00f3wnie\u017c CTS-204P lub Elmax<\/p>\n<p>D\u0142ugo\u015b\u0107 ca\u0142kowita: 22 cm<br \/>\nD\u0142ugo\u015b\u0107 ostrza: 8,6 cm<br \/>\nMateria\u0142 ostrza: Bohler M390<br \/>\nStyl ostrza: sztylet<br \/>\nWstawki: p\u0142askie<br \/>\nTyp obramowania: Zwyk\u0142y<br \/>\nMateria\u0142 r\u0119koje\u015bci: aluminium<br \/>\nWaga: 3,60 uncji<br \/>\nU\u017cytkownik: Prawa r\u0119ka<br \/>\nKlips kieszonkowy: sk\u0142adany w d\u00f3\u0142<br \/>\nTyp no\u017ca: Automatyczny OTF Double Action<br \/>\nOtwieracz: kciuk<br \/>\nMarka: Microtech<br \/>\nModel: Ultratech<br \/>\nKraj pochodzenia: USA<br \/>\nNajlepsze zastosowanie: codziennie<\/p>\n<p><iframe title=\"Microtech Combat Troodon Torture Test\" width=\"800\" height=\"450\" src=\"https:\/\/www.youtube.com\/embed\/xE9TeOFYEjg?feature=oembed\" frameborder=\"0\" allow=\"accelerometer; autoplay; clipboard-write; encrypted-media; gyroscope; picture-in-picture; web-share\" allowfullscreen><\/iframe><\/p>\n<p>&nbsp;<\/p>\n","protected":false},"excerpt":{"rendered":"<div class=\"elementor-element elementor-element-bbb542b elementor-widget elementor-widget-woocommerce-product-short-description\" data-id=\"bbb542b\" data-element_type=\"widget\" data-widget_type=\"woocommerce-product-short-description.default\">\n<div class=\"elementor-widget-container\">\n<div class=\"woocommerce-product-details__short-description\">\n<div class=\"elementor-element elementor-element-bbb542b elementor-widget elementor-widget-woocommerce-product-short-description\" data-id=\"bbb542b\" data-element_type=\"widget\" data-widget_type=\"woocommerce-product-short-description.default\">\n<div class=\"elementor-widget-container\">\n<div class=\"woocommerce-product-details__short-description\">\n<div class=\"elementor-element elementor-element-bbb542b elementor-widget elementor-widget-woocommerce-product-short-description\" data-id=\"bbb542b\" data-element_type=\"widget\" data-widget_type=\"woocommerce-product-short-description.default\">\n<div class=\"elementor-widget-container\">\n<div class=\"woocommerce-product-details__short-description\">\n<p>Przez lata <strong>firma Microtech\u00ae Knives<\/strong> wype\u0142nia\u0142a no\u017ce pasj\u0105 i umiej\u0119tno\u015bciami, aby tworzy\u0107 niemal dzie\u0142a sztuki, kt\u00f3re s\u0105 szczytem funkcjonalno\u015bci. Wszystkie cz\u0119\u015bci wyprodukowano w USA.<br \/>\n<strong>Wszystkie no\u017ce Microtech obj\u0119te s\u0105 do\u017cywotni\u0105 gwarancj\u0105.<\/strong><\/p>\n<p><strong>Bezp\u0142atny transport.<\/strong><\/p>\n<\/div>\n<\/div>\n<\/div>\n<\/div>\n<\/div>\n<\/div>\n<\/div>\n<\/div>\n<\/div>\n","protected":false},"featured_media":312182,"comment_status":"open","ping_status":"closed","template":"","meta":[],"pwb-brand":[3279],"product_brand":[],"product_cat":[3296,3344],"product_tag":[3671],"class_list":{"0":"post-312161","1":"product","2":"type-product","3":"status-publish","4":"has-post-thumbnail","6":"pwb-brand-microtech-pl","7":"product_cat-noze-pl","8":"product_cat-noze-strzeleckie","9":"product_tag-b2b-pl","11":"first","12":"instock","13":"taxable","14":"shipping-taxable","15":"purchasable","16":"product-type-simple"},"brands":[{"id":3279,"name":"Microtech","slug":"microtech-pl"}],"_links":{"self":[{"href":"https:\/\/www.moskito.cz\/pl\/wp-json\/wp\/v2\/product\/312161","targetHints":{"allow":["GET"]}}],"collection":[{"href":"https:\/\/www.moskito.cz\/pl\/wp-json\/wp\/v2\/product"}],"about":[{"href":"https:\/\/www.moskito.cz\/pl\/wp-json\/wp\/v2\/types\/product"}],"replies":[{"embeddable":true,"href":"https:\/\/www.moskito.cz\/pl\/wp-json\/wp\/v2\/comments?post=312161"}],"wp:featuredmedia":[{"embeddable":true,"href":"https:\/\/www.moskito.cz\/pl\/wp-json\/wp\/v2\/media\/312182"}],"wp:attachment":[{"href":"https:\/\/www.moskito.cz\/pl\/wp-json\/wp\/v2\/media?parent=312161"}],"wp:term":[{"taxonomy":"pwb-brand","embeddable":true,"href":"https:\/\/www.moskito.cz\/pl\/wp-json\/wp\/v2\/pwb-brand?post=312161"},{"taxonomy":"product_brand","embeddable":true,"href":"https:\/\/www.moskito.cz\/pl\/wp-json\/wp\/v2\/product_brand?post=312161"},{"taxonomy":"product_cat","embeddable":true,"href":"https:\/\/www.moskito.cz\/pl\/wp-json\/wp\/v2\/product_cat?post=312161"},{"taxonomy":"product_tag","embeddable":true,"href":"https:\/\/www.moskito.cz\/pl\/wp-json\/wp\/v2\/product_tag?post=312161"}],"curies":[{"name":"wp","href":"https:\/\/api.w.org\/{rel}","templated":true}]}}