{"id":312206,"date":"2022-05-21T07:07:57","date_gmt":"2024-02-06T20:25:34","guid":{"rendered":"https:\/\/www.moskito.cz\/produkt\/noz-strzelecki-microtech-utx-85-bronze-blade-231-13\/"},"modified":"2025-05-07T11:02:18","modified_gmt":"2025-05-07T10:02:18","slug":"noz-strzelecki-microtech-utx-85-bronze-blade-231-13","status":"publish","type":"product","link":"https:\/\/www.moskito.cz\/pl\/produkt\/noz-strzelecki-microtech-utx-85-bronze-blade-231-13\/","title":{"rendered":"N\u00f3\u017c strzelecki Microtech UTX-85 BRONZE BLADE 231-13"},"content":{"rendered":"<p>N\u00f3\u017c strzelecki <strong>Microtech<\/strong> UTX-85 BRONZE BLADE 231-13.<\/p>\n<p>Radykalnie przeprojektowany z przodu, n\u00f3\u017c <strong>Microtech<\/strong> UTX-85 ma teraz nowy wyprofilowany uchwyt, zaktualizowany tr\u00f3jk\u0105tny osprz\u0119t, przeprojektowany suwak kciuka i zbijak do szk\u0142a, kt\u00f3ry jest teraz wyposa\u017cony w \u0142o\u017cysko kulkowe montowane na wcisk dla wygodniejszych, ale wci\u0105\u017c funkcjonalnych u\u017cytkownik\u00f3w. Do\u015bwiadczenie. Ten fantastyczny n\u00f3\u017c o podw\u00f3jnym dzia\u0142aniu ma idealny rozmiar i jak sama nazwa wskazuje, UTX-85 jest w 85% wi\u0119kszy od flagowego no\u017ca Ultratech, ale ma 100% mo\u017cliwo\u015bci. Ten model 231-13 ma czarn\u0105 r\u0119koje\u015b\u0107 ze standardowymi osprz\u0119tem z br\u0105zu i zintegrowan\u0105 funkcj\u0105 zbijania szk\u0142a, a tak\u017ce ostrze typu drop point z br\u0105zowym wyko\u0144czeniem. Wykonane w USA.<\/p>\n<p>D\u0142ugo\u015b\u0107 ca\u0142kowita: 18,75 cm<br \/>\nD\u0142ugo\u015b\u0107 ostrza: 7,81 cm<br \/>\nKraw\u0119d\u017a tn\u0105ca: 7,17 cm<br \/>\nGrubo\u015b\u0107 ostrza: 0,32 cm<br \/>\nMateria\u0142 ostrza: Bohler M390<br \/>\nWstawki: p\u0142askie<br \/>\nTyp obramowania: Zwyk\u0142y<br \/>\nD\u0142ugo\u015b\u0107 r\u0105czki: 10,92 cm<br \/>\nGrubo\u015b\u0107 r\u0105czki: 1,17 cm<br \/>\nMateria\u0142 r\u0119koje\u015bci: aluminium<br \/>\nWaga: 3,06 uncji<br \/>\nU\u017cytkownik: Prawa r\u0119ka<br \/>\nKlips kieszonkowy: sk\u0142adany w d\u00f3\u0142<br \/>\nTyp no\u017ca: Automatyczny OTF Double Action<br \/>\nOtwieracz: kciuk<br \/>\nMarka: Microtech<br \/>\nModel: UTX-85<br \/>\nKraj pochodzenia: USA<\/p>\n<p><iframe title=\"Microtech Combat Troodon Torture Test\" width=\"800\" height=\"450\" src=\"https:\/\/www.youtube.com\/embed\/xE9TeOFYEjg?feature=oembed\" frameborder=\"0\" allow=\"accelerometer; autoplay; clipboard-write; encrypted-media; gyroscope; picture-in-picture; web-share\" allowfullscreen><\/iframe><\/p>\n<p>&nbsp;<\/p>\n","protected":false},"excerpt":{"rendered":"<p>Przez lata <strong>Microtech\u00ae<\/strong> Knives wype\u0142nia\u0142 no\u017ce pasj\u0105 i umiej\u0119tno\u015bciami, aby tworzy\u0107 niemal dzie\u0142a sztuki, kt\u00f3re s\u0105 szczytem funkcjonalno\u015bci.Wszystkie cz\u0119\u015bci s\u0105 produkowane w USA.<br \/>\n<strong>Wszystkie no\u017ce Microtech obj\u0119te s\u0105 do\u017cywotni\u0105 gwarancj\u0105.<\/strong><\/p>\n<p><strong>Bezp\u0142atny transport.<\/strong><\/p>\n","protected":false},"featured_media":312207,"comment_status":"open","ping_status":"closed","template":"","meta":[],"pwb-brand":[3279],"product_brand":[],"product_cat":[3296,3344],"product_tag":[3671],"class_list":{"0":"post-312206","1":"product","2":"type-product","3":"status-publish","4":"has-post-thumbnail","6":"pwb-brand-microtech-pl","7":"product_cat-noze-pl","8":"product_cat-noze-strzeleckie","9":"product_tag-b2b-pl","11":"first","12":"outofstock","13":"taxable","14":"shipping-taxable","15":"purchasable","16":"product-type-simple"},"brands":[{"id":3279,"name":"Microtech","slug":"microtech-pl"}],"_links":{"self":[{"href":"https:\/\/www.moskito.cz\/pl\/wp-json\/wp\/v2\/product\/312206","targetHints":{"allow":["GET"]}}],"collection":[{"href":"https:\/\/www.moskito.cz\/pl\/wp-json\/wp\/v2\/product"}],"about":[{"href":"https:\/\/www.moskito.cz\/pl\/wp-json\/wp\/v2\/types\/product"}],"replies":[{"embeddable":true,"href":"https:\/\/www.moskito.cz\/pl\/wp-json\/wp\/v2\/comments?post=312206"}],"wp:featuredmedia":[{"embeddable":true,"href":"https:\/\/www.moskito.cz\/pl\/wp-json\/wp\/v2\/media\/312207"}],"wp:attachment":[{"href":"https:\/\/www.moskito.cz\/pl\/wp-json\/wp\/v2\/media?parent=312206"}],"wp:term":[{"taxonomy":"pwb-brand","embeddable":true,"href":"https:\/\/www.moskito.cz\/pl\/wp-json\/wp\/v2\/pwb-brand?post=312206"},{"taxonomy":"product_brand","embeddable":true,"href":"https:\/\/www.moskito.cz\/pl\/wp-json\/wp\/v2\/product_brand?post=312206"},{"taxonomy":"product_cat","embeddable":true,"href":"https:\/\/www.moskito.cz\/pl\/wp-json\/wp\/v2\/product_cat?post=312206"},{"taxonomy":"product_tag","embeddable":true,"href":"https:\/\/www.moskito.cz\/pl\/wp-json\/wp\/v2\/product_tag?post=312206"}],"curies":[{"name":"wp","href":"https:\/\/api.w.org\/{rel}","templated":true}]}}