{"id":312246,"date":"2022-04-21T14:28:54","date_gmt":"2024-02-06T20:26:40","guid":{"rendered":"https:\/\/www.moskito.cz\/produkt\/noz-strzelecki-microtech-utx-70-satin-double-edge-147-4vi\/"},"modified":"2025-05-07T11:02:20","modified_gmt":"2025-05-07T10:02:20","slug":"noz-strzelecki-microtech-utx-70-satin-double-edge-147-4vi","status":"publish","type":"product","link":"https:\/\/www.moskito.cz\/pl\/produkt\/noz-strzelecki-microtech-utx-70-satin-double-edge-147-4vi\/","title":{"rendered":"N\u00f3\u017c strzelecki Microtech UTX-70 Satin Double Edge 147-4VI"},"content":{"rendered":"<p>N\u00f3\u017c strzelecki <strong>Microtech<\/strong> UTX-70 Satin Double Edge 147-4VI<\/p>\n<p>UTX-70 to idealne po\u0142\u0105czenie kompaktowych rozmiar\u00f3w i doskona\u0142ej wydajno\u015bci. Przy wielko\u015bci 70% Ultratech, UTX-70 jest wykonany z tych samych materia\u0142\u00f3w, na tych samych maszynach i z tak\u0105 sam\u0105 pomys\u0142owo\u015bci\u0105, jak jego poprzednik. UTX-70 to idealny n\u00f3\u017c na ka\u017cd\u0105 sytuacj\u0119, niezale\u017cnie od zadania ci\u0119cia, doskonale komponuje si\u0119 z Twoim stylem \u017cycia. Dzi\u0119ki szybkiemu otwieraniu i zamykaniu jedn\u0105 r\u0119k\u0105, wykonuje t\u0119 prac\u0119 w ci\u0105gu kilku sekund. Model UTX-70 jest dost\u0119pny w wielu wersjach, takich jak pojedyncza, podw\u00f3jna kraw\u0119d\u017a lub ostrza typu tanto. Dost\u0119pna jest r\u00f3wnie\u017c aluminiowa p\u0142yta g\u00f3rna, czarna p\u0142yta z w\u0142\u00f3kna w\u0119glowego lub platynowa p\u0142yta g\u00f3rna z w\u0142\u00f3kna w\u0119glowego. Wyposa\u017cony w dwustronny klips do kieszeni i niewielkie rozmiary, jest idealnym wyborem do codziennego u\u017cytku i noszenia.<\/p>\n<p><strong>Nale\u017cy pami\u0119ta\u0107, \u017ce nie mo\u017cna okre\u015bli\u0107 stali ostrza, poniewa\u017c mo\u017ce si\u0119 ona r\u00f3\u017cni\u0107 w zale\u017cno\u015bci od dost\u0119pno\u015bci (informacje od Microtech)<\/strong><\/p>\n<p>D\u0142ugo\u015b\u0107 ca\u0142kowita: 14,07 cm<br \/>\nD\u0142ugo\u015b\u0107 ostrza: 6,02 cm<br \/>\nGrubo\u015b\u0107 ostrza: 0,2 cm<br \/>\nMateria\u0142 ostrza: Bohler M390<br \/>\nTwardo\u015b\u0107: 59-60\u00b0RC<br \/>\nStyl ostrza: Drop Point<br \/>\nWstawki: p\u0142askie<br \/>\nD\u0142ugo\u015b\u0107 r\u0105czki: 8,05 cm<br \/>\nGrubo\u015b\u0107 r\u0105czki: 0,8 cm<\/p>\n<p><iframe title=\"Microtech Combat Troodon Torture Test\" width=\"800\" height=\"450\" src=\"https:\/\/www.youtube.com\/embed\/xE9TeOFYEjg?feature=oembed\" frameborder=\"0\" allow=\"accelerometer; autoplay; clipboard-write; encrypted-media; gyroscope; picture-in-picture; web-share\" allowfullscreen><\/iframe><\/p>\n<p>&nbsp;<\/p>\n<p>UTX-70 to idealne po\u0142\u0105czenie kompaktowych rozmiar\u00f3w i du\u017cej wydajno\u015bci. Przy wielko\u015bci 70% Ultratech, UTX-70 jest produkowany z tego samego materia\u0142u, na tych samych maszynach i z t\u0105 sam\u0105 pomys\u0142owo\u015bci\u0105, co jego poprzednik. UTX-70 to idealny n\u00f3\u017c na ka\u017cd\u0105 sytuacj\u0119, bez wzgl\u0119du na to, jakie zadanie wykonujesz, doskonale dopasuje si\u0119 do Twojego stylu \u017cycia. Dzi\u0119ki szybkiemu otwieraniu i zamykaniu jedn\u0105 r\u0119k\u0105, zadanie zostanie wykonane w ci\u0105gu kilku sekund. UTX-70 ma wiele dost\u0119pnych opcji, takich jak: pojedyncza kraw\u0119d\u017a, podw\u00f3jna kraw\u0119d\u017a lub ostrza tanto. Dost\u0119pny jest r\u00f3wnie\u017c blat aluminiowy, blat z czarnego w\u0142\u00f3kna w\u0119glowego lub blat z platynowego w\u0142\u00f3kna w\u0119glowego. Wyposa\u017cony w obur\u0119czny klips kieszeniowy i kompaktowy rozmiar, jest to idealny wyb\u00f3r do codziennego u\u017cytku i noszenia.<\/p>\n<p>Dane techniczne<\/p>\n<p>Akcja: Podw\u00f3jne dzia\u0142anie \u2013 automatyczne strzelanie\/automatyczne cofanie<br \/>\nGrubo\u015b\u0107: 0,08&#8243;<br \/>\nD\u0142ugo\u015b\u0107 ostrza: 2,41 cala<br \/>\nStyl ostrza: sztylet, satyna, podw\u00f3jna kraw\u0119d\u017a<br \/>\nPodwozie: stop aluminium 6061-T6 Mil-Spec, anodowany na twardo<br \/>\nGrubo\u015b\u0107 r\u0119koje\u015bci: 0,31 cala<br \/>\nD\u0142ugo\u015b\u0107 zamkni\u0119ta: 3,22&#8243;<br \/>\nD\u0142ugo\u015b\u0107 ca\u0142kowita: 5,63<br \/>\nKlips kieszonkowy: pe\u0142na twarda stal nierdzewna 301<br \/>\nStandardowy blat: stop AL 6061-T6<br \/>\nSpust: stal nierdzewna 303<br \/>\nWaga: 1,2 uncji<br \/>\nNale\u017cy pami\u0119ta\u0107, \u017ce nie mo\u017cna okre\u015bli\u0107 stali ostrza, poniewa\u017c mo\u017ce ona ulec zmianie w zale\u017cno\u015bci od dost\u0119pno\u015bci (informacje od Microtech)<br \/>\nWyprodukowano w USA<\/p>\n<p>&nbsp;<\/p>\n","protected":false},"excerpt":{"rendered":"<div class=\"elementor-element elementor-element-bbb542b elementor-widget elementor-widget-woocommerce-product-short-description\" data-id=\"bbb542b\" data-element_type=\"widget\" data-widget_type=\"woocommerce-product-short-description.default\">\n<div class=\"elementor-widget-container\">\n<div class=\"woocommerce-product-details__short-description\">\n<div class=\"elementor-element elementor-element-bbb542b elementor-widget elementor-widget-woocommerce-product-short-description\" data-id=\"bbb542b\" data-element_type=\"widget\" data-widget_type=\"woocommerce-product-short-description.default\">\n<div class=\"elementor-widget-container\">\n<div class=\"woocommerce-product-details__short-description\">\n<p>Przez lata <strong>Microtech\u00ae<\/strong> Knives wype\u0142nia\u0142 no\u017ce pasj\u0105 i umiej\u0119tno\u015bciami, aby tworzy\u0107 niemal dzie\u0142a sztuki, kt\u00f3re s\u0105 szczytem funkcjonalno\u015bci.Wszystkie cz\u0119\u015bci s\u0105 produkowane w USA.<br \/>\n<strong>Wszystkie no\u017ce Microtech obj\u0119te s\u0105 do\u017cywotni\u0105 gwarancj\u0105.<\/strong><\/p>\n<p><strong>Bezp\u0142atny transport.<\/strong><\/p>\n<\/div>\n<\/div>\n<\/div>\n<\/div>\n<\/div>\n<\/div>\n","protected":false},"featured_media":312248,"comment_status":"open","ping_status":"closed","template":"","meta":[],"pwb-brand":[3279],"product_brand":[],"product_cat":[3296,3344],"product_tag":[3671],"class_list":{"0":"post-312246","1":"product","2":"type-product","3":"status-publish","4":"has-post-thumbnail","6":"pwb-brand-microtech-pl","7":"product_cat-noze-pl","8":"product_cat-noze-strzeleckie","9":"product_tag-b2b-pl","11":"first","12":"outofstock","13":"taxable","14":"shipping-taxable","15":"purchasable","16":"product-type-simple"},"brands":[{"id":3279,"name":"Microtech","slug":"microtech-pl"}],"_links":{"self":[{"href":"https:\/\/www.moskito.cz\/pl\/wp-json\/wp\/v2\/product\/312246","targetHints":{"allow":["GET"]}}],"collection":[{"href":"https:\/\/www.moskito.cz\/pl\/wp-json\/wp\/v2\/product"}],"about":[{"href":"https:\/\/www.moskito.cz\/pl\/wp-json\/wp\/v2\/types\/product"}],"replies":[{"embeddable":true,"href":"https:\/\/www.moskito.cz\/pl\/wp-json\/wp\/v2\/comments?post=312246"}],"wp:featuredmedia":[{"embeddable":true,"href":"https:\/\/www.moskito.cz\/pl\/wp-json\/wp\/v2\/media\/312248"}],"wp:attachment":[{"href":"https:\/\/www.moskito.cz\/pl\/wp-json\/wp\/v2\/media?parent=312246"}],"wp:term":[{"taxonomy":"pwb-brand","embeddable":true,"href":"https:\/\/www.moskito.cz\/pl\/wp-json\/wp\/v2\/pwb-brand?post=312246"},{"taxonomy":"product_brand","embeddable":true,"href":"https:\/\/www.moskito.cz\/pl\/wp-json\/wp\/v2\/product_brand?post=312246"},{"taxonomy":"product_cat","embeddable":true,"href":"https:\/\/www.moskito.cz\/pl\/wp-json\/wp\/v2\/product_cat?post=312246"},{"taxonomy":"product_tag","embeddable":true,"href":"https:\/\/www.moskito.cz\/pl\/wp-json\/wp\/v2\/product_tag?post=312246"}],"curies":[{"name":"wp","href":"https:\/\/api.w.org\/{rel}","templated":true}]}}