{"id":312258,"date":"2022-05-21T07:44:36","date_gmt":"2024-02-06T20:26:42","guid":{"rendered":"https:\/\/www.moskito.cz\/produkt\/noz-strzelecki-microtech-troodon-blue-satin-139-4bl\/"},"modified":"2025-05-07T11:02:22","modified_gmt":"2025-05-07T10:02:22","slug":"noz-strzelecki-microtech-troodon-blue-satin-139-4bl","status":"publish","type":"product","link":"https:\/\/www.moskito.cz\/pl\/produkt\/noz-strzelecki-microtech-troodon-blue-satin-139-4bl\/","title":{"rendered":"N\u00f3\u017c strzelecki Microtech Troodon Blue Satin 139-4BL"},"content":{"rendered":"<p>N\u00f3\u017c strzelecki <strong>Microtech<\/strong> Troodon Blue Satin 139-4BL<\/p>\n<p>Microtech Knives Troodon to poka\u017ane narz\u0119dzie przy zachowaniu kompaktowych rozmiar\u00f3w, kt\u00f3re mo\u017cna \u0142atwo nosi\u0107 na co dzie\u0144. N\u00f3\u017c ten jest na tyle elegancki, \u017ce mo\u017cna go nosi\u0107 do sukienki, a jednocze\u015bnie jest w pe\u0142ni sprawnym narz\u0119dziem tn\u0105cym. Ta wersja posiada jednoostrzowe, satynowane ostrze Elmax i niebiesk\u0105, twardo anodowan\u0105 r\u0119koje\u015b\u0107. Troodon zosta\u0142 nazwany na cze\u015b\u0107 ptasiego dinozaura i jest gotowy do ataku.<\/p>\n<p>Zupe\u0142nie nowy przedmiot bezpo\u015brednio od Microtech Knives, USA.<\/p>\n<p>Ostrze: Szerokie ostrze z zag\u0142\u0119bion\u0105 ko\u0144c\u00f3wk\u0105 jest ostrzone za pomoc\u0105 pojedynczej ostrza\u0142ki do szabli umieszczonej na du\u017cej wysoko\u015bci i ostrzone jak brzytwa, aby zapewni\u0107 czyste ci\u0119cie. Wybrano stal na ostrza Elmax ze wzgl\u0119du na jej wysoki poziom odporno\u015bci na korozj\u0119, a tak\u017ce wyj\u0105tkowe zachowanie kraw\u0119dzi i stosunkowo \u0142atwe ostrzenie. Jasne, satynowe wyko\u0144czenie zapewnia doskona\u0142\u0105 wydajno\u015b\u0107 i bardzo elegancki wygl\u0105d. Za\u0142\u0105czanie odbywa si\u0119 za pomoc\u0105 automatycznego mechanizmu dwustronnego dzia\u0142ania. Wystarczy przesun\u0105\u0107 boczny suwak w g\u00f3r\u0119, aby otworzy\u0107, a nast\u0119pnie z powrotem w d\u00f3\u0142, aby zamkn\u0105\u0107. Prosto, szybko i g\u0142adko.<\/p>\n<p>R\u0119koje\u015b\u0107: Wytrzyma\u0142y, anodowany na niebiesko stop klasy lotniczej zapewnia r\u0119koje\u015b\u0107 o d\u0142ugo\u015bci nieco ponad 4,25 cala, nie licz\u0105c \u0142amacza, wystarczaj\u0105co masywna, aby pomie\u015bci\u0107 du\u017ce d\u0142onie, a jednocze\u015bnie nie b\u0119dzie uci\u0105\u017cliwa w kieszeni. N\u00f3\u017c dobrze le\u017cy w d\u0142oni, ma wyprofilowane kraw\u0119dzie, a szerokie cz\u0119\u015bci zaciskowe s\u0105 idealnie rozmieszczone, co zapewnia pewny chwyt. Sk\u0142ada si\u0119 z szarego, autorskiego sprz\u0119tu Microtech, zintegrowanego zbijaka do szk\u0142a i klipsa do kieszeni.<\/p>\n<p>Noszona w prawej d\u0142oni, klips kieszonkowy z dat\u0105 produkcji i numerem seryjnym.<\/p>\n<p>Bohler Elmax: Elmax sta\u0142 si\u0119 niezwykle popularnym wyborem w przypadku no\u017cy u\u017cytkownik\u00f3w z najwy\u017cszej p\u00f3\u0142ki ze wzgl\u0119du na ekstremalne trzymanie ostrza. Elmax ma r\u00f3wnie\u017c dobr\u0105 odporno\u015b\u0107 na korozj\u0119, co oznacza, \u017ce \u200b\u200bwi\u0119kszo\u015b\u0107 u\u017cytkownik\u00f3w mo\u017ce unikn\u0105\u0107 korozji (rdzy) po prostu wycieraj\u0105c ostrze po ka\u017cdym u\u017cyciu. Kolejn\u0105 wielk\u0105 cech\u0105 tej stali jest odporno\u015b\u0107 na powstawanie zadzior\u00f3w podczas ostrzenia. Elmax ma bardzo podobn\u0105 wydajno\u015b\u0107 do M390 i jest u\u017cywany zamiennie przez Microtech.<\/p>\n<p>D\u0142ugo\u015b\u0107 ca\u0142kowita: 19,2 cm<br \/>\nD\u0142ugo\u015b\u0107 ostrza: 7,5 cm<br \/>\nMateria\u0142 ostrza: 204P<br \/>\nStyl ostrza: sztylet<br \/>\nWstawki: p\u0142askie<br \/>\nTyp obramowania: Zwyk\u0142y<br \/>\nD\u0142ugo\u015b\u0107 r\u0105czki: 10,63 cm<br \/>\nGrubo\u015b\u0107 r\u0105czki: 1,12 cm<br \/>\nMateria\u0142 r\u0119koje\u015bci: aluminium<br \/>\nWaga: 3,00 uncji<br \/>\nU\u017cytkownik: Prawa r\u0119ka<br \/>\nKlips kieszonkowy: sk\u0142adany w d\u00f3\u0142<br \/>\nTyp no\u017ca: Automatyczny<br \/>\nOtwieracz: kciuk<br \/>\nMarka: Microtech<br \/>\nModelka: Troodon<br \/>\nKraj pochodzenia: USA<\/p>\n<p><iframe title=\"Microtech Combat Troodon Torture Test\" width=\"800\" height=\"450\" src=\"https:\/\/www.youtube.com\/embed\/xE9TeOFYEjg?feature=oembed\" frameborder=\"0\" allow=\"accelerometer; autoplay; clipboard-write; encrypted-media; gyroscope; picture-in-picture; web-share\" allowfullscreen><\/iframe><\/p>\n<p>&nbsp;<\/p>\n","protected":false},"excerpt":{"rendered":"<p>Przez lata <strong>firma Microtech\u00ae Knives<\/strong> wype\u0142nia\u0142a no\u017ce pasj\u0105 i umiej\u0119tno\u015bciami, aby tworzy\u0107 niemal dzie\u0142a sztuki, kt\u00f3re s\u0105 szczytem funkcjonalno\u015bci. Wszystkie cz\u0119\u015bci wyprodukowano w USA.<br \/>\n<strong>Wszystkie no\u017ce Microtech obj\u0119te s\u0105 do\u017cywotni\u0105 gwarancj\u0105.<\/strong><\/p>\n<p><strong>Bezp\u0142atny transport.<\/strong><\/p>\n","protected":false},"featured_media":312263,"comment_status":"open","ping_status":"closed","template":"","meta":[],"pwb-brand":[3279],"product_brand":[],"product_cat":[3296,3344],"product_tag":[3671],"class_list":{"0":"post-312258","1":"product","2":"type-product","3":"status-publish","4":"has-post-thumbnail","6":"pwb-brand-microtech-pl","7":"product_cat-noze-pl","8":"product_cat-noze-strzeleckie","9":"product_tag-b2b-pl","11":"first","12":"outofstock","13":"taxable","14":"shipping-taxable","15":"purchasable","16":"product-type-simple"},"brands":[{"id":3279,"name":"Microtech","slug":"microtech-pl"}],"_links":{"self":[{"href":"https:\/\/www.moskito.cz\/pl\/wp-json\/wp\/v2\/product\/312258","targetHints":{"allow":["GET"]}}],"collection":[{"href":"https:\/\/www.moskito.cz\/pl\/wp-json\/wp\/v2\/product"}],"about":[{"href":"https:\/\/www.moskito.cz\/pl\/wp-json\/wp\/v2\/types\/product"}],"replies":[{"embeddable":true,"href":"https:\/\/www.moskito.cz\/pl\/wp-json\/wp\/v2\/comments?post=312258"}],"wp:featuredmedia":[{"embeddable":true,"href":"https:\/\/www.moskito.cz\/pl\/wp-json\/wp\/v2\/media\/312263"}],"wp:attachment":[{"href":"https:\/\/www.moskito.cz\/pl\/wp-json\/wp\/v2\/media?parent=312258"}],"wp:term":[{"taxonomy":"pwb-brand","embeddable":true,"href":"https:\/\/www.moskito.cz\/pl\/wp-json\/wp\/v2\/pwb-brand?post=312258"},{"taxonomy":"product_brand","embeddable":true,"href":"https:\/\/www.moskito.cz\/pl\/wp-json\/wp\/v2\/product_brand?post=312258"},{"taxonomy":"product_cat","embeddable":true,"href":"https:\/\/www.moskito.cz\/pl\/wp-json\/wp\/v2\/product_cat?post=312258"},{"taxonomy":"product_tag","embeddable":true,"href":"https:\/\/www.moskito.cz\/pl\/wp-json\/wp\/v2\/product_tag?post=312258"}],"curies":[{"name":"wp","href":"https:\/\/api.w.org\/{rel}","templated":true}]}}