{"id":312265,"date":"2022-04-03T18:10:40","date_gmt":"2024-02-06T20:28:34","guid":{"rendered":"https:\/\/www.moskito.cz\/produkt\/noz-strzelecki-microtech-makora-stonewashed-signature-series-206-10s\/"},"modified":"2025-05-07T11:02:22","modified_gmt":"2025-05-07T10:02:22","slug":"noz-strzelecki-microtech-makora-stonewashed-signature-series-206-10s","status":"publish","type":"product","link":"https:\/\/www.moskito.cz\/pl\/produkt\/noz-strzelecki-microtech-makora-stonewashed-signature-series-206-10s\/","title":{"rendered":"N\u00f3\u017c strzelecki Microtech Makora Stonewashed Signature Series 206-10S"},"content":{"rendered":"<p>N\u00f3\u017c strzelecki <strong>Microtech<\/strong> Makora Stonewashed Signature Series 206-10S<\/p>\n<p>Ostrze g\u0142adkie Black Double Edge (D\/E) Makora Signature Series z wyko\u0144czeniem Stonewash. N\u00f3\u017c o podw\u00f3jnym dzia\u0142aniu Out the Front (OTF). R\u0119koje\u015b\u0107 z anodyzowanego na czarno aluminium 6061-T6 z wk\u0142adk\u0105 ta\u015bmow\u0105 i ostrzem ze stali M390.<\/p>\n<p>D\u0142ugo\u015b\u0107 ca\u0142kowita: 9,44 cala (239,7125 mm)<br \/>\nD\u0142ugo\u015b\u0107 po zamkni\u0119ciu: 6,19 cala (157,15 mm)<br \/>\nD\u0142ugo\u015b\u0107 ostrza: 3,25 cala (82,55 mm)<br \/>\nGrubo\u015b\u0107 ostrza: 0,125 cala (3,175 mm)<br \/>\nObr\u00f3bka powierzchni ostrza: Stonewashed<br \/>\nStyl obramowania: zwyk\u0142y<br \/>\nMateria\u0142 r\u0119koje\u015bci: czarne aluminium<br \/>\nKlips kieszonkowy: sk\u0142adany w d\u00f3\u0142<br \/>\nWaga: 3,4 uncji (96,39 g)<\/p>\n<p><iframe title=\"Microtech Combat Troodon Torture Test\" width=\"800\" height=\"450\" src=\"https:\/\/www.youtube.com\/embed\/xE9TeOFYEjg?feature=oembed\" frameborder=\"0\" allow=\"accelerometer; autoplay; clipboard-write; encrypted-media; gyroscope; picture-in-picture; web-share\" allowfullscreen><\/iframe><\/p>\n<p>&nbsp;<\/p>\n<p>&nbsp;<\/p>\n<p>Seria Black Double Edge (D\/E) Makora Signature z ostrzem g\u0142adkim wyko\u0144czonym metod\u0105 stonewash. N\u00f3\u017c o podw\u00f3jnym dzia\u0142aniu Out the Front (OTF). R\u0119koje\u015b\u0107 z anodyzowanego na czarno aluminium 6061-T6 z wk\u0142adk\u0105 z ta\u015bmy antypo\u015blizgowej i ostrzem ze stali M390.<\/p>\n<p>Microtech Makora &#8211; Double Edge &#8211; Czarna z g\u0142adk\u0105 kraw\u0119dzi\u0105 Stonewash 206-10 S<br \/>\nNumer modelu: 206-10 S<br \/>\nD\u0142ugo\u015b\u0107 ca\u0142kowita: 8 5\/8&#8243;<br \/>\nD\u0142ugo\u015b\u0107 ostrza: 3,5 cala<br \/>\nD\u0142ugo\u015b\u0107 r\u0119koje\u015bci: 5 1\/8&#8243;<br \/>\nMateria\u0142 ostrza: M390<br \/>\nStyl ostrza: podw\u00f3jna kraw\u0119d\u017a<br \/>\nWyko\u0144czenie: Stonewash<br \/>\nCzarny kolor<br \/>\nWaga: 3,4 uncji<\/p>\n","protected":false},"excerpt":{"rendered":"<p>Przez lata <strong>Microtech\u00ae<\/strong> Knives wype\u0142nia\u0142 no\u017ce pasj\u0105 i umiej\u0119tno\u015bciami, aby tworzy\u0107 niemal dzie\u0142a sztuki, kt\u00f3re s\u0105 szczytem funkcjonalno\u015bci.Wszystkie cz\u0119\u015bci s\u0105 produkowane w USA.<br \/>\n<strong>Wszystkie no\u017ce Microtech obj\u0119te s\u0105 do\u017cywotni\u0105 gwarancj\u0105 (min. 80 000 cykli, otwieranie i zamykanie)<\/strong><\/p>\n<p><strong>Bezp\u0142atny transport.<\/strong><\/p>\n","protected":false},"featured_media":312266,"comment_status":"open","ping_status":"closed","template":"","meta":[],"pwb-brand":[3279],"product_brand":[],"product_cat":[3296,3344],"product_tag":[3671],"class_list":{"0":"post-312265","1":"product","2":"type-product","3":"status-publish","4":"has-post-thumbnail","6":"pwb-brand-microtech-pl","7":"product_cat-noze-pl","8":"product_cat-noze-strzeleckie","9":"product_tag-b2b-pl","11":"first","12":"instock","13":"taxable","14":"shipping-taxable","15":"purchasable","16":"product-type-simple"},"brands":[{"id":3279,"name":"Microtech","slug":"microtech-pl"}],"_links":{"self":[{"href":"https:\/\/www.moskito.cz\/pl\/wp-json\/wp\/v2\/product\/312265","targetHints":{"allow":["GET"]}}],"collection":[{"href":"https:\/\/www.moskito.cz\/pl\/wp-json\/wp\/v2\/product"}],"about":[{"href":"https:\/\/www.moskito.cz\/pl\/wp-json\/wp\/v2\/types\/product"}],"replies":[{"embeddable":true,"href":"https:\/\/www.moskito.cz\/pl\/wp-json\/wp\/v2\/comments?post=312265"}],"wp:featuredmedia":[{"embeddable":true,"href":"https:\/\/www.moskito.cz\/pl\/wp-json\/wp\/v2\/media\/312266"}],"wp:attachment":[{"href":"https:\/\/www.moskito.cz\/pl\/wp-json\/wp\/v2\/media?parent=312265"}],"wp:term":[{"taxonomy":"pwb-brand","embeddable":true,"href":"https:\/\/www.moskito.cz\/pl\/wp-json\/wp\/v2\/pwb-brand?post=312265"},{"taxonomy":"product_brand","embeddable":true,"href":"https:\/\/www.moskito.cz\/pl\/wp-json\/wp\/v2\/product_brand?post=312265"},{"taxonomy":"product_cat","embeddable":true,"href":"https:\/\/www.moskito.cz\/pl\/wp-json\/wp\/v2\/product_cat?post=312265"},{"taxonomy":"product_tag","embeddable":true,"href":"https:\/\/www.moskito.cz\/pl\/wp-json\/wp\/v2\/product_tag?post=312265"}],"curies":[{"name":"wp","href":"https:\/\/api.w.org\/{rel}","templated":true}]}}