{"id":312298,"date":"2022-02-19T14:29:47","date_gmt":"2024-02-06T20:33:22","guid":{"rendered":"https:\/\/www.moskito.cz\/produkt\/noz-strzelecki-microtech-exocet-satin-157-4\/"},"modified":"2025-05-07T11:02:24","modified_gmt":"2025-05-07T10:02:24","slug":"noz-strzelecki-microtech-exocet-satin-157-4","status":"publish","type":"product","link":"https:\/\/www.moskito.cz\/pl\/produkt\/noz-strzelecki-microtech-exocet-satin-157-4\/","title":{"rendered":"N\u00f3\u017c strzelecki Microtech Exocet Satin 157-4"},"content":{"rendered":"<p>Ta nowa kombinacja no\u017ca OTF, portfela i klipsa na banknoty jest pierwsz\u0105 tego rodzaju i b\u0119dzie popularnym sprzedawc\u0105 no\u017cy firmy Microtech. Wbudowany klips do portfela do noszenia w kieszeni.<\/p>\n<p>N\u00f3\u017c strzelecki Microtech Exocet Satin 157-4.<\/p>\n<p>Exocet, gwiazda gamy Microtech na rok 2019, \u0142\u0105czy w sobie u\u017cyteczno\u015b\u0107 i codzienn\u0105 praktyczno\u015b\u0107 w jednym unikalnym opakowaniu. Ten automatyczny OTF jest innowacyjny i pierwszy w swoim rodzaju, w kt\u00f3rym mie\u015bci si\u0119 legalne w Kalifornii ostrze o \u015brednicy subcala i s\u0142u\u017cy r\u00f3wnie\u017c jako klips na banknoty, dzi\u0119ki czemu idealnie nadaje si\u0119 do codziennego noszenia. Jego wygl\u0105d mo\u017ce Ci\u0119 zaskoczy\u0107, gdy zobaczysz go po raz pierwszy, ale uczucie niepokoju zniknie, gdy uruchomisz go po raz pierwszy. Ten n\u00f3\u017c strzela szybciej i \u0142atwiej ni\u017c jakikolwiek inny n\u00f3\u017c Microtech OTF, co czyni go idealnym prezentem dla bliskiej Ci osoby lub dla Ciebie. Ta wersja ma bia\u0142e wyko\u0144czone ostrze i uchwyty, dzi\u0119ki czemu ten model mo\u017cna nazwa\u0107 szturmowcem. Kieszonkowy klips ma r\u00f3wnie\u017c bardzo fajne logo Imperial Crest, kt\u00f3re by\u0142o sze\u015bcioramiennym symbolem galaktycznego imperium Sheeva Palpatine&#8217;a.<\/p>\n<p>D\u0142ugo\u015b\u0107 ca\u0142kowita: 5,6\u2033 (142mm)<br \/>\n D\u0142ugo\u015b\u0107 ostrza: 1,97\u201d (50mm)<br \/>\n D\u0142ugo\u015b\u0107 kraw\u0119dzi tn\u0105cej: 1,89 cala (48 mm)<br \/>\n Grubo\u015b\u0107 ostrza: 0,079 cala (2 mm)<br \/>\n Wyko\u0144czenie ostrza: bia\u0142e<br \/>\n Materia\u0142 uchwytu: bia\u0142e aluminium<br \/>\n Grubo\u015b\u0107 uchwytu: 0,36 cala (9 mm)<br \/>\n Klips kieszonkowy: ko\u0144c\u00f3wk\u0105 do do\u0142u<br \/>\n Waga: 3,0 uncji (85,05 g)<\/p>\n<p>Stal: M390<br \/>\n Kraj pochodzenia: USA<\/p>\n<p><iframe title=\"Microtech Combat Troodon Torture Test\" width=\"800\" height=\"450\" src=\"https:\/\/www.youtube.com\/embed\/xE9TeOFYEjg?feature=oembed\" frameborder=\"0\" allow=\"accelerometer; autoplay; clipboard-write; encrypted-media; gyroscope; picture-in-picture; web-share\" allowfullscreen><\/iframe><\/p>\n","protected":false},"excerpt":{"rendered":"<div class=\"elementor-element elementor-element-bbb542b elementor-widget elementor-widget-woocommerce-product-short-description\" data-id=\"bbb542b\" data-element_type=\"widget\" data-widget_type=\"woocommerce-product-short-description.default\">\n<div class=\"elementor-widget-container\">\n<div class=\"woocommerce-product-details__short-description\">\n<p>Przez lata <strong>firma Microtech\u00ae Knives<\/strong> wype\u0142nia\u0142a no\u017ce pasj\u0105 i umiej\u0119tno\u015bciami, aby tworzy\u0107 niemal dzie\u0142a sztuki, kt\u00f3re s\u0105 szczytem funkcjonalno\u015bci. Wci\u0105\u017c przesuwa granice i je udoskonala.Wszystkie cz\u0119\u015bci s\u0105 produkowane w USA.<br \/>\n<strong>Wszystkie no\u017ce Microtech obj\u0119te s\u0105 do\u017cywotni\u0105 gwarancj\u0105.<\/strong><\/p>\n<p><strong>Darmowa wysy\u0142ka.<\/strong><\/p>\n<\/div>\n<\/div>\n<\/div>\n","protected":false},"featured_media":312309,"comment_status":"open","ping_status":"closed","template":"","meta":[],"pwb-brand":[3279],"product_brand":[],"product_cat":[3296,3344],"product_tag":[3671],"class_list":{"0":"post-312298","1":"product","2":"type-product","3":"status-publish","4":"has-post-thumbnail","6":"pwb-brand-microtech-pl","7":"product_cat-noze-pl","8":"product_cat-noze-strzeleckie","9":"product_tag-b2b-pl","11":"first","12":"instock","13":"taxable","14":"shipping-taxable","15":"purchasable","16":"product-type-simple"},"brands":[{"id":3279,"name":"Microtech","slug":"microtech-pl"}],"_links":{"self":[{"href":"https:\/\/www.moskito.cz\/pl\/wp-json\/wp\/v2\/product\/312298","targetHints":{"allow":["GET"]}}],"collection":[{"href":"https:\/\/www.moskito.cz\/pl\/wp-json\/wp\/v2\/product"}],"about":[{"href":"https:\/\/www.moskito.cz\/pl\/wp-json\/wp\/v2\/types\/product"}],"replies":[{"embeddable":true,"href":"https:\/\/www.moskito.cz\/pl\/wp-json\/wp\/v2\/comments?post=312298"}],"wp:featuredmedia":[{"embeddable":true,"href":"https:\/\/www.moskito.cz\/pl\/wp-json\/wp\/v2\/media\/312309"}],"wp:attachment":[{"href":"https:\/\/www.moskito.cz\/pl\/wp-json\/wp\/v2\/media?parent=312298"}],"wp:term":[{"taxonomy":"pwb-brand","embeddable":true,"href":"https:\/\/www.moskito.cz\/pl\/wp-json\/wp\/v2\/pwb-brand?post=312298"},{"taxonomy":"product_brand","embeddable":true,"href":"https:\/\/www.moskito.cz\/pl\/wp-json\/wp\/v2\/product_brand?post=312298"},{"taxonomy":"product_cat","embeddable":true,"href":"https:\/\/www.moskito.cz\/pl\/wp-json\/wp\/v2\/product_cat?post=312298"},{"taxonomy":"product_tag","embeddable":true,"href":"https:\/\/www.moskito.cz\/pl\/wp-json\/wp\/v2\/product_tag?post=312298"}],"curies":[{"name":"wp","href":"https:\/\/api.w.org\/{rel}","templated":true}]}}