{"id":312392,"date":"2022-03-31T20:20:27","date_gmt":"2024-02-06T20:33:44","guid":{"rendered":"https:\/\/www.moskito.cz\/produkt\/noz-strzelecki-microtech-violet-utx-85-231-1vi\/"},"modified":"2025-05-07T11:02:27","modified_gmt":"2025-05-07T10:02:27","slug":"noz-strzelecki-microtech-violet-utx-85-231-1vi","status":"publish","type":"product","link":"https:\/\/www.moskito.cz\/pl\/produkt\/noz-strzelecki-microtech-violet-utx-85-231-1vi\/","title":{"rendered":"N\u00f3\u017c strzelecki Microtech Violet UTX-85 231-1VI"},"content":{"rendered":"<p>N\u00f3\u017c strzelecki <strong>Microtech<\/strong> Violet UTX-85 231-1VI.<\/p>\n<p>N\u00f3\u017c Microtech UTX-85 OTF to idealne po\u0142\u0105czenie kompaktowych rozmiar\u00f3w i \u015bwietnej wydajno\u015bci. Przy wielko\u015bci 85% Ultratech, Microtech UTX-85 jest wykonany z tych samych materia\u0142\u00f3w, na tych samych maszynach i z tak\u0105 sam\u0105 pomys\u0142owo\u015bci\u0105, jak jego poprzednik. Microtech UTX-85 to idealny n\u00f3\u017c na ka\u017cd\u0105 sytuacj\u0119 \u2013 niezale\u017cnie od tego, jakie zadanie wykonujesz; b\u0119dzie idealnie pasowa\u0107 do Twojego stylu \u017cycia. Dzi\u0119ki szybkiemu otwieraniu i zamykaniu jedn\u0105 r\u0119k\u0105, wykonuje t\u0119 prac\u0119 w ci\u0105gu kilku sekund. Wyposa\u017cony w dwustronny klips do kieszeni i niewielkie rozmiary, jest idealnym wyborem do codziennego u\u017cytku i noszenia.<\/p>\n<p>&nbsp;<\/p>\n<p>SPECYFIKACJA:<\/p>\n<p>D\u0142ugo\u015b\u0107 ca\u0142kowita: 18,3 cm<br \/>\nD\u0142ugo\u015b\u0107 po zamkni\u0119ciu: 10,3 cm<br \/>\nD\u0142ugo\u015b\u0107 ostrza: 7,8 cm<br \/>\nD\u0142ugo\u015b\u0107 ostrza: 7,5 cm<br \/>\nGrubo\u015b\u0107 ostrza: 3,23 mm<br \/>\nOstrze ze stali: Elmax, XHP, M390 lub 204P<br \/>\nWyko\u0144czenie ostrza: czarne<br \/>\nMateria\u0142 r\u0119koje\u015bci: czarne aluminium<br \/>\nGrubo\u015b\u0107 r\u0119koje\u015bci: 13 mm<\/p>\n<p>Stal: M390<br \/>\nKlips kieszonkowy: sk\u0142adany w d\u00f3\u0142<br \/>\nKraj pochodzenia: USA<\/p>\n<p><iframe title=\"Microtech Combat Troodon Torture Test\" width=\"800\" height=\"450\" src=\"https:\/\/www.youtube.com\/embed\/xE9TeOFYEjg?feature=oembed\" frameborder=\"0\" allow=\"accelerometer; autoplay; clipboard-write; encrypted-media; gyroscope; picture-in-picture; web-share\" allowfullscreen><\/iframe><\/p>\n<p>&nbsp;<\/p>\n<p>N\u00f3\u017c Microtech UTX-85 OTF to idealne po\u0142\u0105czenie kompaktowych rozmiar\u00f3w i du\u017cej wydajno\u015bci. Przy wielko\u015bci 85% Ultratech, Microtech UTX-85 jest produkowany z tych samych materia\u0142\u00f3w, na tych samych maszynach i z tak\u0105 sam\u0105 pomys\u0142owo\u015bci\u0105, jak jego poprzednik. Microtech UTX-85 to idealny n\u00f3\u017c na ka\u017cd\u0105 sytuacj\u0119 \u2013 niezale\u017cnie od zadania ci\u0119cia; b\u0119dzie p\u0142ynnie wsp\u00f3\u0142gra\u0107 z Twoim stylem \u017cycia. Dzi\u0119ki szybkiemu otwieraniu i zamykaniu jedn\u0105 r\u0119k\u0105, zadanie zostanie wykonane w ci\u0105gu kilku sekund. Wyposa\u017cony w obur\u0119czny klips kieszonkowy i niewielkie rozmiary, jest to idealny wyb\u00f3r do codziennego u\u017cytku i noszenia.<\/p>\n<p>Dane techniczne<br \/>\nAkcja: Podw\u00f3jne dzia\u0142anie \u2013 automatyczne strzelanie\/automatyczne cofanie<br \/>\nGrubo\u015b\u0107: 0,125&#8243;<br \/>\nD\u0142ugo\u015b\u0107 ostrza: 3,0&#8243;<br \/>\nNale\u017cy pami\u0119ta\u0107, \u017ce nie mo\u017cna okre\u015bli\u0107 stali ostrza, poniewa\u017c mo\u017ce ona ulec zmianie w zale\u017cno\u015bci od dost\u0119pno\u015bci (informacje od Microtech)<br \/>\nStyl ostrza: Drop Point<br \/>\nPodwozie: stop AL 6061-T6, anodowany na kolor fioletowy Mil-Spec Hard Coat<br \/>\nMateria\u0142 r\u0119koje\u015bci: aluminium<br \/>\nGrubo\u015b\u0107 r\u0119koje\u015bci: 0,46 cala<br \/>\nD\u0142ugo\u015b\u0107 zamkni\u0119ta: 4,38 cala<br \/>\nD\u0142ugo\u015b\u0107 ca\u0142kowita: 7,38 cala<br \/>\nKieszonkowy klips: stal nierdzewna 301<br \/>\nStandardowy blat: stop AL 6061-T6<br \/>\nSpust: stal nierdzewna 303<br \/>\nWaga: 2,8 uncji<br \/>\nWyprodukowano w USA<\/p>\n","protected":false},"excerpt":{"rendered":"<p>Przez lata <strong>Microtech\u00ae Knives<\/strong> wype\u0142nia\u0142 no\u017ce pasj\u0105 i umiej\u0119tno\u015bciami, aby stworzy\u0107 niemal dzie\u0142a sztuki, kt\u00f3re s\u0105 szczytem funkcjonalno\u015bci.Wszystkie cz\u0119\u015bci s\u0105 produkowane w USA.<br \/>\n<strong>Wszystkie no\u017ce Microtech obj\u0119te s\u0105 do\u017cywotni\u0105 gwarancj\u0105.<\/strong><\/p>\n<p><strong>Bezp\u0142atny transport.<\/strong><\/p>\n","protected":false},"featured_media":312399,"comment_status":"open","ping_status":"closed","template":"","meta":[],"pwb-brand":[3279],"product_brand":[],"product_cat":[3296,3344],"product_tag":[3671],"class_list":{"0":"post-312392","1":"product","2":"type-product","3":"status-publish","4":"has-post-thumbnail","6":"pwb-brand-microtech-pl","7":"product_cat-noze-pl","8":"product_cat-noze-strzeleckie","9":"product_tag-b2b-pl","11":"first","12":"instock","13":"taxable","14":"shipping-taxable","15":"purchasable","16":"product-type-simple"},"brands":[{"id":3279,"name":"Microtech","slug":"microtech-pl"}],"_links":{"self":[{"href":"https:\/\/www.moskito.cz\/pl\/wp-json\/wp\/v2\/product\/312392","targetHints":{"allow":["GET"]}}],"collection":[{"href":"https:\/\/www.moskito.cz\/pl\/wp-json\/wp\/v2\/product"}],"about":[{"href":"https:\/\/www.moskito.cz\/pl\/wp-json\/wp\/v2\/types\/product"}],"replies":[{"embeddable":true,"href":"https:\/\/www.moskito.cz\/pl\/wp-json\/wp\/v2\/comments?post=312392"}],"wp:featuredmedia":[{"embeddable":true,"href":"https:\/\/www.moskito.cz\/pl\/wp-json\/wp\/v2\/media\/312399"}],"wp:attachment":[{"href":"https:\/\/www.moskito.cz\/pl\/wp-json\/wp\/v2\/media?parent=312392"}],"wp:term":[{"taxonomy":"pwb-brand","embeddable":true,"href":"https:\/\/www.moskito.cz\/pl\/wp-json\/wp\/v2\/pwb-brand?post=312392"},{"taxonomy":"product_brand","embeddable":true,"href":"https:\/\/www.moskito.cz\/pl\/wp-json\/wp\/v2\/product_brand?post=312392"},{"taxonomy":"product_cat","embeddable":true,"href":"https:\/\/www.moskito.cz\/pl\/wp-json\/wp\/v2\/product_cat?post=312392"},{"taxonomy":"product_tag","embeddable":true,"href":"https:\/\/www.moskito.cz\/pl\/wp-json\/wp\/v2\/product_tag?post=312392"}],"curies":[{"name":"wp","href":"https:\/\/api.w.org\/{rel}","templated":true}]}}