{"id":312423,"date":"2021-10-26T17:49:04","date_gmt":"2021-10-26T16:49:04","guid":{"rendered":"https:\/\/www.moskito.cz\/produkt\/noz-strzelecki-microtech-troodon-mini-satin-double-edge-238-4\/"},"modified":"2025-12-22T13:56:41","modified_gmt":"2025-12-22T12:56:41","slug":"noz-strzelecki-microtech-troodon-mini-satin-double-edge-238-4","status":"publish","type":"product","link":"https:\/\/www.moskito.cz\/pl\/produkt\/noz-strzelecki-microtech-troodon-mini-satin-double-edge-238-4\/","title":{"rendered":"N\u00f3\u017c strzelecki Microtech Troodon Mini Satin Double Edge 238-4"},"content":{"rendered":"<h3 data-pm-slice=\"1 1 []\">N\u00f3\u017c strzelecki Microtech Troodon Mini Satin Double Edge 238-4<\/h3>\n<p><strong>Niesamowita wydajno\u015b\u0107 w kompaktowej obudowie.<\/strong>  Microtech Troodon Mini Satin Double Edge 238-4 to jeden z najmniejszych, a jednocze\u015bnie najbardziej niezawodnych no\u017cy OTF, jakie kiedykolwiek stworzy\u0142a firma Microtech. Niezale\u017cnie od tego, czy szukasz dyskretnego no\u017ca EDC, stylowego akcesorium, czy te\u017c najlepszego narz\u0119dzia do samoobrony, ten model oferuje wszystko, czego potrzebujesz &#8211; a nawet wi\u0119cej. <\/p>\n<div>\n<hr>\n<\/div>\n<h3>Specyfikacja techniczna:<\/h3>\n<ul data-spread=\"false\">\n<li><strong>Ca\u0142kowita d\u0142ugo\u015b\u0107:<\/strong> 14 cm<\/li>\n<li><strong>D\u0142ugo\u015b\u0107 po zamkni\u0119ciu:<\/strong> 9 cm<\/li>\n<li><strong>D\u0142ugo\u015b\u0107 ostrza:<\/strong> 5 cm<\/li>\n<li><strong>Grubo\u015b\u0107 ostrza:<\/strong> 0,32 cm<\/li>\n<li><strong>Materia\u0142 ostrza:<\/strong> stal premium M390<\/li>\n<li><strong>Kszta\u0142t ostrza:<\/strong> podw\u00f3jna kraw\u0119d\u017a &#8211; obosieczny sztylet<\/li>\n<li><strong>Wyko\u0144czenie ostrza:<\/strong> Satyna &#8211; eleganckie, r\u0119cznie polerowane wyko\u0144czenie<\/li>\n<li><strong>Uchwyt:<\/strong> anodyzowane na czarno aluminium z delikatn\u0105 tekstur\u0105 zapewniaj\u0105c\u0105 pewny chwyt<\/li>\n<li><strong>Mechanizm:<\/strong> OTF (Out-The-Front) &#8211; automatyczne wysuwanie i chowanie<\/li>\n<li><strong>Made in USA \ud83c\uddfa\ud83c\uddf8<\/strong><\/li>\n<\/ul>\n<div>\n<hr>\n<\/div>\n<h3>Do czego nadaje si\u0119 kszta\u0142t ostrza:<\/h3>\n<p><strong>Double Edge (sztylet)<\/strong> jest idealny do szybkiej i skutecznej penetracji materia\u0142u z obu stron. Nadaje si\u0119 do cel\u00f3w taktycznych i samoobrony, a tak\u017ce do konkretnych zada\u0144 ci\u0119cia, w kt\u00f3rych wa\u017cna jest symetria i precyzja. Jest to ostrze o uderzaj\u0105cym charakterze i wysokiej penetracji.  <\/p>\n<div>\n<hr>\n<\/div>\n<h3>Zastosowanie i cel:<\/h3>\n<ul data-spread=\"false\">\n<li>Codzienne noszenie (EDC)<\/li>\n<li>Samoobrona<\/li>\n<li>Przedmiot kolekcjonerski<\/li>\n<li>Luksusowe akcesorium dla wymagaj\u0105cych<\/li>\n<li>Nadaje si\u0119 r\u00f3wnie\u017c dla profesjonalist\u00f3w, kt\u00f3rzy potrzebuj\u0105 ma\u0142ego, ale niezwykle niezawodnego narz\u0119dzia<\/li>\n<\/ul>\n<div>\n<hr>\n<\/div>\n<h3>Zalety:<\/h3>\n<p>Niezwykle kompaktowy i lekki &#8211; idealny do kieszeni lub jako n\u00f3\u017c zapasowy.<br \/>\nOdwracalne ostrze &#8211; skuteczne z obu stron<br \/>\nSzybki, niezawodny i dok\u0142adny mechanizm OTF<br \/>\nWysokiej jako\u015bci stal i precyzyjnie wypolerowane ostrze<br \/>\nStylowy, elegancki i zab\u00f3jczo funkcjonalny<br \/>\nUchwyt o doskona\u0142ej ergonomii<br \/>\nMade in USA \ud83c\uddfa\ud83c\uddf8<br \/>\nOgraniczona dost\u0119pno\u015b\u0107 &#8211; bardzo trudne do znalezienia<br \/>\nWysoka warto\u015b\u0107 dla kolekcjoner\u00f3w i wymagaj\u0105cych u\u017cytkownik\u00f3w<\/p>\n<div>\n<hr>\n<\/div>\n<h3>Wady:<\/h3>\n<p>Kompaktowy rozmiar &#8211; nie nadaje si\u0119 do ci\u0119\u017ckiej pracy na zewn\u0105trz<br \/>\nOstrze z podw\u00f3jn\u0105 kraw\u0119dzi\u0105 mo\u017ce nie by\u0107 legalne we wszystkich krajach.<\/p>\n<div>\n<hr>\n<\/div>\n<h3>Najwy\u017csza jako\u015b\u0107:<\/h3>\n<p><strong>Wszystkie no\u017ce Microtech, w tym Microtech Troodon Mini Satin Double Edge 238-4, s\u0105 produkowane w USA \ud83c\uddfa\ud83c\uddf8.<\/strong>  Marka ta znana jest z precyzyjnego rzemios\u0142a, stosowania najwy\u017cszej jako\u015bci materia\u0142\u00f3w i maksymalnej niezawodno\u015bci, co czyni j\u0105 jedn\u0105 z najbardziej szanowanych marek w dziedzinie no\u017cy spr\u0119\u017cynowych.<\/p>\n<div>\n<hr>\n<\/div>\n<h3>Atrakcyjno\u015b\u0107 emocjonalna:<\/h3>\n<p>Troodon Mini to nie tylko n\u00f3\u017c &#8211; to osobisty obro\u0144ca w eleganckiej obudowie. Dzi\u0119ki temu modelowi masz na wyci\u0105gni\u0119cie r\u0119ki kawa\u0142ek technologii, mocy i stylu, kt\u00f3ry nigdy Ci\u0119 nie zawiedzie. Gdziekolwiek jeste\u015b, ten n\u00f3\u017c da Ci poczucie kontroli i pewno\u015bci siebie.    <strong>Jest zar\u00f3wno broni\u0105, jak i bi\u017cuteri\u0105. I mie\u015bci si\u0119 w kieszeni. <\/strong><\/p>\n<div>\n<hr>\n<\/div>\n<h3>Powody, dla kt\u00f3rych warto kupi\u0107 teraz:<\/h3>\n<p>\ud83d\ude9a <strong>Darmowa wysy\u0142ka<\/strong><br \/>\n\ud83c\udf81 <strong>Prezent do zam\u00f3wienia<\/strong><br \/>\n\u2705 <strong>Gwarancja oryginalno\u015bci i sprawdzone pochodzenie<\/strong><br \/>\n\u26a1 <strong>Szybka wysy\u0142ka w ci\u0105gu 24 godzin<\/strong><br \/>\n\ud83d\udcb3      <strong>Mo\u017cliwo\u015b\u0107 p\u0142atno\u015bci przy odbiorze lub online kart\u0105<\/strong><\/p>\n<div>\n<hr>\n<\/div>\n<h3>Wniosek:<\/h3>\n<p>Microtech Troodon Mini Satin Double Edge 238-4 to symbol technicznej doskona\u0142o\u015bci w miniaturowym formacie. \u0141\u0105czy w sobie elegancj\u0119, moc i praktyczno\u015b\u0107. Zosta\u0142 zaprojektowany dla tych, kt\u00f3rzy chc\u0105 tego, co najlepsze &#8211; bez kompromis\u00f3w.<br \/>\n\u27a1\ufe0f  <strong>Zam\u00f3w teraz &#8211; modele Troodon Mini s\u0105 niezwykle popularne i trudne do znalezienia. Zdob\u0105d\u017a sw\u00f3j kawa\u0142ek legendy Microtech ju\u017c dzi\u015b. <\/strong><\/p>\n<div>\n<hr>\n<\/div>\n<p>&nbsp;<\/p>\n<p><iframe title=\"Microtech Combat Troodon Torture Test\" width=\"800\" height=\"450\" src=\"https:\/\/www.youtube.com\/embed\/xE9TeOFYEjg?feature=oembed\" frameborder=\"0\" allow=\"accelerometer; autoplay; clipboard-write; encrypted-media; gyroscope; picture-in-picture; web-share\" allowfullscreen><\/iframe><\/p>\n<p>&nbsp;<\/p>\n","protected":false},"excerpt":{"rendered":"<p><strong>Microtech Troodon Mini Satin Double Edge 238-4 to symbol technicznej doskona\u0142o\u015bci w miniaturowym formacie. \u0141\u0105czy w sobie elegancj\u0119, moc i praktyczno\u015b\u0107. Zosta\u0142 zaprojektowany dla tych, kt\u00f3rzy chc\u0105 tego, co najlepsze &#8211; bez kompromis\u00f3w.  <\/strong><br \/>\n<strong>\u27a1\ufe0f Zam\u00f3w teraz &#8211; modele Troodon Mini s\u0105 niezwykle popularne i trudne do znalezienia. Zdob\u0105d\u017a sw\u00f3j kawa\u0142ek legendy Microtech ju\u017c dzi\u015b. <\/strong><\/p>\n<div><strong>\ud83d\udce6 Zam\u00f3w teraz i otrzymaj darmow\u0105 dostaw\u0119 \ud83d\ude9a<\/strong><\/div>\n","protected":false},"featured_media":312434,"comment_status":"open","ping_status":"closed","template":"","meta":[],"pwb-brand":[3279],"product_brand":[],"product_cat":[3344,3296],"product_tag":[3671],"class_list":{"0":"post-312423","1":"product","2":"type-product","3":"status-publish","4":"has-post-thumbnail","6":"pwb-brand-microtech-pl","7":"product_cat-noze-strzeleckie","8":"product_cat-noze-pl","9":"product_tag-b2b-pl","11":"first","12":"instock","13":"taxable","14":"shipping-taxable","15":"purchasable","16":"product-type-simple"},"brands":[{"id":3279,"name":"Microtech","slug":"microtech-pl"}],"_links":{"self":[{"href":"https:\/\/www.moskito.cz\/pl\/wp-json\/wp\/v2\/product\/312423","targetHints":{"allow":["GET"]}}],"collection":[{"href":"https:\/\/www.moskito.cz\/pl\/wp-json\/wp\/v2\/product"}],"about":[{"href":"https:\/\/www.moskito.cz\/pl\/wp-json\/wp\/v2\/types\/product"}],"replies":[{"embeddable":true,"href":"https:\/\/www.moskito.cz\/pl\/wp-json\/wp\/v2\/comments?post=312423"}],"wp:featuredmedia":[{"embeddable":true,"href":"https:\/\/www.moskito.cz\/pl\/wp-json\/wp\/v2\/media\/312434"}],"wp:attachment":[{"href":"https:\/\/www.moskito.cz\/pl\/wp-json\/wp\/v2\/media?parent=312423"}],"wp:term":[{"taxonomy":"pwb-brand","embeddable":true,"href":"https:\/\/www.moskito.cz\/pl\/wp-json\/wp\/v2\/pwb-brand?post=312423"},{"taxonomy":"product_brand","embeddable":true,"href":"https:\/\/www.moskito.cz\/pl\/wp-json\/wp\/v2\/product_brand?post=312423"},{"taxonomy":"product_cat","embeddable":true,"href":"https:\/\/www.moskito.cz\/pl\/wp-json\/wp\/v2\/product_cat?post=312423"},{"taxonomy":"product_tag","embeddable":true,"href":"https:\/\/www.moskito.cz\/pl\/wp-json\/wp\/v2\/product_tag?post=312423"}],"curies":[{"name":"wp","href":"https:\/\/api.w.org\/{rel}","templated":true}]}}