{"id":312436,"date":"2021-10-31T09:56:42","date_gmt":"2024-02-06T20:34:25","guid":{"rendered":"https:\/\/www.moskito.cz\/produkt\/naprawiony-noz-microtech-socom-alpha-mini-stonewashed-113m-11\/"},"modified":"2025-05-07T11:02:29","modified_gmt":"2025-05-07T10:02:29","slug":"naprawiony-noz-microtech-socom-alpha-mini-stonewashed-113m-11","status":"publish","type":"product","link":"https:\/\/www.moskito.cz\/pl\/produkt\/naprawiony-noz-microtech-socom-alpha-mini-stonewashed-113m-11\/","title":{"rendered":"Naprawiony n\u00f3\u017c Microtech Socom Alpha Mini Stonewashed 113M-11"},"content":{"rendered":"<p>Naprawiony n\u00f3\u017c <strong>Microtech<\/strong> Socom Alpha Mini Stonewashed 113M-11.<\/p>\n<p>Socom Alpha Mini to elitarne ostrze sta\u0142e oparte na popularnym Socom. R\u0119koje\u015b\u0107 jest mniej wi\u0119cej tej samej wielko\u015bci, ale pe\u0142ne ostrze Socom Alpha ma nieco kr\u00f3tsze ostrze, tworz\u0105c idealnie wywa\u017cony n\u00f3\u017c. Przeznaczona jest dla u\u017cytkownik\u00f3w taktycznych, kolekcjoner\u00f3w oraz ka\u017cdego, kto ceni sobie ostrze najwy\u017cszej jako\u015bci.<\/p>\n<p>Konstrukcja typu full tang posiada kraw\u0119dzie wok\u00f3\u0142 r\u0119koje\u015bci, co zapewnia najbezpieczniejsze mo\u017cliwe trzymanie tego taktycznego sta\u0142ego ostrza. Frezowane r\u0119koje\u015bci G10 maj\u0105 wyprofilowany kszta\u0142t zapewniaj\u0105cy maksymalnie ergonomiczny chwyt i tworz\u0105 idealn\u0105 harmoni\u0119 pomi\u0119dzy u\u017cytkownikiem a narz\u0119dziem. Ostrze Clip Point jest szlifowane z zaokr\u0105glonym grzbietem i szorstk\u0105 kamienn\u0105 powierzchni\u0105. Socom Alpha mini emanuje aur\u0105 najlepszego u\u017cytkownika zar\u00f3wno jako taktyczne, jak i u\u017cytkowe ostrze sta\u0142e. Jest produkowany z zachowaniem idealnie w\u0105skich tolerancji, wi\u0119c wiesz, \u017ce poradzi sobie ze wszystkim, co na niego rzucisz. W zestawie pochwa Kydex pokryta w\u0142\u00f3knem w\u0119glowym z systemem MOLLE LOK, zapewniaj\u0105ca wiele opcji noszenia w zale\u017cno\u015bci od indywidualnych preferencji.<\/p>\n<p>Dane techniczne<br \/>\nD\u0142ugo\u015b\u0107 ostrza: 9,3 cm<br \/>\nD\u0142ugo\u015b\u0107 ca\u0142kowita: 20,5 cm<br \/>\nStal: 390<br \/>\nStyl ostrza: Clip Point<br \/>\nSzlif ostrza: p\u0142aski<br \/>\nObr\u00f3bka powierzchni ostrza: Stonewash<br \/>\nMateria\u0142 r\u0119koje\u015bci: czarny G10<br \/>\nMateria\u0142 os\u0142ony: Kydex z wyko\u0144czeniem w\u0142\u00f3knem w\u0119glowym<br \/>\nWaga: 6,4 uncji<br \/>\nWaga z etui: 9,9 uncji.<br \/>\nProjektant: Tony Marfione<br \/>\nWykonane w USA<\/p>\n<p><iframe title=\"Microtech Combat Troodon Torture Test\" width=\"800\" height=\"450\" src=\"https:\/\/www.youtube.com\/embed\/xE9TeOFYEjg?feature=oembed\" frameborder=\"0\" allow=\"accelerometer; autoplay; clipboard-write; encrypted-media; gyroscope; picture-in-picture; web-share\" allowfullscreen><\/iframe><\/p>\n<p>&nbsp;<\/p>\n<p><strong>N\u00f3\u017c Microtech<\/strong> 113M-11 Socom Alpha Mini z ostrzem sta\u0142ym 3,72&#8243; Stonewashed Clip Point Combo, uchwyty G10, pochwa Kydex<\/p>\n<p>Socom Alpha Mini to elitarne ostrze sta\u0142e oparte na popularnym folderze Socom. R\u0119koje\u015b\u0107 jest mniej wi\u0119cej tej samej wielko\u015bci, ale sta\u0142e ostrze Socom Alpha ma nieco kr\u00f3tsze ostrze, co tworzy idealnie wywa\u017cony n\u00f3\u017c. Przeznaczona jest dla u\u017cytkownik\u00f3w taktycznych, kolekcjoner\u00f3w i ka\u017cdego, kto ceni sobie ostrze najwy\u017cszej jako\u015bci.<\/p>\n<p>Konstrukcja typu full tang obejmuje zaciskanie wok\u00f3\u0142 ca\u0142ej r\u0119koje\u015bci, aby zapewni\u0107 najbezpieczniejsze mo\u017cliwe trzymanie tego taktycznego sta\u0142ego ostrza. Frezowane skale G10 maj\u0105 wyprofilowany kszta\u0142t zapewniaj\u0105cy wyj\u0105tkowo ergonomiczny chwyt, tworz\u0105c idealn\u0105 harmoni\u0119 mi\u0119dzy u\u017cytkownikiem a instrumentem. Ostrze typu Clip Point jest szlifowane p\u0142asko z zaokr\u0105glonym grzbietem i wytrzyma\u0142ym wyko\u0144czeniem typu stonewashed. Socom Alpha mini emanuje aur\u0105 u\u017cytkownika najwy\u017cszej klasy, zar\u00f3wno jako ostrze sta\u0142e taktyczne, jak i u\u017cytkowe. Jest produkowany z nienagannie w\u0105skimi tolerancjami, wi\u0119c wiesz, \u017ce poradzi sobie ze wszystkim, co na niego rzucisz. W zestawie pochwa Kydex wyko\u0144czona w\u0142\u00f3knem w\u0119glowym z systemami MOLLE LOK, zapewniaj\u0105ca wiele opcji noszenia w zale\u017cno\u015bci od indywidualnych preferencji.<\/p>\n<p>Dane techniczne<br \/>\nD\u0142ugo\u015b\u0107 ostrza: 3,72 cala<br \/>\nKraw\u0119d\u017a tn\u0105ca: 3,65 cala<br \/>\nD\u0142ugo\u015b\u0107 r\u0119koje\u015bci: 4,4&#8243;<br \/>\nD\u0142ugo\u015b\u0107 ca\u0142kowita: 8,17 cala<br \/>\nNale\u017cy pami\u0119ta\u0107, \u017ce nie mo\u017cna okre\u015bli\u0107 stali ostrza, poniewa\u017c mo\u017ce ona ulec zmianie w zale\u017cno\u015bci od dost\u0119pno\u015bci (informacje od Microtech)<br \/>\nGrubo\u015b\u0107 ostrza: 0,157 cala<br \/>\nStyl ostrza: Clip Point<br \/>\nSzlif ostrza: p\u0142aski<br \/>\nWyko\u0144czenie ostrza: Stonewash<br \/>\nMateria\u0142 r\u0119koje\u015bci: czarny G10<br \/>\nGrubo\u015b\u0107 r\u0119koje\u015bci: 0,67 cala<br \/>\nMateria\u0142 os\u0142ony: Kydex z wyko\u0144czeniem w\u0142\u00f3knem w\u0119glowym<br \/>\nWaga: 6,4 uncji<br \/>\nWaga z os\u0142on\u0105: 9,9 uncji.<br \/>\nProjektant: Tony Marfione<br \/>\nWyprodukowano w USA<\/p>\n<p>&nbsp;<\/p>\n","protected":false},"excerpt":{"rendered":"<p>Przez lata firma M <strong>icrotech\u00ae Knives<\/strong> wype\u0142nia\u0142a no\u017ce pasj\u0105 i umiej\u0119tno\u015bciami, aby tworzy\u0107 niemal dzie\u0142a sztuki, kt\u00f3re s\u0105 szczytem funkcjonalno\u015bci. Wszystkie cz\u0119\u015bci wyprodukowano w USA.<br \/>\n<strong>Wszystkie no\u017ce Microtech obj\u0119te s\u0105 do\u017cywotni\u0105 gwarancj\u0105.<\/strong><\/p>\n<p><strong>Bezp\u0142atny transport.<\/strong><\/p>\n","protected":false},"featured_media":312440,"comment_status":"open","ping_status":"closed","template":"","meta":[],"pwb-brand":[3279],"product_brand":[],"product_cat":[3296,3297],"product_tag":[3671],"class_list":{"0":"post-312436","1":"product","2":"type-product","3":"status-publish","4":"has-post-thumbnail","6":"pwb-brand-microtech-pl","7":"product_cat-noze-pl","8":"product_cat-solidne-noze","9":"product_tag-b2b-pl","11":"first","12":"instock","13":"taxable","14":"shipping-taxable","15":"purchasable","16":"product-type-simple"},"brands":[{"id":3279,"name":"Microtech","slug":"microtech-pl"}],"_links":{"self":[{"href":"https:\/\/www.moskito.cz\/pl\/wp-json\/wp\/v2\/product\/312436","targetHints":{"allow":["GET"]}}],"collection":[{"href":"https:\/\/www.moskito.cz\/pl\/wp-json\/wp\/v2\/product"}],"about":[{"href":"https:\/\/www.moskito.cz\/pl\/wp-json\/wp\/v2\/types\/product"}],"replies":[{"embeddable":true,"href":"https:\/\/www.moskito.cz\/pl\/wp-json\/wp\/v2\/comments?post=312436"}],"wp:featuredmedia":[{"embeddable":true,"href":"https:\/\/www.moskito.cz\/pl\/wp-json\/wp\/v2\/media\/312440"}],"wp:attachment":[{"href":"https:\/\/www.moskito.cz\/pl\/wp-json\/wp\/v2\/media?parent=312436"}],"wp:term":[{"taxonomy":"pwb-brand","embeddable":true,"href":"https:\/\/www.moskito.cz\/pl\/wp-json\/wp\/v2\/pwb-brand?post=312436"},{"taxonomy":"product_brand","embeddable":true,"href":"https:\/\/www.moskito.cz\/pl\/wp-json\/wp\/v2\/product_brand?post=312436"},{"taxonomy":"product_cat","embeddable":true,"href":"https:\/\/www.moskito.cz\/pl\/wp-json\/wp\/v2\/product_cat?post=312436"},{"taxonomy":"product_tag","embeddable":true,"href":"https:\/\/www.moskito.cz\/pl\/wp-json\/wp\/v2\/product_tag?post=312436"}],"curies":[{"name":"wp","href":"https:\/\/api.w.org\/{rel}","templated":true}]}}