{"id":312437,"date":"2022-01-08T07:03:59","date_gmt":"2024-02-06T20:34:25","guid":{"rendered":"https:\/\/www.moskito.cz\/produkt\/noz-strzelecki-microtech-stitch-borka-blades-wharncliffe-stonewash-169-12\/"},"modified":"2025-05-07T11:02:29","modified_gmt":"2025-05-07T10:02:29","slug":"noz-strzelecki-microtech-stitch-borka-blades-wharncliffe-stonewash-169-12","status":"publish","type":"product","link":"https:\/\/www.moskito.cz\/pl\/produkt\/noz-strzelecki-microtech-stitch-borka-blades-wharncliffe-stonewash-169-12\/","title":{"rendered":"N\u00f3\u017c strzelecki Microtech Stitch Borka Blades WHARNCLIFFE STONEWASH 169-12"},"content":{"rendered":"<p>N\u00f3\u017c strzelecki <strong>Microtech<\/strong> Stitch Borka Blades WHARNCLIFFE STONEWASH 169-12<\/p>\n<p>Ten automatyczny Stitch to pi\u0119kna, taktyczna wsp\u00f3\u0142praca Tony&#8217;ego <strong>Marfione<\/strong> i Sebastijana Berenjiego, znanego r\u00f3wnie\u017c jako Borka. Niesamowity projekt Sebastijana Stitcha z niesamowitym mechanizmem automatycznego otwierania Tony&#8217;ego sprawia, \u017ce \u200b\u200bjest to jedna z najlepszych kolaboracji produkcyjnych w 2017 roku. Ostrze o d\u0142ugo\u015bci 8,5 cm ma p\u0142ask\u0105, apokaliptyczn\u0105 powierzchni\u0119. R\u0119koje\u015b\u0107 wykonana jest z wysoko frezowanego aluminium z czarnym anodyzowanym wyko\u0144czeniem Mil-Spec Hardcoat i aluminiow\u0105 przek\u0142adk\u0105 tyln\u0105. Ostrze strzela jak rakieta i blokuje si\u0119 solidnie, co jest imponuj\u0105cym wyczynem, bior\u0105c pod uwag\u0119, \u017ce jest AUTO. Jest to d\u0142ugo wyczekiwany model produkcyjny s\u0142ynnego zwyczaju, dlatego masz szans\u0119 mie\u0107 n\u00f3\u017c Borka za u\u0142amek ceny.<\/p>\n<p>Projekt Borki<br \/>\nOsprz\u0119t Torx<br \/>\nTeksturowana aluminiowa podk\u0142adka dystansowa<br \/>\nDane techniczne<br \/>\nD\u0142ugo\u015b\u0107 ostrza: 8,5 cm<br \/>\nD\u0142ugo\u015b\u0107 r\u0105czki: 12,5 cm<br \/>\nD\u0142ugo\u015b\u0107 ca\u0142kowita: 21 cm<br \/>\nStal: M390<br \/>\nStyl ostrza: Szpic w\u0142\u00f3czni<br \/>\nSzlif ostrza: p\u0142aski<br \/>\nObr\u00f3bka powierzchni ostrza: Stonewash<br \/>\nMateria\u0142 r\u0119koje\u015bci: frezowane aluminium, twarda pow\u0142oka Mil-Spec, anodowana<br \/>\nMechanizm blokuj\u0105cy: Przycisk<br \/>\nKlips kieszonkowy: stal nierdzewna (sk\u0142adany, prawy)<br \/>\nWaga: 6,3 uncji<br \/>\nProjektanci: Sebastijan Berenji i Tony Marfione<br \/>\nWykonane w USA<\/p>\n<p><iframe title=\"Microtech Combat Troodon Torture Test\" width=\"800\" height=\"450\" src=\"https:\/\/www.youtube.com\/embed\/xE9TeOFYEjg?feature=oembed\" frameborder=\"0\" allow=\"accelerometer; autoplay; clipboard-write; encrypted-media; gyroscope; picture-in-picture; web-share\" allowfullscreen><\/iframe><\/p>\n","protected":false},"excerpt":{"rendered":"<p>Przez lata <strong>Microtech\u00ae Knives<\/strong> wype\u0142nia\u0142 no\u017ce pasj\u0105 i umiej\u0119tno\u015bciami, aby stworzy\u0107 niemal dzie\u0142a sztuki, kt\u00f3re s\u0105 szczytem funkcjonalno\u015bci.Wszystkie cz\u0119\u015bci s\u0105 produkowane w USA.<br \/>\n<strong>Wszystkie no\u017ce Microtech obj\u0119te s\u0105 do\u017cywotni\u0105 gwarancj\u0105.<\/strong><\/p>\n<p><strong>Bezp\u0142atny transport.<\/strong><\/p>\n","protected":false},"featured_media":312438,"comment_status":"open","ping_status":"closed","template":"","meta":[],"pwb-brand":[3279],"product_brand":[],"product_cat":[3296,3344],"product_tag":[3671],"class_list":{"0":"post-312437","1":"product","2":"type-product","3":"status-publish","4":"has-post-thumbnail","6":"pwb-brand-microtech-pl","7":"product_cat-noze-pl","8":"product_cat-noze-strzeleckie","9":"product_tag-b2b-pl","11":"first","12":"instock","13":"featured","14":"taxable","15":"shipping-taxable","16":"purchasable","17":"product-type-simple"},"brands":[{"id":3279,"name":"Microtech","slug":"microtech-pl"}],"_links":{"self":[{"href":"https:\/\/www.moskito.cz\/pl\/wp-json\/wp\/v2\/product\/312437","targetHints":{"allow":["GET"]}}],"collection":[{"href":"https:\/\/www.moskito.cz\/pl\/wp-json\/wp\/v2\/product"}],"about":[{"href":"https:\/\/www.moskito.cz\/pl\/wp-json\/wp\/v2\/types\/product"}],"replies":[{"embeddable":true,"href":"https:\/\/www.moskito.cz\/pl\/wp-json\/wp\/v2\/comments?post=312437"}],"wp:featuredmedia":[{"embeddable":true,"href":"https:\/\/www.moskito.cz\/pl\/wp-json\/wp\/v2\/media\/312438"}],"wp:attachment":[{"href":"https:\/\/www.moskito.cz\/pl\/wp-json\/wp\/v2\/media?parent=312437"}],"wp:term":[{"taxonomy":"pwb-brand","embeddable":true,"href":"https:\/\/www.moskito.cz\/pl\/wp-json\/wp\/v2\/pwb-brand?post=312437"},{"taxonomy":"product_brand","embeddable":true,"href":"https:\/\/www.moskito.cz\/pl\/wp-json\/wp\/v2\/product_brand?post=312437"},{"taxonomy":"product_cat","embeddable":true,"href":"https:\/\/www.moskito.cz\/pl\/wp-json\/wp\/v2\/product_cat?post=312437"},{"taxonomy":"product_tag","embeddable":true,"href":"https:\/\/www.moskito.cz\/pl\/wp-json\/wp\/v2\/product_tag?post=312437"}],"curies":[{"name":"wp","href":"https:\/\/api.w.org\/{rel}","templated":true}]}}