{"id":312480,"date":"2021-10-27T08:11:13","date_gmt":"2024-02-06T20:34:30","guid":{"rendered":"https:\/\/www.moskito.cz\/produkt\/noz-strzelecki-microtech-ultratech-molon-labe-grawerowanie-121-13mls\/"},"modified":"2025-05-07T11:02:30","modified_gmt":"2025-05-07T10:02:30","slug":"noz-strzelecki-microtech-ultratech-molon-labe-grawerowanie-121-13mls","status":"publish","type":"product","link":"https:\/\/www.moskito.cz\/pl\/produkt\/noz-strzelecki-microtech-ultratech-molon-labe-grawerowanie-121-13mls\/","title":{"rendered":"N\u00f3\u017c strzelecki Microtech Ultratech Molon Labe Grawerowanie 121-13MLS"},"content":{"rendered":"<p>N\u00f3\u017c strzelecki <strong>Microtech Ultratech<\/strong> Molon Labe Grawerowanie 121-13MLS.<\/p>\n<p>Ultratech firmy <strong>Microtech<\/strong> to jeden z najpopularniejszych modeli, zdecydowanie zapewniaj\u0105cy najwi\u0119kszy zwrot z ka\u017cdej wydanej z\u0142ot\u00f3wki. Na zawsze ustanowi standardy dla wszystkich no\u017cy przednich. Ultratech to oryginalny n\u00f3\u017c przedni o podw\u00f3jnym dzia\u0142aniu firmy Microtech, kt\u00f3ry sta\u0142 si\u0119 podstaw\u0105 ca\u0142ej linii OTF. Na przestrzeni lat przeszed\u0142 kilka modyfikacji, za ka\u017cdym razem staj\u0105c si\u0119 coraz bardziej wydajny i niezawodny. Spr\u0119\u017cyna Ultratech pozostaje przez ca\u0142y czas w pozycji \u201espoczynkowej\u201d, chyba \u017ce jest rozci\u0105gni\u0119ta. Dzi\u0119ki temu \u015bci\u015bni\u0119ta spr\u0119\u017cyna nie ulega zm\u0119czeniu, co daje pewno\u015b\u0107 u\u017cytkownikom, \u017ce n\u00f3\u017c po oddaniu strza\u0142u b\u0119dzie dzia\u0142a\u0142 skutecznie. Lekki n\u00f3\u017c Ultratech z mo\u017cliwo\u015bci\u0105 otwierania i zamykania jedn\u0105 r\u0119k\u0105, smuk\u0142y kszta\u0142t i ostre ostrze skalpela sprawiaj\u0105, \u017ce jest to n\u00f3\u017c wyj\u0105tkowy!<\/p>\n<p>Ten model z serii Signature ma r\u0119koje\u015bci z anodyzowanego na czarno aluminium 6061-T6 z formowanym uchwytem i sparta\u0144ski he\u0142m z motywem Molon Labe po lewej stronie. Ostrze ze stali nierdzewnej *M390* z br\u0105zu z apokaliptycznym wyko\u0144czeniem i pojedyncz\u0105 kraw\u0119dzi\u0105. Na ostrzu wyryto napis \u201eMOLON LABE\u201d, co oznacza \u201ePrzyjd\u017a i we\u017a je\u201d, rozs\u0142awiony przez sparta\u0144skiego kr\u00f3la Leonidasa. Br\u0105zowe, apokaliptyczne wyko\u0144czenie, klips do kieszeni i zbijak do szk\u0142a. Klips kieszonkowy oznaczony jest logo Claw, logo Signature Series, numerem seryjnym oraz dat\u0105 produkcji.<\/p>\n<p>Stal: M390<\/p>\n<p>D\u0142ugo\u015b\u0107 ca\u0142kowita: 212 mm<br \/>\nD\u0142ugo\u015b\u0107 w stanie zamkni\u0119tym: 127 mm<br \/>\nD\u0142ugo\u015b\u0107 ostrza: 85 mm<br \/>\nGrubo\u015b\u0107 ostrza: 3,23 mm<br \/>\nWyko\u0144czenie ostrza: Br\u0105z<br \/>\nStyl ostrza: Drop Point<br \/>\nStyl obramowania: zwyk\u0142y<br \/>\nMateria\u0142 r\u0119koje\u015bci: czarne aluminium<br \/>\nGrubo\u015b\u0107 r\u0119koje\u015bci: 12 mm<br \/>\nKlips kieszonkowy: sk\u0142adany w d\u00f3\u0142<br \/>\nWaga: 99,23 g<br \/>\nProducent nr ref. #: 121-13ML<br \/>\nKraj pochodzenia: USA<\/p>\n<p><iframe title=\"Microtech Combat Troodon Torture Test\" width=\"800\" height=\"450\" src=\"https:\/\/www.youtube.com\/embed\/xE9TeOFYEjg?feature=oembed\" frameborder=\"0\" allow=\"accelerometer; autoplay; clipboard-write; encrypted-media; gyroscope; picture-in-picture; web-share\" allowfullscreen><\/iframe><\/p>\n<p>&nbsp;<\/p>\n<p>Microtech 121-13ML Ultratech S\/E &#8211; Czarny uchwyt &#8211; Br\u0105zowe ostrze &#8211; Grawer Molon Labe<\/p>\n<p>Klasyk Microtech, Ultratech, od samego pocz\u0105tku by\u0142 archetypem automatyki zewn\u0119trznej. Zbudowana w oparciu o t\u0119 sam\u0105 sprawdzon\u0105 mechanik\u0119, spr\u0119\u017cyna pozostaje w spoczynku zar\u00f3wno w pozycji otwartej, jak i zamkni\u0119tej, aby zmniejszy\u0107 zu\u017cycie. Dzi\u0119ki silnemu automatycznemu otwieraniu\/chowaniu ostrza na wyci\u0105gni\u0119cie r\u0119ki i solidnej blokadzie ostrza, Ultratech firmy Microtech pozostaje standardem w \u015bwiecie automatyki.<\/p>\n<p>OKULAR:<br \/>\nD\u0142ugo\u015b\u0107 ca\u0142kowita: 8,35 cala (212 mm)<br \/>\nD\u0142ugo\u015b\u0107 zamkni\u0119ta: 5 cali (127 mm)<br \/>\nD\u0142ugo\u015b\u0107 ostrza: 3,35 cala (85 mm)<br \/>\nGrubo\u015b\u0107 ostrza: 0,128 cala (3,23 mm)<br \/>\nWyko\u0144czenie ostrza: Br\u0105z<br \/>\nStyl ostrza: Drop Point<br \/>\nStyl kraw\u0119dzi: g\u0142adki<br \/>\nMateria\u0142 r\u0119koje\u015bci: czarne aluminium<br \/>\nGrubo\u015b\u0107 r\u0119koje\u015bci: 0,48 cala (12 mm)<br \/>\nKlips kieszonkowy: sk\u0142adany w d\u00f3\u0142<br \/>\nWaga: 3,5 uncji (99,23 g)<br \/>\nProducent nr ref. #: 121-13ML<br \/>\nKraj pochodzenia: USA<\/p>\n<h1 class=\"productView-title\"><\/h1>\n","protected":false},"excerpt":{"rendered":"<p>przez lata <strong>firma Microtech\u00ae<\/strong> Knives wype\u0142nia\u0142a no\u017ce pasj\u0105 i umiej\u0119tno\u015bciami, a\u017c sta\u0142y si\u0119 one niemal dzie\u0142ami sztuki, b\u0119d\u0105cymi szczytem funkcjonalno\u015bci.Wszystkie cz\u0119\u015bci zosta\u0142y wyprodukowane w USA.<br \/>\n<strong>Wszystkie no\u017ce Microtech obj\u0119te s\u0105 do\u017cywotni\u0105 gwarancj\u0105.<\/strong><\/p>\n<p><strong>Bezp\u0142atny transport.<\/strong><\/p>\n","protected":false},"featured_media":312482,"comment_status":"open","ping_status":"closed","template":"","meta":[],"pwb-brand":[3279],"product_brand":[],"product_cat":[3296,3344],"product_tag":[3671],"class_list":{"0":"post-312480","1":"product","2":"type-product","3":"status-publish","4":"has-post-thumbnail","6":"pwb-brand-microtech-pl","7":"product_cat-noze-pl","8":"product_cat-noze-strzeleckie","9":"product_tag-b2b-pl","11":"first","12":"outofstock","13":"taxable","14":"shipping-taxable","15":"purchasable","16":"product-type-simple"},"brands":[{"id":3279,"name":"Microtech","slug":"microtech-pl"}],"_links":{"self":[{"href":"https:\/\/www.moskito.cz\/pl\/wp-json\/wp\/v2\/product\/312480","targetHints":{"allow":["GET"]}}],"collection":[{"href":"https:\/\/www.moskito.cz\/pl\/wp-json\/wp\/v2\/product"}],"about":[{"href":"https:\/\/www.moskito.cz\/pl\/wp-json\/wp\/v2\/types\/product"}],"replies":[{"embeddable":true,"href":"https:\/\/www.moskito.cz\/pl\/wp-json\/wp\/v2\/comments?post=312480"}],"wp:featuredmedia":[{"embeddable":true,"href":"https:\/\/www.moskito.cz\/pl\/wp-json\/wp\/v2\/media\/312482"}],"wp:attachment":[{"href":"https:\/\/www.moskito.cz\/pl\/wp-json\/wp\/v2\/media?parent=312480"}],"wp:term":[{"taxonomy":"pwb-brand","embeddable":true,"href":"https:\/\/www.moskito.cz\/pl\/wp-json\/wp\/v2\/pwb-brand?post=312480"},{"taxonomy":"product_brand","embeddable":true,"href":"https:\/\/www.moskito.cz\/pl\/wp-json\/wp\/v2\/product_brand?post=312480"},{"taxonomy":"product_cat","embeddable":true,"href":"https:\/\/www.moskito.cz\/pl\/wp-json\/wp\/v2\/product_cat?post=312480"},{"taxonomy":"product_tag","embeddable":true,"href":"https:\/\/www.moskito.cz\/pl\/wp-json\/wp\/v2\/product_tag?post=312480"}],"curies":[{"name":"wp","href":"https:\/\/api.w.org\/{rel}","templated":true}]}}