{"id":312481,"date":"2021-12-21T21:26:50","date_gmt":"2024-02-06T20:34:30","guid":{"rendered":"https:\/\/www.moskito.cz\/produkt\/noz-strzelecki-microtech-combat-troodon-signature-series-142-16cfs\/"},"modified":"2025-05-07T11:02:30","modified_gmt":"2025-05-07T10:02:30","slug":"noz-strzelecki-microtech-combat-troodon-signature-series-142-16cfs","status":"publish","type":"product","link":"https:\/\/www.moskito.cz\/pl\/produkt\/noz-strzelecki-microtech-combat-troodon-signature-series-142-16cfs\/","title":{"rendered":"N\u00f3\u017c strzelecki Microtech Combat Troodon Signature Series 142-16CFS"},"content":{"rendered":"<p>N\u00f3\u017c strzelecki <strong>Microtech<\/strong> Combat Troodon Signature Series 142-16CFS<\/p>\n<p>Combat Troodon to precyzyjnie wykonany taktyczny n\u00f3\u017c przedni. Jest o 25% wi\u0119kszy od naszego flagowego modelu Troodon. Zapewnia smuk\u0142y uchwyt, wyprofilowany kszta\u0142t, radykalne elementy konstrukcyjne i wyrafinowany mechanizm wewn\u0119trzny, kt\u00f3ry poprawia funkcjonalno\u015b\u0107 operacyjn\u0105 i niezawodno\u015b\u0107 na wi\u0119ksz\u0105 skal\u0119. Combat Troodon zosta\u0142 zaprojektowany do szerokiego zakresu zastosowa\u0144 u\u017cytkowych i walki w zwarciu. Aluminiowe chwyty maj\u0105 g\u00f3r\u0119 z w\u0142\u00f3kna w\u0119glowego i niestandardowy kruszarka czaszkowa, co jest bardzo fajnym dodatkiem. N\u00f3\u017c jest ozdobiony osza\u0142amiaj\u0105cymi pier\u015bcieniami i prze\u0142\u0105cznikiem steruj\u0105cym, co zapewnia bardzo g\u0142adki wygl\u0105d. Opr\u00f3cz pi\u0119knego ostrza damasce\u0144skiego, posiada r\u00f3wnie\u017c bardzo fajne logo pazura na klipsie kieszeni.<\/p>\n<p>Dane techniczne:<\/p>\n<p>Automatyczne strzelanie i cofanie o podw\u00f3jnym dzia\u0142aniu<br \/>\nD\u0142ugo\u015b\u0107 ostrza: 10 cm<br \/>\nStal ostrza: Damaszek<br \/>\nR\u0119koje\u015b\u0107: 6061-T6 Aluminium Mil Spec Hard Coat Elox z g\u00f3rn\u0105 p\u0142yt\u0105 z w\u0142\u00f3kna w\u0119glowego<br \/>\nGrubo\u015b\u0107 r\u0119koje\u015bci: Uformowany sto\u017cek Min. 0,304&#8243; Maks. 435&#8243;<br \/>\nD\u0142ugo\u015b\u0107 po otwarciu: 23 cm<br \/>\nD\u0142ugo\u015b\u0107 po zamkni\u0119ciu: 13 cm<br \/>\nKlips kieszonkowy: 301, hartowany spr\u0119\u017cynowo, obur\u0119czny<br \/>\nWaga: 4,9 uncji<br \/>\nWykonane w USA<\/p>\n<p><iframe title=\"Microtech Combat Troodon Torture Test\" width=\"800\" height=\"450\" src=\"https:\/\/www.youtube.com\/embed\/xE9TeOFYEjg?feature=oembed\" frameborder=\"0\" allow=\"accelerometer; autoplay; clipboard-write; encrypted-media; gyroscope; picture-in-picture; web-share\" allowfullscreen><\/iframe><\/p>\n<p>&nbsp;<\/p>\n","protected":false},"excerpt":{"rendered":"<p>Przez lata Microtech\u00ae Knives wype\u0142nia\u0142 no\u017ce pasj\u0105 i umiej\u0119tno\u015bciami, aby stworzy\u0107 niemal dzie\u0142a sztuki, kt\u00f3re s\u0105 szczytem funkcjonalno\u015bci.Wszystkie cz\u0119\u015bci s\u0105 produkowane w USA.<br \/>\n<strong>Wszystkie no\u017ce Microtech obj\u0119te s\u0105 do\u017cywotni\u0105 gwarancj\u0105.<\/strong><\/p>\n<p><strong>Bezp\u0142atny transport.<\/strong><\/p>\n","protected":false},"featured_media":312485,"comment_status":"open","ping_status":"closed","template":"","meta":[],"pwb-brand":[3279],"product_brand":[],"product_cat":[3296,3344],"product_tag":[3671],"class_list":{"0":"post-312481","1":"product","2":"type-product","3":"status-publish","4":"has-post-thumbnail","6":"pwb-brand-microtech-pl","7":"product_cat-noze-pl","8":"product_cat-noze-strzeleckie","9":"product_tag-b2b-pl","11":"first","12":"outofstock","13":"taxable","14":"shipping-taxable","15":"purchasable","16":"product-type-simple"},"brands":[{"id":3279,"name":"Microtech","slug":"microtech-pl"}],"_links":{"self":[{"href":"https:\/\/www.moskito.cz\/pl\/wp-json\/wp\/v2\/product\/312481","targetHints":{"allow":["GET"]}}],"collection":[{"href":"https:\/\/www.moskito.cz\/pl\/wp-json\/wp\/v2\/product"}],"about":[{"href":"https:\/\/www.moskito.cz\/pl\/wp-json\/wp\/v2\/types\/product"}],"replies":[{"embeddable":true,"href":"https:\/\/www.moskito.cz\/pl\/wp-json\/wp\/v2\/comments?post=312481"}],"wp:featuredmedia":[{"embeddable":true,"href":"https:\/\/www.moskito.cz\/pl\/wp-json\/wp\/v2\/media\/312485"}],"wp:attachment":[{"href":"https:\/\/www.moskito.cz\/pl\/wp-json\/wp\/v2\/media?parent=312481"}],"wp:term":[{"taxonomy":"pwb-brand","embeddable":true,"href":"https:\/\/www.moskito.cz\/pl\/wp-json\/wp\/v2\/pwb-brand?post=312481"},{"taxonomy":"product_brand","embeddable":true,"href":"https:\/\/www.moskito.cz\/pl\/wp-json\/wp\/v2\/product_brand?post=312481"},{"taxonomy":"product_cat","embeddable":true,"href":"https:\/\/www.moskito.cz\/pl\/wp-json\/wp\/v2\/product_cat?post=312481"},{"taxonomy":"product_tag","embeddable":true,"href":"https:\/\/www.moskito.cz\/pl\/wp-json\/wp\/v2\/product_tag?post=312481"}],"curies":[{"name":"wp","href":"https:\/\/api.w.org\/{rel}","templated":true}]}}