{"id":312514,"date":"2021-12-07T21:25:41","date_gmt":"2024-02-06T20:34:34","guid":{"rendered":"https:\/\/www.moskito.cz\/produkt\/noz-strzelecki-microtech-ultratech-121-1bl\/"},"modified":"2025-05-07T11:02:31","modified_gmt":"2025-05-07T10:02:31","slug":"noz-strzelecki-microtech-ultratech-121-1bl","status":"publish","type":"product","link":"https:\/\/www.moskito.cz\/pl\/produkt\/noz-strzelecki-microtech-ultratech-121-1bl\/","title":{"rendered":"N\u00f3\u017c strzelecki Microtech Ultratech 121-1BL"},"content":{"rendered":"<p>N\u00f3\u017c strzelecki <strong>Microtech<\/strong> Ultratech 121-1BL.<\/p>\n<p>N\u00f3\u017c strzelecki od przodu.<\/p>\n<p>N\u00f3\u017c strzelecki Microtech Ultratech wyposa\u017cony jest w podw\u00f3jne ostrze z pojedynczymi kraw\u0119dziami tn\u0105cymi. Posiada r\u0119koje\u015b\u0107 z anodyzowanego aluminium 6061-T6 z kulist\u0105 ko\u0144c\u00f3wk\u0105 ze stali nierdzewnej.<\/p>\n<p>Microtech wyposa\u017cy\u0142 t\u0119 wersj\u0119 niezwykle popularnego no\u017ca Ultratech D\/A OTF w g\u0142adko wyprofilowan\u0105 konstrukcj\u0119 r\u0119koje\u015bci zwi\u0119kszaj\u0105c\u0105 komfort u\u017cytkowania. Ten zaktualizowany model zapewnia te same wymiary, osprz\u0119t i trwa\u0142o\u015b\u0107, co wariant \u201eTri-Grip\u201d, \u0142atwiej mie\u015bci si\u0119 w d\u0142oni i kieszeni.<\/p>\n<p>Dla tych, kt\u00f3rzy nie znaj\u0105 Ultratech, jest to w pe\u0142ni automatyczny n\u00f3\u017c z podw\u00f3jnym mechanizmem z przodu, co oznacza, \u017ce \u200b\u200bostrze sk\u0142ada si\u0119 i chowa kciukiem. N\u00f3\u017c Ultratech firmy Microtech wyznaczy\u0142 poprzeczk\u0119 dla wszystkich no\u017cy OTF.<\/p>\n<p>D\u0142ugo\u015b\u0107 ca\u0142kowita: 22 cm<br \/>\nD\u0142ugo\u015b\u0107 ostrza: 8,6 cm<br \/>\nMateria\u0142 ostrza: Bohler M390<br \/>\nStyl ostrza: sztylet<br \/>\nWstawki: p\u0142askie<br \/>\nTyp obramowania: Zwyk\u0142y<br \/>\nMateria\u0142 r\u0119koje\u015bci: aluminium<br \/>\nWaga: 3,60 uncji<br \/>\nU\u017cytkownik: Prawa r\u0119ka<br \/>\nKlips kieszonkowy: sk\u0142adany w d\u00f3\u0142<br \/>\nTyp no\u017ca: Automatyczny OTF Double Action<br \/>\nOtwieracz: kciuk<br \/>\nMarka: Microtech<br \/>\nModel: Ultratech<br \/>\nKraj pochodzenia: USA<br \/>\nNajlepsze zastosowanie: codziennie<\/p>\n<p><iframe title=\"Microtech Combat Troodon Torture Test\" width=\"800\" height=\"450\" src=\"https:\/\/www.youtube.com\/embed\/xE9TeOFYEjg?feature=oembed\" frameborder=\"0\" allow=\"accelerometer; autoplay; clipboard-write; encrypted-media; gyroscope; picture-in-picture; web-share\" allowfullscreen><\/iframe><\/p>\n<p>&nbsp;<\/p>\n","protected":false},"excerpt":{"rendered":"<p><strong>Przez lata Microtech\u00ae Knives wype\u0142nia\u0142 no\u017ce pasj\u0105 i umiej\u0119tno\u015bciami, aby tworzy\u0107 niemal dzie\u0142a sztuki, kt\u00f3re s\u0105 szczytem funkcjonalno\u015bci.Wszystkie cz\u0119\u015bci s\u0105 produkowane w USA.<\/strong><br \/>\n<strong>Wszystkie no\u017ce Microtech obj\u0119te s\u0105 do\u017cywotni\u0105 gwarancj\u0105.<\/strong><\/p>\n<p><strong>Bezp\u0142atny transport.<\/strong><\/p>\n","protected":false},"featured_media":312519,"comment_status":"open","ping_status":"closed","template":"","meta":[],"pwb-brand":[3279],"product_brand":[],"product_cat":[3296,3344],"product_tag":[3671],"class_list":{"0":"post-312514","1":"product","2":"type-product","3":"status-publish","4":"has-post-thumbnail","6":"pwb-brand-microtech-pl","7":"product_cat-noze-pl","8":"product_cat-noze-strzeleckie","9":"product_tag-b2b-pl","11":"first","12":"outofstock","13":"taxable","14":"shipping-taxable","15":"purchasable","16":"product-type-simple"},"brands":[{"id":3279,"name":"Microtech","slug":"microtech-pl"}],"_links":{"self":[{"href":"https:\/\/www.moskito.cz\/pl\/wp-json\/wp\/v2\/product\/312514","targetHints":{"allow":["GET"]}}],"collection":[{"href":"https:\/\/www.moskito.cz\/pl\/wp-json\/wp\/v2\/product"}],"about":[{"href":"https:\/\/www.moskito.cz\/pl\/wp-json\/wp\/v2\/types\/product"}],"replies":[{"embeddable":true,"href":"https:\/\/www.moskito.cz\/pl\/wp-json\/wp\/v2\/comments?post=312514"}],"wp:featuredmedia":[{"embeddable":true,"href":"https:\/\/www.moskito.cz\/pl\/wp-json\/wp\/v2\/media\/312519"}],"wp:attachment":[{"href":"https:\/\/www.moskito.cz\/pl\/wp-json\/wp\/v2\/media?parent=312514"}],"wp:term":[{"taxonomy":"pwb-brand","embeddable":true,"href":"https:\/\/www.moskito.cz\/pl\/wp-json\/wp\/v2\/pwb-brand?post=312514"},{"taxonomy":"product_brand","embeddable":true,"href":"https:\/\/www.moskito.cz\/pl\/wp-json\/wp\/v2\/product_brand?post=312514"},{"taxonomy":"product_cat","embeddable":true,"href":"https:\/\/www.moskito.cz\/pl\/wp-json\/wp\/v2\/product_cat?post=312514"},{"taxonomy":"product_tag","embeddable":true,"href":"https:\/\/www.moskito.cz\/pl\/wp-json\/wp\/v2\/product_tag?post=312514"}],"curies":[{"name":"wp","href":"https:\/\/api.w.org\/{rel}","templated":true}]}}