{"id":312539,"date":"2021-10-26T16:20:01","date_gmt":"2024-02-06T20:37:35","guid":{"rendered":"https:\/\/www.moskito.cz\/produkt\/noz-strzelecki-microtech-ultratech-apocalyptic-stonewash-121-11ap\/"},"modified":"2025-05-07T11:02:32","modified_gmt":"2025-05-07T10:02:32","slug":"noz-strzelecki-microtech-ultratech-apocalyptic-stonewash-121-11ap","status":"publish","type":"product","link":"https:\/\/www.moskito.cz\/pl\/produkt\/noz-strzelecki-microtech-ultratech-apocalyptic-stonewash-121-11ap\/","title":{"rendered":"N\u00f3\u017c strzelecki Microtech ULTRATECH APOCALYPTIC STONEWASH 121-11AP"},"content":{"rendered":"<p>N\u00f3\u017c strzelecki <strong>Microtech<\/strong> ULTRATECH APOCALYPTIC STONEWASH 121-11AP.<\/p>\n<p>Ultratech jest niew\u0105tpliwie flagowym produktem <strong>Microtech<\/strong> w\u015br\u00f3d wiod\u0105cych no\u017cy samochodowych od czasu jego wprowadzenia na rynek w 1999 roku. Niedawno przeszed\u0142 remont estetyczny i recenzje s\u0105 same pozytywne. Chocia\u017c wymiary Ultratech pozosta\u0142y niezmienione, r\u0119koje\u015b\u0107 zosta\u0142a poddana przegl\u0105dowi typu \u201etri-grip\u201d, kt\u00f3ry zapewnia wyk\u0142adniczo wi\u0119ksz\u0105 pewno\u015b\u0107 chwytu. Inne ulepszenia obejmuj\u0105 tr\u00f3jk\u0105tne elementy konstrukcyjne, przeprojektowany suwak kciuka i element do t\u0142uczenia szk\u0142a, kt\u00f3ry jest teraz wyposa\u017cony w formowane \u0142o\u017cysko kulkowe, co zapewnia wygodniejsz\u0105, ale wci\u0105\u017c funkcjonaln\u0105 obs\u0142ug\u0119. Ka\u017cdy n\u00f3\u017c Microtech OTF posiada niezwykle wyrafinowane mechanizmy wewn\u0119trzne, kt\u00f3re poprawiaj\u0105 og\u00f3ln\u0105 funkcjonalno\u015b\u0107 operacyjn\u0105 i niezawodno\u015b\u0107. Model ten, 121-11AP, ma czarn\u0105 r\u0119koje\u015b\u0107 z pe\u0142nym standardowym osprz\u0119tem i zintegrowan\u0105 funkcj\u0105 zbijania szk\u0142a, a tak\u017ce ostrze typu drop point, kt\u00f3re jest cz\u0119\u015bciowo z\u0105bkowane, z apokaliptycznym wyko\u0144czeniem typu stonewash. Wykonane w USA.<\/p>\n<p>Uwaga: materia\u0142 ostrza mo\u017ce ulec zmianie bez powiadomienia<\/p>\n<p>SPECYFIKACJA:<\/p>\n<p>D\u0142ugo\u015b\u0107 ostrza: 8,5 cm<br \/>\nD\u0142ugo\u015b\u0107 ca\u0142kowita: 21 cm<br \/>\nMateria\u0142 ostrza: Elmax<br \/>\nWyko\u0144czenie ostrza: Apocalyptic Stonewash<br \/>\nMateria\u0142 r\u0119koje\u015bci: aluminium 6061-T6<br \/>\nWaga: 3,2 uncji<\/p>\n<p><iframe title=\"Microtech Combat Troodon Torture Test\" width=\"800\" height=\"450\" src=\"https:\/\/www.youtube.com\/embed\/xE9TeOFYEjg?feature=oembed\" frameborder=\"0\" allow=\"accelerometer; autoplay; clipboard-write; encrypted-media; gyroscope; picture-in-picture; web-share\" allowfullscreen><\/iframe><\/p>\n<p>&nbsp;<\/p>\n<p>Ultratech jest bez w\u0105tpienia flagowym produktem firmy Microtech w\u015br\u00f3d przednich no\u017cy automatycznych od czasu jego wprowadzenia na rynek w 1999 roku. Niedawno przeszed\u0142 metamorfoz\u0119 estetyczn\u0105, a recenzje by\u0142y same pozytywne. Chocia\u017c wymiary Ultratech pozosta\u0142y niezmienione, r\u0119koje\u015b\u0107 zosta\u0142a poddana przegl\u0105dowi typu \u201etri-grip\u201d, oferuj\u0105c wyk\u0142adniczo wi\u0119ksze bezpiecze\u0144stwo chwytu. Dodatkowe ulepszenia obejmuj\u0105 tr\u00f3jk\u0105tny osprz\u0119t, przeprojektowan\u0105 prowadnic\u0119 kciuka i zbijak do szk\u0142a, kt\u00f3ry zawiera teraz wciskane \u0142o\u017cysko kulkowe, zapewniaj\u0105ce wygodniejsz\u0105, ale wci\u0105\u017c funkcjonaln\u0105 obs\u0142ug\u0119. Ka\u017cdy n\u00f3\u017c Microtech OTF posiada niezwykle wyrafinowane mechanizmy wewn\u0119trzne, kt\u00f3re poprawiaj\u0105 og\u00f3ln\u0105 funkcjonalno\u015b\u0107 operacyjn\u0105 i niezawodno\u015b\u0107. Model ten, 121-11AP, ma czarn\u0105 r\u0119koje\u015b\u0107 ze standardowym osprz\u0119tem i zintegrowan\u0105 funkcj\u0105 zbijania szk\u0142a, a tak\u017ce ostrze typu drop point, kt\u00f3re jest cz\u0119\u015bciowo z\u0105bkowane, z apokaliptycznym wyko\u0144czeniem typu stonewash. Wyprodukowano w USA.<\/p>\n<p>Uwaga: materia\u0142 ostrza mo\u017ce ulec zmianie bez powiadomienia<\/p>\n<p>SPECYFIKACJA:<\/p>\n<p>D\u0142ugo\u015b\u0107 ostrza: 3,375 cala<br \/>\nD\u0142ugo\u015b\u0107 ca\u0142kowita: 8,375&#8243;<br \/>\nMateria\u0142 ostrza: Elmax<br \/>\nWyko\u0144czenie ostrza: Apokaliptyczny Stonewash<br \/>\nD\u0142ugo\u015b\u0107 r\u0119koje\u015bci: 5&#8243;<br \/>\nMateria\u0142 r\u0119koje\u015bci: aluminium 6061-T6<br \/>\nWaga: 3,2 uncji<\/p>\n","protected":false},"excerpt":{"rendered":"<p>Przez lata <strong>firma Microtech\u00ae Knives<\/strong> wype\u0142nia\u0142a no\u017ce pasj\u0105 i umiej\u0119tno\u015bciami, aby tworzy\u0107 niemal dzie\u0142a sztuki, kt\u00f3re s\u0105 szczytem funkcjonalno\u015bci. Wszystkie cz\u0119\u015bci wyprodukowano w USA.<br \/>\n<strong>Wszystkie no\u017ce Microtech obj\u0119te s\u0105 do\u017cywotni\u0105 gwarancj\u0105.<\/strong><\/p>\n<p><strong>Darmowa dostawa.<\/strong><\/p>\n","protected":false},"featured_media":312545,"comment_status":"open","ping_status":"closed","template":"","meta":[],"pwb-brand":[3279],"product_brand":[],"product_cat":[3344,3296],"product_tag":[3671],"class_list":{"0":"post-312539","1":"product","2":"type-product","3":"status-publish","4":"has-post-thumbnail","6":"pwb-brand-microtech-pl","7":"product_cat-noze-strzeleckie","8":"product_cat-noze-pl","9":"product_tag-b2b-pl","11":"first","12":"instock","13":"taxable","14":"shipping-taxable","15":"purchasable","16":"product-type-simple"},"brands":[{"id":3279,"name":"Microtech","slug":"microtech-pl"}],"_links":{"self":[{"href":"https:\/\/www.moskito.cz\/pl\/wp-json\/wp\/v2\/product\/312539","targetHints":{"allow":["GET"]}}],"collection":[{"href":"https:\/\/www.moskito.cz\/pl\/wp-json\/wp\/v2\/product"}],"about":[{"href":"https:\/\/www.moskito.cz\/pl\/wp-json\/wp\/v2\/types\/product"}],"replies":[{"embeddable":true,"href":"https:\/\/www.moskito.cz\/pl\/wp-json\/wp\/v2\/comments?post=312539"}],"wp:featuredmedia":[{"embeddable":true,"href":"https:\/\/www.moskito.cz\/pl\/wp-json\/wp\/v2\/media\/312545"}],"wp:attachment":[{"href":"https:\/\/www.moskito.cz\/pl\/wp-json\/wp\/v2\/media?parent=312539"}],"wp:term":[{"taxonomy":"pwb-brand","embeddable":true,"href":"https:\/\/www.moskito.cz\/pl\/wp-json\/wp\/v2\/pwb-brand?post=312539"},{"taxonomy":"product_brand","embeddable":true,"href":"https:\/\/www.moskito.cz\/pl\/wp-json\/wp\/v2\/product_brand?post=312539"},{"taxonomy":"product_cat","embeddable":true,"href":"https:\/\/www.moskito.cz\/pl\/wp-json\/wp\/v2\/product_cat?post=312539"},{"taxonomy":"product_tag","embeddable":true,"href":"https:\/\/www.moskito.cz\/pl\/wp-json\/wp\/v2\/product_tag?post=312539"}],"curies":[{"name":"wp","href":"https:\/\/api.w.org\/{rel}","templated":true}]}}