{"id":312550,"date":"2021-10-12T20:50:14","date_gmt":"2024-02-06T20:37:38","guid":{"rendered":"https:\/\/www.moskito.cz\/produkt\/noz-strzelecki-microtech-exocet-stormtrooper-white-157-1st\/"},"modified":"2025-05-07T11:02:32","modified_gmt":"2025-05-07T10:02:32","slug":"noz-strzelecki-microtech-exocet-stormtrooper-white-157-1st","status":"publish","type":"product","link":"https:\/\/www.moskito.cz\/pl\/produkt\/noz-strzelecki-microtech-exocet-stormtrooper-white-157-1st\/","title":{"rendered":"N\u00f3\u017c strzelecki Microtech Exocet Stormtrooper White 157-1ST"},"content":{"rendered":"<p>N\u00f3\u017c strzelecki <strong>Microtech<\/strong> Exocet Stormtrooper White 157-1ST.<\/p>\n<p>Exocet, gwiazda gamy Microtech na rok 2019, \u0142\u0105czy w sobie u\u017cyteczno\u015b\u0107 i codzienn\u0105 praktyczno\u015b\u0107 w jednym unikalnym opakowaniu. Ten automatyczny OTF jest innowacyjny i pierwszy w swoim rodzaju, w kt\u00f3rym mie\u015bci si\u0119 legalne w Kalifornii ostrze o \u015brednicy subcala i s\u0142u\u017cy r\u00f3wnie\u017c jako klips na banknoty, dzi\u0119ki czemu idealnie nadaje si\u0119 do codziennego noszenia. Jego wygl\u0105d mo\u017ce Ci\u0119 zaskoczy\u0107, gdy zobaczysz go po raz pierwszy, ale uczucie niepokoju zniknie, gdy uruchomisz go po raz pierwszy. Ten n\u00f3\u017c strzela szybciej i \u0142atwiej ni\u017c jakikolwiek inny n\u00f3\u017c Microtech OTF, co czyni go idealnym prezentem dla bliskiej Ci osoby lub dla Ciebie. Ta wersja ma bia\u0142e wyko\u0144czone ostrze i uchwyty, dzi\u0119ki czemu ten model mo\u017cna nazwa\u0107 szturmowcem. Kieszonkowy klips ma r\u00f3wnie\u017c bardzo fajne logo Imperial Crest, kt\u00f3re by\u0142o sze\u015bcioramiennym symbolem galaktycznego imperium Sheeva Palpatine&#8217;a.<\/p>\n<p>D\u0142ugo\u015b\u0107 ca\u0142kowita: 5,6 cala (142 mm)<br \/>\nD\u0142ugo\u015b\u0107 ostrza: 1,97\u201d (50 mm)<br \/>\nD\u0142ugo\u015b\u0107 kraw\u0119dzi tn\u0105cej: 1,89 cala (48 mm)<br \/>\nGrubo\u015b\u0107 ostrza: 0,079 cala (2 mm)<br \/>\nWyko\u0144czenie ostrza: bia\u0142e<br \/>\nMateria\u0142 uchwytu: bia\u0142e aluminium<br \/>\nGrubo\u015b\u0107 r\u0119koje\u015bci: 0,36 cala (9 mm)<br \/>\nKieszonkowy klips: skierowany w d\u00f3\u0142<br \/>\nWaga: 3,0 uncji (85,05 g)<br \/>\nKraj pochodzenia: USA<\/p>\n<p><iframe title=\"Microtech Combat Troodon Torture Test\" width=\"800\" height=\"450\" src=\"https:\/\/www.youtube.com\/embed\/xE9TeOFYEjg?feature=oembed\" frameborder=\"0\" allow=\"accelerometer; autoplay; clipboard-write; encrypted-media; gyroscope; picture-in-picture; web-share\" allowfullscreen><\/iframe><\/p>\n<p>&nbsp;<\/p>\n<p>Exocet, gwiazda oferty Microtech na rok 2019, \u0142\u0105czy w sobie u\u017cyteczno\u015b\u0107 i codzienn\u0105 praktyczno\u015b\u0107 w jednym unikalnym opakowaniu. Innowacyjny i pierwszy w swoim rodzaju, ten automatyczny OTF skrywa dopuszczone w Kalifornii ostrze o \u015brednicy poni\u017cej dw\u00f3ch cali i s\u0142u\u017cy r\u00f3wnie\u017c jako klips na banknoty, dzi\u0119ki czemu idealnie nadaje si\u0119 do codziennego noszenia. Jego wygl\u0105d mo\u017ce Ci\u0119 zaskoczy\u0107, gdy zobaczysz go po raz pierwszy, ale uczucie niepokoju zniknie po pierwszym uruchomieniu. Ten n\u00f3\u017c strzela szybciej i \u0142atwiej ni\u017c jakikolwiek inny n\u00f3\u017c Microtech OTF, wi\u0119c jest to idealny prezent dla bliskiej Ci osoby lub dla Ciebie. Ta wersja ma bia\u0142e wyko\u0144czone ostrze i uchwyty, nazywaj\u0105c ten model Szturmowcem. Posiada r\u00f3wnie\u017c bardzo fajne logo Imperial Crest na klipsie kieszeni, kt\u00f3re by\u0142o sze\u015bcioramiennym symbolem Imperium Galaktycznego Sheeva Palpatine&#8217;a.<\/p>\n<p>Dane techniczne<br \/>\nD\u0142ugo\u015b\u0107 ostrza: 1,98&#8243;<br \/>\nKraw\u0119d\u017a tn\u0105ca: 1,875&#8243;<br \/>\nD\u0142ugo\u015b\u0107 zamkni\u0119ta: 3,62&#8243;<br \/>\nD\u0142ugo\u015b\u0107 ca\u0142kowita: 5,60 cala<br \/>\nMateria\u0142 ostrza: Stal\u0105 ostrzy na ten rok b\u0119dzie Carpenter CTS-204P \u2013 do wyczerpania zapas\u00f3w metalu, ostrza mog\u0105 by\u0107 r\u00f3wnie\u017c wykonane z M390 lub Elmax<br \/>\nGrubo\u015b\u0107 ostrza: 0,067&#8243;<br \/>\nStyl ostrza: sztylet o podw\u00f3jnym ostrzu<br \/>\nSzlif ostrza: p\u0142aski<br \/>\nWyko\u0144czenie ostrza: bia\u0142e<br \/>\nMateria\u0142 r\u0119koje\u015bci: bia\u0142e aluminium 6061-T6<br \/>\nGrubo\u015b\u0107 r\u0119koje\u015bci: 0,35 cala<br \/>\nMechanizm blokuj\u0105cy: suwak<br \/>\nKieszonkowy klips: stal nierdzewna (odchylany do do\u0142u, noszony w prawo\/lewo)<br \/>\nWaga: 3,0 uncji<br \/>\nProjektant: Tony Marfione<br \/>\nWyprodukowano w USA<\/p>\n","protected":false},"excerpt":{"rendered":"<p>Przez lata <strong>firma Microtech\u00ae Knives<\/strong> wype\u0142nia\u0142a no\u017ce pasj\u0105 i umiej\u0119tno\u015bciami, aby tworzy\u0107 niemal dzie\u0142a sztuki, kt\u00f3re s\u0105 szczytem funkcjonalno\u015bci. Wszystkie cz\u0119\u015bci wyprodukowano w USA.<br \/>\n<strong>Wszystkie no\u017ce Microtech obj\u0119te s\u0105 do\u017cywotni\u0105 gwarancj\u0105.<\/strong><\/p>\n<p><strong>Bezp\u0142atny transport.<\/strong><\/p>\n","protected":false},"featured_media":312552,"comment_status":"open","ping_status":"closed","template":"","meta":[],"pwb-brand":[3279],"product_brand":[],"product_cat":[3296,3344],"product_tag":[3671],"class_list":{"0":"post-312550","1":"product","2":"type-product","3":"status-publish","4":"has-post-thumbnail","6":"pwb-brand-microtech-pl","7":"product_cat-noze-pl","8":"product_cat-noze-strzeleckie","9":"product_tag-b2b-pl","11":"first","12":"instock","13":"taxable","14":"shipping-taxable","15":"purchasable","16":"product-type-simple"},"brands":[{"id":3279,"name":"Microtech","slug":"microtech-pl"}],"_links":{"self":[{"href":"https:\/\/www.moskito.cz\/pl\/wp-json\/wp\/v2\/product\/312550","targetHints":{"allow":["GET"]}}],"collection":[{"href":"https:\/\/www.moskito.cz\/pl\/wp-json\/wp\/v2\/product"}],"about":[{"href":"https:\/\/www.moskito.cz\/pl\/wp-json\/wp\/v2\/types\/product"}],"replies":[{"embeddable":true,"href":"https:\/\/www.moskito.cz\/pl\/wp-json\/wp\/v2\/comments?post=312550"}],"wp:featuredmedia":[{"embeddable":true,"href":"https:\/\/www.moskito.cz\/pl\/wp-json\/wp\/v2\/media\/312552"}],"wp:attachment":[{"href":"https:\/\/www.moskito.cz\/pl\/wp-json\/wp\/v2\/media?parent=312550"}],"wp:term":[{"taxonomy":"pwb-brand","embeddable":true,"href":"https:\/\/www.moskito.cz\/pl\/wp-json\/wp\/v2\/pwb-brand?post=312550"},{"taxonomy":"product_brand","embeddable":true,"href":"https:\/\/www.moskito.cz\/pl\/wp-json\/wp\/v2\/product_brand?post=312550"},{"taxonomy":"product_cat","embeddable":true,"href":"https:\/\/www.moskito.cz\/pl\/wp-json\/wp\/v2\/product_cat?post=312550"},{"taxonomy":"product_tag","embeddable":true,"href":"https:\/\/www.moskito.cz\/pl\/wp-json\/wp\/v2\/product_tag?post=312550"}],"curies":[{"name":"wp","href":"https:\/\/api.w.org\/{rel}","templated":true}]}}