{"id":312570,"date":"2021-10-11T22:05:16","date_gmt":"2024-02-06T20:37:44","guid":{"rendered":"https:\/\/www.moskito.cz\/produkt\/noz-strzelecki-microtech-ultratech-jedi-122-1jk\/"},"modified":"2025-05-07T11:02:33","modified_gmt":"2025-05-07T10:02:33","slug":"noz-strzelecki-microtech-ultratech-jedi-122-1jk","status":"publish","type":"product","link":"https:\/\/www.moskito.cz\/pl\/produkt\/noz-strzelecki-microtech-ultratech-jedi-122-1jk\/","title":{"rendered":"N\u00f3\u017c strzelecki Microtech ULTRATECH JEDI 122-1JK"},"content":{"rendered":"<p>N\u00f3\u017c strzelecki <strong>Microtech<\/strong> ULTRATECH JEDI 122-1JK.<\/p>\n<p><strong>Ultratech<\/strong> jest niew\u0105tpliwie flagowym produktem Microtech od chwili jego premiery w 1999 roku. Ka\u017cdy n\u00f3\u017c Microtech OTF posiada niezwykle wyrafinowane mechanizmy wewn\u0119trzne, kt\u00f3re poprawiaj\u0105 og\u00f3ln\u0105 funkcjonalno\u015b\u0107 operacyjn\u0105 i niezawodno\u015b\u0107. Ta specjalna, limitowana edycja 122-1JK ma cz\u0119\u015bciowo czarn\u0105 r\u0119koje\u015b\u0107 typu \u201etri-grip\u201d z unikalnym osprz\u0119tem pier\u015bcieniowym i zintegrowan\u0105 funkcj\u0105 rozbijania szk\u0142a, a tak\u017ce sztylet z niebieskim wyko\u0144czeniem w stylu sztyletu. G\u0142adka cz\u0119\u015b\u0107 r\u0119koje\u015bci ma unikalny wygl\u0105d, a klips kieszeniowy zawiera \u201eJK\u201d opr\u00f3cz numeru seryjnego i daty produkcji. Wykonane w USA.<\/p>\n<p>SPECYFIKACJA:<\/p>\n<p>D\u0142ugo\u015b\u0107 ostrza: 8,5 cm<br \/>\nD\u0142ugo\u015b\u0107 ca\u0142kowita: 21 cm<br \/>\nMateria\u0142 ostrza: stal nierdzewna M390<br \/>\nWyko\u0144czenie ostrza: niebieskie<br \/>\nMateria\u0142 r\u0119koje\u015bci: aluminium 6061-T6<br \/>\nWaga: 3,2 uncji<\/p>\n<p><iframe title=\"Microtech Combat Troodon Torture Test\" width=\"800\" height=\"450\" src=\"https:\/\/www.youtube.com\/embed\/xE9TeOFYEjg?feature=oembed\" frameborder=\"0\" allow=\"accelerometer; autoplay; clipboard-write; encrypted-media; gyroscope; picture-in-picture; web-share\" allowfullscreen><\/iframe><\/p>\n<p>&nbsp;<\/p>\n<p>Ultratech jest bez w\u0105tpienia flagowym produktem firmy Microtech w\u015br\u00f3d przednich no\u017cy automatycznych od czasu jego wprowadzenia na rynek w 1999 roku. Ka\u017cdy n\u00f3\u017c Microtech OTF posiada niezwykle wyrafinowane mechanizmy wewn\u0119trzne, kt\u00f3re poprawiaj\u0105 og\u00f3ln\u0105 funkcjonalno\u015b\u0107 operacyjn\u0105 i niezawodno\u015b\u0107. Ten specjalny, limitowany model, 122-1JK, ma cz\u0119\u015bciowo \u201etri-grip\u201d czarn\u0105 r\u0119koje\u015b\u0107 z unikalnym pier\u015bcieniowym osprz\u0119tem i zintegrowan\u0105 funkcj\u0105 zbijania szk\u0142a wraz z ostrzem przypominaj\u0105cym sztylet z niebieskim wyko\u0144czeniem. G\u0142adka cz\u0119\u015b\u0107 r\u0119koje\u015bci charakteryzuje si\u0119 unikalnym designem, a na klipsie kieszonkowym znajduje si\u0119 napis \u201eJK\u201d oraz numer seryjny i data produkcji. Wyprodukowano w USA.<\/p>\n<p>SPECYFIKACJA:<\/p>\n<p>D\u0142ugo\u015b\u0107 ostrza: 3,375 cala<br \/>\nD\u0142ugo\u015b\u0107 ca\u0142kowita: 8,375&#8243;<br \/>\nMateria\u0142 ostrza: stal nierdzewna M390<br \/>\nWyko\u0144czenie ostrza: niebieskie<br \/>\nD\u0142ugo\u015b\u0107 r\u0119koje\u015bci: 5&#8243;<br \/>\nMateria\u0142 r\u0119koje\u015bci: aluminium 6061-T6<br \/>\nWaga: 3,2 uncji<\/p>\n","protected":false},"excerpt":{"rendered":"<p>Przez lata <strong>Microtech\u00ae<\/strong> Knives wype\u0142nia\u0142 no\u017ce pasj\u0105 i umiej\u0119tno\u015bciami, aby tworzy\u0107 niemal dzie\u0142a sztuki, kt\u00f3re s\u0105 szczytem funkcjonalno\u015bci.Wszystkie cz\u0119\u015bci s\u0105 produkowane w USA.<br \/>\n<strong>Wszystkie no\u017ce Microtech obj\u0119te s\u0105 do\u017cywotni\u0105 gwarancj\u0105 (min. 80 000 cykli, otwieranie i zamykanie)<\/strong><\/p>\n<p><strong>Bezp\u0142atny transport.<\/strong><\/p>\n","protected":false},"featured_media":312573,"comment_status":"open","ping_status":"closed","template":"","meta":[],"pwb-brand":[3279],"product_brand":[],"product_cat":[3296,3344],"product_tag":[3671],"class_list":{"0":"post-312570","1":"product","2":"type-product","3":"status-publish","4":"has-post-thumbnail","6":"pwb-brand-microtech-pl","7":"product_cat-noze-pl","8":"product_cat-noze-strzeleckie","9":"product_tag-b2b-pl","11":"first","12":"instock","13":"taxable","14":"shipping-taxable","15":"purchasable","16":"product-type-simple"},"brands":[{"id":3279,"name":"Microtech","slug":"microtech-pl"}],"_links":{"self":[{"href":"https:\/\/www.moskito.cz\/pl\/wp-json\/wp\/v2\/product\/312570","targetHints":{"allow":["GET"]}}],"collection":[{"href":"https:\/\/www.moskito.cz\/pl\/wp-json\/wp\/v2\/product"}],"about":[{"href":"https:\/\/www.moskito.cz\/pl\/wp-json\/wp\/v2\/types\/product"}],"replies":[{"embeddable":true,"href":"https:\/\/www.moskito.cz\/pl\/wp-json\/wp\/v2\/comments?post=312570"}],"wp:featuredmedia":[{"embeddable":true,"href":"https:\/\/www.moskito.cz\/pl\/wp-json\/wp\/v2\/media\/312573"}],"wp:attachment":[{"href":"https:\/\/www.moskito.cz\/pl\/wp-json\/wp\/v2\/media?parent=312570"}],"wp:term":[{"taxonomy":"pwb-brand","embeddable":true,"href":"https:\/\/www.moskito.cz\/pl\/wp-json\/wp\/v2\/pwb-brand?post=312570"},{"taxonomy":"product_brand","embeddable":true,"href":"https:\/\/www.moskito.cz\/pl\/wp-json\/wp\/v2\/product_brand?post=312570"},{"taxonomy":"product_cat","embeddable":true,"href":"https:\/\/www.moskito.cz\/pl\/wp-json\/wp\/v2\/product_cat?post=312570"},{"taxonomy":"product_tag","embeddable":true,"href":"https:\/\/www.moskito.cz\/pl\/wp-json\/wp\/v2\/product_tag?post=312570"}],"curies":[{"name":"wp","href":"https:\/\/api.w.org\/{rel}","templated":true}]}}