{"id":312572,"date":"2021-10-26T16:44:23","date_gmt":"2024-02-06T20:37:44","guid":{"rendered":"https:\/\/www.moskito.cz\/produkt\/noz-strzelecki-microtech-ultratech-satin-121-5\/"},"modified":"2025-05-07T11:02:34","modified_gmt":"2025-05-07T10:02:34","slug":"noz-strzelecki-microtech-ultratech-satin-121-5","status":"publish","type":"product","link":"https:\/\/www.moskito.cz\/pl\/produkt\/noz-strzelecki-microtech-ultratech-satin-121-5\/","title":{"rendered":"N\u00f3\u017c strzelecki Microtech Ultratech Satin 121-5"},"content":{"rendered":"<p>N\u00f3\u017c strzelecki <strong>Microtech<\/strong> Ultratech Satin 121-5.<\/p>\n<p>Ultratech na zawsze wyznaczy standardy dla wszystkich no\u017cy przednich. Ultratech to oryginalny n\u00f3\u017c przedni o podw\u00f3jnym dzia\u0142aniu firmy Microtech, kt\u00f3ry sta\u0142 si\u0119 podstaw\u0105 ca\u0142ej naszej linii OTF. Na przestrzeni lat przeszed\u0142 kilka modyfikacji, za ka\u017cdym razem staj\u0105c si\u0119 coraz bardziej wydajny i niezawodny. Spr\u0119\u017cyna Ultratech pozostaje przez ca\u0142y czas w pozycji \u201espoczynkowej\u201d, chyba \u017ce jest rozci\u0105gni\u0119ta. Dzi\u0119ki temu \u015bci\u015bni\u0119ta spr\u0119\u017cyna nie ulega zm\u0119czeniu, co daje pewno\u015b\u0107 u\u017cytkownikom, \u017ce n\u00f3\u017c po oddaniu strza\u0142u b\u0119dzie dzia\u0142a\u0142 skutecznie. Ultratech mo\u017ce przybiera\u0107 wiele r\u00f3\u017cnych form; mo\u017cna go wyko\u0144czy\u0107 standardow\u0105 obrobion\u0105 maszynowo p\u0142yt\u0105 aluminiow\u0105 lub kawa\u0142kiem w\u0142\u00f3kna w\u0119glowego. Niewielka waga Ultratech, otwieranie i zamykanie jedn\u0105 r\u0119k\u0105, smuk\u0142y kszta\u0142t i ostre jak skalpel ostrze sprawiaj\u0105, \u017ce jest to wyj\u0105tkowy n\u00f3\u017c dost\u0119pny wy\u0142\u0105cznie w Microtech. N\u00f3\u017c ten wielokrotnie udowodni\u0142, \u017ce jest w stanie pokona\u0107 ka\u017cd\u0105 przeszkod\u0119. Czas poka\u017ce, jaki b\u0119dzie kolejny krok w przypadku linii Ultratech.<\/p>\n<p>Dane techniczne<br \/>\nAutomatyczne otwieranie\/zamykanie \u2013 otwieranie od przodu<br \/>\nAkcja: Akcja pojedynkowa \u2013 automatyczny ogie\u0144\/wycofanie<br \/>\nD\u0142ugo\u015b\u0107 ostrza: 8,6 cm<br \/>\nStyl ostrza: pojedyncza kraw\u0119d\u017a, kombinacja kraw\u0119dzi<br \/>\nMateria\u0142 r\u0119koje\u015bci: aluminium 6061-T6 Mil-Spec Hard Coat Elox<br \/>\nD\u0142ugo\u015b\u0107 ca\u0142kowita: 22 cm<br \/>\nMateria\u0142 klipsa kieszeniowego: stal nierdzewna 301, ca\u0142kowicie twarda<br \/>\nStandardowa cholewka: stop 6061-T6 AL<br \/>\nSpust: stal nierdzewna 303<br \/>\nStal: M390<br \/>\nWykonane w USA<\/p>\n<p><iframe title=\"Microtech Combat Troodon Torture Test\" width=\"800\" height=\"450\" src=\"https:\/\/www.youtube.com\/embed\/xE9TeOFYEjg?feature=oembed\" frameborder=\"0\" allow=\"accelerometer; autoplay; clipboard-write; encrypted-media; gyroscope; picture-in-picture; web-share\" allowfullscreen><\/iframe><\/p>\n<p>&nbsp;<\/p>\n<p>Ultratech na zawsze ustanowi standard dla wszystkich no\u017cy z przodu. Ultratech to oryginalny n\u00f3\u017c typu out-the-front o podw\u00f3jnym dzia\u0142aniu <strong>firmy Microtech<\/strong> , kt\u00f3ry sta\u0142 si\u0119 podstaw\u0105 ca\u0142ej naszej linii OTF. Na przestrzeni lat przeszed\u0142 kilka modyfikacji, za ka\u017cdym razem staj\u0105c si\u0119 bardziej wydajny i niezawodny. Spr\u0119\u017cyna Ultratecha pozostaje przez ca\u0142y czas w pozycji \u201espoczynkowej\u201d, z wyj\u0105tkiem chwili u\u017cycia. Dzi\u0119ki temu \u015bci\u015bni\u0119ta spr\u0119\u017cyna nie ulegnie zm\u0119czeniu, co daje pewno\u015b\u0107 u\u017cytkownikom, \u017ce n\u00f3\u017c po oddaniu strza\u0142u b\u0119dzie dzia\u0142a\u0142 skutecznie. Ultratech mo\u017ce przybiera\u0107 wiele r\u00f3\u017cnych form; mo\u017cna go zwie\u0144czy\u0107 standardowym blatem aluminiowym obrobionym maszynowo lub kawa\u0142kiem w\u0142\u00f3kna w\u0119glowego. Niewielka waga Ultratecha, mo\u017cliwo\u015b\u0107 otwierania i zamykania jedn\u0105 r\u0119k\u0105, smuk\u0142y kszta\u0142t i ostre ostrze sprawiaj\u0105, \u017ce jest to n\u00f3\u017c jedyny w swoim rodzaju, dost\u0119pny tylko w Microtech. N\u00f3\u017c ten wielokrotnie udowodni\u0142, \u017ce jest w stanie pokona\u0107 ka\u017cd\u0105 przeszkod\u0119. Czas poka\u017ce, jaki b\u0119dzie kolejny krok w przypadku serii Ultratech.<\/p>\n<p>Dane techniczne<br \/>\nAutomatyczne otwieranie\/zamykanie \u2013 otwieranie frontu<br \/>\nAkcja: Akcja pojedynkowa \u2013 automatyczny ogie\u0144\/wycofanie<br \/>\nGrubo\u015b\u0107 ostrza: 0,125 cala grubo\u015bci<br \/>\nD\u0142ugo\u015b\u0107 ostrza: 3,46 cala<br \/>\nStyl ostrza: pojedyncza kraw\u0119d\u017a, kombinacja kraw\u0119dzi<br \/>\nGrubo\u015b\u0107 r\u0119koje\u015bci: 0,640&#8243;<br \/>\nMateria\u0142 r\u0119koje\u015bci: aluminium 6061-T6, anodowane na tward\u0105 pow\u0142ok\u0119 Mil-Spec<br \/>\nD\u0142ugo\u015b\u0107 zamkni\u0119ta: 4,84&#8243;<br \/>\nD\u0142ugo\u015b\u0107 otwarta: 8,30 cala<br \/>\nMateria\u0142 klipsa kieszonkowego: stal nierdzewna 301, ca\u0142kowicie twarda<br \/>\nStandardowy blat: stop AL 6061-T6<br \/>\nSpust: stal nierdzewna 303<br \/>\nNale\u017cy pami\u0119ta\u0107, \u017ce nie mo\u017cna okre\u015bli\u0107 stali ostrza, poniewa\u017c mo\u017ce ona ulec zmianie w zale\u017cno\u015bci od dost\u0119pno\u015bci (informacje od Microtech)<br \/>\nWyprodukowano w USA<\/p>\n","protected":false},"excerpt":{"rendered":"<p>Przez lata <strong>Microtech\u00ae Knives<\/strong> wype\u0142nia\u0142 no\u017ce pasj\u0105 i umiej\u0119tno\u015bciami, aby stworzy\u0107 niemal dzie\u0142a sztuki, kt\u00f3re s\u0105 szczytem funkcjonalno\u015bci.Wszystkie cz\u0119\u015bci s\u0105 produkowane w USA.<br \/>\n<strong>Wszystkie no\u017ce Microtech obj\u0119te s\u0105 do\u017cywotni\u0105 gwarancj\u0105.<\/strong><\/p>\n","protected":false},"featured_media":312576,"comment_status":"open","ping_status":"closed","template":"","meta":[],"pwb-brand":[3279],"product_brand":[],"product_cat":[3344,3296],"product_tag":[3671],"class_list":{"0":"post-312572","1":"product","2":"type-product","3":"status-publish","4":"has-post-thumbnail","6":"pwb-brand-microtech-pl","7":"product_cat-noze-strzeleckie","8":"product_cat-noze-pl","9":"product_tag-b2b-pl","11":"first","12":"instock","13":"taxable","14":"shipping-taxable","15":"purchasable","16":"product-type-simple"},"brands":[{"id":3279,"name":"Microtech","slug":"microtech-pl"}],"_links":{"self":[{"href":"https:\/\/www.moskito.cz\/pl\/wp-json\/wp\/v2\/product\/312572","targetHints":{"allow":["GET"]}}],"collection":[{"href":"https:\/\/www.moskito.cz\/pl\/wp-json\/wp\/v2\/product"}],"about":[{"href":"https:\/\/www.moskito.cz\/pl\/wp-json\/wp\/v2\/types\/product"}],"replies":[{"embeddable":true,"href":"https:\/\/www.moskito.cz\/pl\/wp-json\/wp\/v2\/comments?post=312572"}],"wp:featuredmedia":[{"embeddable":true,"href":"https:\/\/www.moskito.cz\/pl\/wp-json\/wp\/v2\/media\/312576"}],"wp:attachment":[{"href":"https:\/\/www.moskito.cz\/pl\/wp-json\/wp\/v2\/media?parent=312572"}],"wp:term":[{"taxonomy":"pwb-brand","embeddable":true,"href":"https:\/\/www.moskito.cz\/pl\/wp-json\/wp\/v2\/pwb-brand?post=312572"},{"taxonomy":"product_brand","embeddable":true,"href":"https:\/\/www.moskito.cz\/pl\/wp-json\/wp\/v2\/product_brand?post=312572"},{"taxonomy":"product_cat","embeddable":true,"href":"https:\/\/www.moskito.cz\/pl\/wp-json\/wp\/v2\/product_cat?post=312572"},{"taxonomy":"product_tag","embeddable":true,"href":"https:\/\/www.moskito.cz\/pl\/wp-json\/wp\/v2\/product_tag?post=312572"}],"curies":[{"name":"wp","href":"https:\/\/api.w.org\/{rel}","templated":true}]}}