{"id":312615,"date":"2021-09-22T17:17:23","date_gmt":"2024-02-06T20:55:23","guid":{"rendered":"https:\/\/www.moskito.cz\/produkt\/noz-strzelecki-microtech-ultratech-signature-series-z-wlokna-weglowego-damascenski\/"},"modified":"2025-05-07T11:02:35","modified_gmt":"2025-05-07T10:02:35","slug":"noz-strzelecki-microtech-ultratech-signature-series-z-wlokna-weglowego-damascenski","status":"publish","type":"product","link":"https:\/\/www.moskito.cz\/pl\/produkt\/noz-strzelecki-microtech-ultratech-signature-series-z-wlokna-weglowego-damascenski\/","title":{"rendered":"N\u00f3\u017c strzelecki Microtech Ultratech Signature Series z w\u0142\u00f3kna w\u0119glowego, damasce\u0144ski"},"content":{"rendered":"<p>N\u00f3\u017c strzelecki <strong>Microtech<\/strong> Ultratech Signature Series z w\u0142\u00f3kna w\u0119glowego, damasce\u0144ski.<\/p>\n<p>Jako flagowy model linii OTF firmy Microtech, Ultratech\u00ae wyznacza standardy technologii OTF. Opatentowana technologia pozwala na zatrzymanie spr\u0119\u017cyny wyzwalaj\u0105cej zar\u00f3wno w pozycji otwartej, jak i zamkni\u0119tej, drastycznie zmniejszaj\u0105c zu\u017cycie wewn\u0119trznych mechanizm\u00f3w wyzwalaj\u0105cych. Formowany uchwyt obudowy jest l\u017cejszy, bardziej ergonomiczny i ma g\u0142adk\u0105, p\u0142ask\u0105 powierzchni\u0119.<\/p>\n<p>Automatyczne otwieranie\/zamykanie \u2013 otwieranie frontu<br \/>\nD\u0142ugo\u015b\u0107 ostrza: 8,6 cm<br \/>\nStyl ostrza: damasce\u0144ski, podw\u00f3jne ostrze, sztylet<br \/>\nMateria\u0142 r\u0119koje\u015bci: czarna twarda skorupa Mil-Spec, anodowane aluminium 6061-T6 z wierzchni\u0105 cz\u0119\u015bci\u0105 z w\u0142\u00f3kna w\u0119glowego<br \/>\nD\u0142ugo\u015b\u0107 po otwarciu: 22 cm<br \/>\nMateria\u0142 klipsa kieszonkowego: stal nierdzewna 301, pe\u0142na twardo\u015b\u0107<br \/>\nStandardowy blat: w\u0142\u00f3kno w\u0119glowe<br \/>\nSpust: stal nierdzewna 303<br \/>\nRozbijacz okien<br \/>\nWykonane w USA<\/p>\n<p>&nbsp;<\/p>\n<p>Jako flagowy model linii OTF firmy Microtech, Ultratech\u00ae wyznacza standardy technologii OTF. Zastrze\u017cona technologia pozwala na zatrzymanie spr\u0119\u017cyny spustowej zar\u00f3wno w pozycji otwartej, jak i zamkni\u0119tej, drastycznie zmniejszaj\u0105c zu\u017cycie wewn\u0119trznych mechanizm\u00f3w wyzwalaj\u0105cych. Wyprofilowany uchwyt podwozia zapewnia l\u017cejsz\u0105 i bardziej ergonomiczn\u0105 konstrukcj\u0119 oraz ma g\u0142adkie, p\u0142askie wyko\u0144czenie.<\/p>\n<p>D\u0142ugo\u015b\u0107 ostrza 3,35\u2033, d\u0142ugo\u015b\u0107 ca\u0142kowita 8,36\u2033, ostrze ze stali *patrz poni\u017cej, materia\u0142 r\u0119koje\u015bci 6061 T6, pe\u0142na waga (OZ) 3,5<\/p>\n<p>Automatyczne otwieranie\/zamykanie \u2013 otwieranie frontu<br \/>\nD\u0142ugo\u015b\u0107 ostrza: 3,46\u2033<br \/>\nStyl ostrza: damasce\u0144ski, podw\u00f3jne ostrze, sztylet<br \/>\nGrubo\u015b\u0107 r\u0119koje\u015bci: 0,640 \u2033<br \/>\nMateria\u0142 r\u0119koje\u015bci: Anodyzowane aluminium 6061-T6 w kolorze czarnym Mil-Spec z wierzchni\u0105 cz\u0119\u015bci\u0105 z w\u0142\u00f3kna w\u0119glowego<br \/>\nD\u0142ugo\u015b\u0107 zamkni\u0119ta: 4,84 \u2033<br \/>\nD\u0142ugo\u015b\u0107 otwarta: 8,30 \u2033<br \/>\nMateria\u0142 klipsa kieszonkowego: stal nierdzewna 301, ca\u0142kowicie twarda<br \/>\nStandardowy blat: w\u0142\u00f3kno w\u0119glowe<br \/>\nSpust: stal nierdzewna 303<br \/>\nRozbijacz okien<br \/>\nWykonane w USA<\/p>\n","protected":false},"excerpt":{"rendered":"<p>Przez lata <strong>firma Microtech\u00ae Knives<\/strong> wype\u0142nia\u0142a no\u017ce pasj\u0105 i umiej\u0119tno\u015bciami, aby tworzy\u0107 niemal dzie\u0142a sztuki, kt\u00f3re s\u0105 szczytem funkcjonalno\u015bci. Wszystkie cz\u0119\u015bci wyprodukowano w USA.<br \/>\n<strong>Wszystkie no\u017ce Microtech obj\u0119te s\u0105 do\u017cywotni\u0105 gwarancj\u0105.<\/strong><\/p>\n","protected":false},"featured_media":312616,"comment_status":"open","ping_status":"closed","template":"","meta":[],"pwb-brand":[3279],"product_brand":[],"product_cat":[3296,3344],"product_tag":[3671],"class_list":{"0":"post-312615","1":"product","2":"type-product","3":"status-publish","4":"has-post-thumbnail","6":"pwb-brand-microtech-pl","7":"product_cat-noze-pl","8":"product_cat-noze-strzeleckie","9":"product_tag-b2b-pl","11":"first","12":"outofstock","13":"taxable","14":"shipping-taxable","15":"purchasable","16":"product-type-simple"},"brands":[{"id":3279,"name":"Microtech","slug":"microtech-pl"}],"_links":{"self":[{"href":"https:\/\/www.moskito.cz\/pl\/wp-json\/wp\/v2\/product\/312615","targetHints":{"allow":["GET"]}}],"collection":[{"href":"https:\/\/www.moskito.cz\/pl\/wp-json\/wp\/v2\/product"}],"about":[{"href":"https:\/\/www.moskito.cz\/pl\/wp-json\/wp\/v2\/types\/product"}],"replies":[{"embeddable":true,"href":"https:\/\/www.moskito.cz\/pl\/wp-json\/wp\/v2\/comments?post=312615"}],"wp:featuredmedia":[{"embeddable":true,"href":"https:\/\/www.moskito.cz\/pl\/wp-json\/wp\/v2\/media\/312616"}],"wp:attachment":[{"href":"https:\/\/www.moskito.cz\/pl\/wp-json\/wp\/v2\/media?parent=312615"}],"wp:term":[{"taxonomy":"pwb-brand","embeddable":true,"href":"https:\/\/www.moskito.cz\/pl\/wp-json\/wp\/v2\/pwb-brand?post=312615"},{"taxonomy":"product_brand","embeddable":true,"href":"https:\/\/www.moskito.cz\/pl\/wp-json\/wp\/v2\/product_brand?post=312615"},{"taxonomy":"product_cat","embeddable":true,"href":"https:\/\/www.moskito.cz\/pl\/wp-json\/wp\/v2\/product_cat?post=312615"},{"taxonomy":"product_tag","embeddable":true,"href":"https:\/\/www.moskito.cz\/pl\/wp-json\/wp\/v2\/product_tag?post=312615"}],"curies":[{"name":"wp","href":"https:\/\/api.w.org\/{rel}","templated":true}]}}