{"id":312724,"date":"2022-07-08T17:12:54","date_gmt":"2024-02-09T14:16:11","guid":{"rendered":"https:\/\/www.moskito.cz\/produkt\/naprawiono-noz-extrema-ratio-fulcrum-bajonet-nfg-z-zielonego\/"},"modified":"2025-05-07T11:02:36","modified_gmt":"2025-05-07T10:02:36","slug":"naprawiono-noz-extrema-ratio-fulcrum-bajonet-nfg-z-zielonego","status":"publish","type":"product","link":"https:\/\/www.moskito.cz\/pl\/produkt\/naprawiono-noz-extrema-ratio-fulcrum-bajonet-nfg-z-zielonego\/","title":{"rendered":"Naprawiono n\u00f3\u017c Extrema Ratio FULCRUM BAJONET NFG Z ZIELONEGO"},"content":{"rendered":"<p>Naprawiono n\u00f3\u017c <strong>Extrema Ratio<\/strong> FULCRUM BAJONET NFG Z ZIELONEGO<\/p>\n<p>Kontynuuj\u0105c nasz bardzo udany n\u00f3\u017c FULCRUM, w Extrema Ratio opracowali\u015bmy wersj\u0119 bagnetow\u0105 tego projektu. Podobnie jak oryginalny FULCRUM, bagnet ten jest niezwykle wszechstronny i mocny, jest w stanie wytrzyma\u0107 obci\u0105\u017cenie ponad 150 kilogram\u00f3w. Ostrze w kszta\u0142cie tanto pozwala na du\u017c\u0105 prac\u0119 i zu\u017cycie, zachowuj\u0105c jednocze\u015bnie ostr\u0105 kraw\u0119d\u017a na niezwykle mocnym czubku. Cecha ta, w po\u0142\u0105czeniu z ostr\u0105 fa\u0142szyw\u0105 kraw\u0119dzi\u0105 (tylko wersje wojskowe), zapewnia, \u017ce \u200b\u200bn\u00f3\u017c zachowuje wystarczaj\u0105c\u0105 penetracj\u0119 bojow\u0105, aby razi\u0107 cele os\u0142oni\u0119te ci\u0119\u017ckim ubraniem, wy\u015bci\u00f3\u0142k\u0105 lub mi\u0119kk\u0105 os\u0142on\u0105 balistyczn\u0105. Dzi\u0119ki swojej wadze i doskona\u0142emu wywa\u017ceniu ostrze FULCRUM BAYONET nadaje si\u0119 do ci\u0119\u017ckich prac w terenie. Dost\u0119pne r\u00f3wnie\u017c w wersji NFG (Bez mocowania).<\/p>\n<p>WAGA G: 378<br \/>\nWAGA uncji: 13,3<br \/>\nD\u0141UGO\u015a\u0106 OSTRZA (MM): 180<br \/>\nD\u0141UGO\u015a\u0106 OSTRZA (IN): 7,1<br \/>\nD\u0141UGO\u015a\u0106 CA\u0141KOWITA (MM): 309<br \/>\nD\u0141UGO\u015a\u0106 CA\u0141KOWITA (IN): 12,2<br \/>\nGRUBO\u015a\u0106 OSTRZA (MM): 6,3<br \/>\nGRUBO\u015a\u0106 OSTRZY (IN): 0,25<br \/>\nMATERIA\u0141 OSTRZA: STAL B\u00d6HLER N690 (58HRC)<br \/>\nWYKO\u0143CZENIE NO\u017bA: MIL-C-13924 UK\u0141ADANIE<br \/>\nSIATKA G\u0141\u00d3WNA: P\u0141ASKA<br \/>\nZ\u0118BY CZ\u0118\u015aCIOWE (MM): 40<br \/>\nZ\u0118BY CZ\u0118\u015aCIOWE (IN): 1,6<br \/>\nMATERIA\u0141 UCHWYTU: FORPRENE<\/p>\n","protected":false},"excerpt":{"rendered":"<p>Firma Extrema Ratio z siedzib\u0105 w Prato we W\u0142oszech projektuje i produkuje wysokiej jako\u015bci no\u017ce bojowe, wojskowe, kuchenne, my\u015bliwskie i taktyczne od 1997 roku i cieszy si\u0119 reputacj\u0105 dzi\u0119ki najwy\u017cszej jako\u015bci, kt\u00f3ra nie ma sobie r\u00f3wnych w bran\u017cy no\u017cy wojskowych i taktycznych. Bezp\u0142atny transport.<\/p>\n","protected":false},"featured_media":312725,"comment_status":"open","ping_status":"closed","template":"","meta":[],"pwb-brand":[3666],"product_brand":[],"product_cat":[3297,3296],"product_tag":[3671],"class_list":{"0":"post-312724","1":"product","2":"type-product","3":"status-publish","4":"has-post-thumbnail","6":"pwb-brand-stosunek-ekstremow","7":"product_cat-solidne-noze","8":"product_cat-noze-pl","9":"product_tag-b2b-pl","11":"first","12":"instock","13":"taxable","14":"shipping-taxable","15":"purchasable","16":"product-type-simple"},"brands":[{"id":3666,"name":"Stosunek ekstrem\u00f3w","slug":"stosunek-ekstremow"}],"_links":{"self":[{"href":"https:\/\/www.moskito.cz\/pl\/wp-json\/wp\/v2\/product\/312724","targetHints":{"allow":["GET"]}}],"collection":[{"href":"https:\/\/www.moskito.cz\/pl\/wp-json\/wp\/v2\/product"}],"about":[{"href":"https:\/\/www.moskito.cz\/pl\/wp-json\/wp\/v2\/types\/product"}],"replies":[{"embeddable":true,"href":"https:\/\/www.moskito.cz\/pl\/wp-json\/wp\/v2\/comments?post=312724"}],"wp:featuredmedia":[{"embeddable":true,"href":"https:\/\/www.moskito.cz\/pl\/wp-json\/wp\/v2\/media\/312725"}],"wp:attachment":[{"href":"https:\/\/www.moskito.cz\/pl\/wp-json\/wp\/v2\/media?parent=312724"}],"wp:term":[{"taxonomy":"pwb-brand","embeddable":true,"href":"https:\/\/www.moskito.cz\/pl\/wp-json\/wp\/v2\/pwb-brand?post=312724"},{"taxonomy":"product_brand","embeddable":true,"href":"https:\/\/www.moskito.cz\/pl\/wp-json\/wp\/v2\/product_brand?post=312724"},{"taxonomy":"product_cat","embeddable":true,"href":"https:\/\/www.moskito.cz\/pl\/wp-json\/wp\/v2\/product_cat?post=312724"},{"taxonomy":"product_tag","embeddable":true,"href":"https:\/\/www.moskito.cz\/pl\/wp-json\/wp\/v2\/product_tag?post=312724"}],"curies":[{"name":"wp","href":"https:\/\/api.w.org\/{rel}","templated":true}]}}