{"id":312812,"date":"2024-02-09T16:10:30","date_gmt":"2024-02-09T16:05:24","guid":{"rendered":"https:\/\/www.moskito.cz\/produkt\/noz-strzelecki-heretic-knives-colossus-h039-2a-rb\/"},"modified":"2025-05-07T11:02:38","modified_gmt":"2025-05-07T10:02:38","slug":"noz-strzelecki-heretic-knives-colossus-h039-2a-rb","status":"publish","type":"product","link":"https:\/\/www.moskito.cz\/pl\/produkt\/noz-strzelecki-heretic-knives-colossus-h039-2a-rb\/","title":{"rendered":"N\u00f3\u017c strzelecki Heretic Knives Colossus H039-2A-RB"},"content":{"rendered":"<p>N\u00f3\u017c strzelecki <strong>Heretic Knives<\/strong> Colossus H039-2A-RB.<\/p>\n<p>OTF Auto Double Action <strong>Colossus<\/strong> charakteryzuje si\u0119 skomplikowanym wygl\u0105dem, przesadn\u0105 wytrzyma\u0142o\u015bci\u0105, akcj\u0105 szybsz\u0105 ni\u017c b\u0142yskawica oraz dopasowaniem i wyko\u0144czeniem, jakiego mo\u017cna oczekiwa\u0107 od no\u017ca z najwy\u017cszej p\u00f3\u0142ki. Ostrze wykonano ze stali nierdzewnej CPM-MagnaCut z jednoostrzowym kszta\u0142tem klipsa, kt\u00f3ry jest po prostu doskona\u0142y. Masywny aluminiowy korpus jest wyj\u0105tkowo ergonomiczny i ma niezliczone czarne podk\u0142adki trakcyjne po ka\u017cdej stronie. Dwustronny klips do kieszeni jest najfajniejsz\u0105 rzecz\u0105 w tym no\u017cu. Trzyma n\u00f3\u017c bezpiecznie w kieszeni, jednocze\u015bnie zabieraj\u0105c niewiele z ergonomii, kt\u00f3r\u0105 kochamy. Ostrze jest dostarczane z butelk\u0105 smaru do no\u017cy OTF i zosta\u0142o dumnie wyprodukowane w USA.<br \/>\nDane techniczne<\/p>\n<p>D\u0142ugo\u015b\u0107 ostrza: 9 cm<br \/>\nD\u0142ugo\u015b\u0107 ca\u0142kowita: 22 cm<br \/>\nMateria\u0142 ostrza: Stal nierdzewna CPM-MagnaCut<br \/>\nStyl ostrza: Clip Point<br \/>\nSzlif ostrza: p\u0142aski<br \/>\nObr\u00f3bka powierzchni ostrza: Stonewash<br \/>\nMateria\u0142 r\u0119koje\u015bci: aluminium korzenne z czarnymi wstawkami trakcyjnymi<br \/>\nMechanizm blokuj\u0105cy: przesuwny<br \/>\nKieszonkowy klips: stal nierdzewna z g\u0142\u0119bokim transferem (sk\u0142adany, prawy\/lewy)<br \/>\nWaga: 4,66 uncji<br \/>\nProjektant: Tony Marfione Jr.<br \/>\nR\u0119cznie robione w USA<\/p>\n<p>&nbsp;<\/p>\n","protected":false},"excerpt":{"rendered":"<p><strong>Wszystkie nasze no\u017ce s\u0105 produkowane w USA i tak pozostanie. Kupuj\u0105c jeden z naszych no\u017cy, mo\u017cesz mie\u0107 pewno\u015b\u0107, \u017ce Twoje narz\u0119dzie jest wspierane przez ameryka\u0144sk\u0105 firm\u0119. Nasze no\u017ce s\u0105 produkowane w ma\u0142ych partiach, aby mie\u0107 pewno\u015b\u0107, \u017ce otrzymasz n\u00f3\u017c wysokiej jako\u015bci, kt\u00f3ry przyci\u0105gnie uwag\u0119, kt\u00f3rej nie przyci\u0105gaj\u0105 inne no\u017ce produkowane masowo!<\/strong><\/p>\n<p><strong>Bezp\u0142atny transport.<\/strong><\/p>\n","protected":false},"featured_media":312731,"comment_status":"open","ping_status":"closed","template":"","meta":[],"pwb-brand":[3664],"product_brand":[],"product_cat":[3296,3344],"product_tag":[],"class_list":{"0":"post-312812","1":"product","2":"type-product","3":"status-publish","4":"has-post-thumbnail","6":"pwb-brand-heretyckie-noze","7":"product_cat-noze-pl","8":"product_cat-noze-strzeleckie","10":"first","11":"instock","12":"taxable","13":"shipping-taxable","14":"purchasable","15":"product-type-simple"},"brands":[{"id":3664,"name":"Heretyckie no\u017ce","slug":"heretyckie-noze"}],"_links":{"self":[{"href":"https:\/\/www.moskito.cz\/pl\/wp-json\/wp\/v2\/product\/312812","targetHints":{"allow":["GET"]}}],"collection":[{"href":"https:\/\/www.moskito.cz\/pl\/wp-json\/wp\/v2\/product"}],"about":[{"href":"https:\/\/www.moskito.cz\/pl\/wp-json\/wp\/v2\/types\/product"}],"replies":[{"embeddable":true,"href":"https:\/\/www.moskito.cz\/pl\/wp-json\/wp\/v2\/comments?post=312812"}],"wp:featuredmedia":[{"embeddable":true,"href":"https:\/\/www.moskito.cz\/pl\/wp-json\/wp\/v2\/media\/312731"}],"wp:attachment":[{"href":"https:\/\/www.moskito.cz\/pl\/wp-json\/wp\/v2\/media?parent=312812"}],"wp:term":[{"taxonomy":"pwb-brand","embeddable":true,"href":"https:\/\/www.moskito.cz\/pl\/wp-json\/wp\/v2\/pwb-brand?post=312812"},{"taxonomy":"product_brand","embeddable":true,"href":"https:\/\/www.moskito.cz\/pl\/wp-json\/wp\/v2\/product_brand?post=312812"},{"taxonomy":"product_cat","embeddable":true,"href":"https:\/\/www.moskito.cz\/pl\/wp-json\/wp\/v2\/product_cat?post=312812"},{"taxonomy":"product_tag","embeddable":true,"href":"https:\/\/www.moskito.cz\/pl\/wp-json\/wp\/v2\/product_tag?post=312812"}],"curies":[{"name":"wp","href":"https:\/\/api.w.org\/{rel}","templated":true}]}}