{"id":312835,"date":"2021-03-25T22:59:57","date_gmt":"2024-02-12T09:48:56","guid":{"rendered":"https:\/\/www.moskito.cz\/produkt\/naprawiono-noz-microtech-borka-blades-sbd-201-10\/"},"modified":"2025-07-11T07:54:12","modified_gmt":"2025-07-11T06:54:12","slug":"naprawiono-noz-microtech-borka-blades-sbd-201-10","status":"publish","type":"product","link":"https:\/\/www.moskito.cz\/pl\/produkt\/naprawiono-noz-microtech-borka-blades-sbd-201-10\/","title":{"rendered":"Naprawiono n\u00f3\u017c Microtech Borka Blades SBD 201-10"},"content":{"rendered":"<p>Naprawiono n\u00f3\u017c Microtech Borka Blades SBD 201-10.<\/p>\n<p>Ostrze sta\u0142e SBD to gro\u017any n\u00f3\u017c stworzony przez tw\u00f3rc\u0119 no\u017cy Sebastjana Berenjiego, znanego r\u00f3wnie\u017c jako Bork, oparty na jego projekcie SBK. Jest to ewolucja SBK, kt\u00f3ra przyj\u0119\u0142a odwr\u00f3cony kszta\u0142t perskiego ostrza i zast\u0105pi\u0142a go szerokim, obosiecznym sztyletem, st\u0105d nazwa D. Posiada cztery pi\u0119kne skosy zako\u0144czone idealnym ostrzem, \u0142adn\u0105 os\u0142on\u0119 palc\u00f3w i rowek krwi z otworami reliefowymi. R\u0119koje\u015b\u0107 wykonana jest z pi\u0119knie wyfrezowanego G10, co zapewnia przyjemny, ergonomiczny chwyt i tworzy idealn\u0105 harmoni\u0119 pomi\u0119dzy u\u017cytkownikiem a narz\u0119dziem. Jest wyprofilowany w odpowiednich miejscach, aby umo\u017cliwi\u0107 indeksowanie no\u017ca kilkoma chwytami. Kompaktowy SBD emanuje sprawno\u015bci\u0105 taktyczn\u0105 w stylu, kt\u00f3ry jest podstaw\u0105 ostrzy Borka i jest dost\u0119pny w pochwie z Kydexu z wyko\u0144czeniem z w\u0142\u00f3kna w\u0119glowego Kydex z systemem Tek-Lok. Wyprodukowano w USA przez firm\u0119 Microtech Knives.<\/p>\n<p>D\u0142ugo\u015b\u0107 ostrza: 11 cm<br \/>\nD\u0142ugo\u015b\u0107 ca\u0142kowita: 22,5 cm<br \/>\nMateria\u0142 ostrza: tegoroczne ostrze b\u0119dzie M390 &#8211; do wyczerpania zapas\u00f3w metalu, ostrza mog\u0105 by\u0107 r\u00f3wnie\u017c wykonane z Elmax lub CTS -240P<br \/>\nStyl ostrza: sztylet o podw\u00f3jnym ostrzu<br \/>\nSzlif ostrza: p\u0142aski<br \/>\nObr\u00f3bka powierzchni ostrza: Stonewash<br \/>\nMateria\u0142 r\u0119koje\u015bci: frezowane czarne G10<br \/>\nMateria\u0142 os\u0142ony: Kydex z w\u0142\u00f3kna w\u0119glowego<br \/>\nWaga: 6,4 uncji<br \/>\nWaga z pochw\u0105: 10,1 uncji.<\/p>\n<p>Grubo\u015b\u0107 ostrza: 0,4875 cm<br \/>\nProjektant: Sebastijan Berenji<br \/>\nWykonane w USA<\/p>\n<p>Sta\u0142e ostrze SBD to gro\u017any n\u00f3\u017c stworzony przez tw\u00f3rc\u0119 no\u017cy Sebastijana Berenjiego, znanego r\u00f3wnie\u017c jako Borka, oparty na jego projekcie SBK. Jest to ewolucja SBK, kt\u00f3ry mia\u0142 uniesiony do g\u00f3ry perski kszta\u0142t ostrza, zast\u0119puj\u0105c go szerokim sztyletem o podw\u00f3jnym ostrzu, st\u0105d litera D w nazwie. Posiada cztery wspania\u0142e skosy zako\u0144czone idealn\u0105 ko\u0144c\u00f3wk\u0105, \u0142adn\u0105 os\u0142on\u0119 palc\u00f3w i krwawy rowek z rozja\u015bniaj\u0105cymi otworami. R\u0119koje\u015b\u0107 wykonana jest z pi\u0119knie frezowanego materia\u0142u G10, co zapewnia przyjemny, ergonomiczny chwyt, tworz\u0105c idealn\u0105 harmoni\u0119 pomi\u0119dzy u\u017cytkownikiem a instrumentem. Jest wyprofilowany w odpowiednich miejscach, co pozwala na indeksowanie no\u017ca w wielu chwytach. Kompaktowy SBD emanuje sprawno\u015bci\u0105 taktyczn\u0105 dzi\u0119ki stylowi, kt\u00f3ry jest podstaw\u0105 ostrzy Borka i jest wyposa\u017cony w dopasowan\u0105 do tarcia pochw\u0119 z Kydexu z w\u0142\u00f3kna w\u0119glowego z systemem Tek-Lok. Wyprodukowano w USA przez firm\u0119 Microtech Knives.<\/p>\n<p>Dane techniczne<br \/>\nD\u0142ugo\u015b\u0107 ostrza: 4,375&#8243;<br \/>\nKraw\u0119d\u017a tn\u0105ca: 4,25 cala<br \/>\nD\u0142ugo\u015b\u0107 r\u0119koje\u015bci: 4,50&#8243;<br \/>\nD\u0142ugo\u015b\u0107 ca\u0142kowita: 9,0&#8243;<br \/>\nMateria\u0142 ostrza: Stal\u0105 ostrzy na rok 2020 b\u0119dzie Elmax \u2013 do wyczerpania zapas\u00f3w metalu, ostrza mog\u0105 by\u0107 r\u00f3wnie\u017c wykonane z M390 lub CTS-240P<br \/>\nGrubo\u015b\u0107 ostrza: 0,195&#8243;<br \/>\nStyl ostrza: sztylet o podw\u00f3jnym ostrzu<br \/>\nSzlif ostrza: p\u0142aski<br \/>\nWyko\u0144czenie ostrza: Stonewash<br \/>\nMateria\u0142 r\u0119koje\u015bci: frezowany czarny G10<br \/>\nGrubo\u015b\u0107 r\u0119koje\u015bci: 0,68 cala<br \/>\nMateria\u0142 os\u0142ony: Kydex z wyko\u0144czeniem w\u0142\u00f3knem w\u0119glowym<br \/>\nWaga: 6,4 uncji<br \/>\nWaga z os\u0142on\u0105: 10,1 uncji.<br \/>\nProjektant: Sebastijan Berenji<br \/>\nWyprodukowano w USA<\/p>\n","protected":false},"excerpt":{"rendered":"<p>Przez lata <strong>Microtech\u00ae<\/strong> Knives wype\u0142nia\u0142 no\u017ce pasj\u0105 i umiej\u0119tno\u015bciami, aby tworzy\u0107 niemal dzie\u0142a sztuki, kt\u00f3re s\u0105 szczytem funkcjonalno\u015bci.Wszystkie cz\u0119\u015bci s\u0105 produkowane w USA.<\/p>\n","protected":false},"featured_media":312838,"comment_status":"open","ping_status":"closed","template":"","meta":[],"pwb-brand":[3279],"product_brand":[],"product_cat":[3296,3297],"product_tag":[3671],"class_list":{"0":"post-312835","1":"product","2":"type-product","3":"status-publish","4":"has-post-thumbnail","6":"pwb-brand-microtech-pl","7":"product_cat-noze-pl","8":"product_cat-solidne-noze","9":"product_tag-b2b-pl","11":"first","12":"outofstock","13":"taxable","14":"shipping-taxable","15":"purchasable","16":"product-type-simple"},"brands":[{"id":3279,"name":"Microtech","slug":"microtech-pl"}],"_links":{"self":[{"href":"https:\/\/www.moskito.cz\/pl\/wp-json\/wp\/v2\/product\/312835","targetHints":{"allow":["GET"]}}],"collection":[{"href":"https:\/\/www.moskito.cz\/pl\/wp-json\/wp\/v2\/product"}],"about":[{"href":"https:\/\/www.moskito.cz\/pl\/wp-json\/wp\/v2\/types\/product"}],"replies":[{"embeddable":true,"href":"https:\/\/www.moskito.cz\/pl\/wp-json\/wp\/v2\/comments?post=312835"}],"wp:featuredmedia":[{"embeddable":true,"href":"https:\/\/www.moskito.cz\/pl\/wp-json\/wp\/v2\/media\/312838"}],"wp:attachment":[{"href":"https:\/\/www.moskito.cz\/pl\/wp-json\/wp\/v2\/media?parent=312835"}],"wp:term":[{"taxonomy":"pwb-brand","embeddable":true,"href":"https:\/\/www.moskito.cz\/pl\/wp-json\/wp\/v2\/pwb-brand?post=312835"},{"taxonomy":"product_brand","embeddable":true,"href":"https:\/\/www.moskito.cz\/pl\/wp-json\/wp\/v2\/product_brand?post=312835"},{"taxonomy":"product_cat","embeddable":true,"href":"https:\/\/www.moskito.cz\/pl\/wp-json\/wp\/v2\/product_cat?post=312835"},{"taxonomy":"product_tag","embeddable":true,"href":"https:\/\/www.moskito.cz\/pl\/wp-json\/wp\/v2\/product_tag?post=312835"}],"curies":[{"name":"wp","href":"https:\/\/api.w.org\/{rel}","templated":true}]}}