{"id":312948,"date":"2024-02-13T14:49:48","date_gmt":"2024-02-13T14:05:03","guid":{"rendered":"https:\/\/www.moskito.cz\/produkt\/noz-heretic-knives-roc-battleworn-hawkbill-h060-5a-battle-noz-strzelecki\/"},"modified":"2025-05-07T11:02:41","modified_gmt":"2025-05-07T10:02:41","slug":"noz-heretic-knives-roc-battleworn-hawkbill-h060-5a-battle-noz-strzelecki","status":"publish","type":"product","link":"https:\/\/www.moskito.cz\/pl\/produkt\/noz-heretic-knives-roc-battleworn-hawkbill-h060-5a-battle-noz-strzelecki\/","title":{"rendered":"N\u00f3\u017c Heretic Knives Roc Battleworn Hawkbill H060-5A-BATTLE N\u00f3\u017c strzelecki"},"content":{"rendered":"<p><strong>N\u00f3\u017c Heretic Knives<\/strong> Roc Battleworn Hawkbill H060-5A-BATTLE N\u00f3\u017c strzelecki<\/p>\n<p>Roc z Heretic Knives to idealne miejsce w ofercie Heretic. Roc ma idealny rozmiar dla wi\u0119kszo\u015bci z nas, por\u00f3wnywalny ze s\u0142ynnym Microtech Ultratech. N\u00f3\u017c ten zosta\u0142 w 100% wykonany i zmontowany w USA i jest obj\u0119ty do\u017cywotni\u0105 gwarancj\u0105, wi\u0119c mo\u017cesz mie\u0107 pewno\u015b\u0107, \u017ce ten OTF b\u0119dzie Ci s\u0142u\u017cy\u0142. Charakteryzuje si\u0119 jedwabi\u015bcie g\u0142adkim dopasowaniem i ci\u0105gni\u0119ciem jedn\u0105 r\u0119k\u0105, co jest standardem w linii Heretic OTF. Model ten posiada nieco d\u0142u\u017csze ni\u017c trzy cale ostrze, zintegrowany otw\u00f3r na smycz i g\u0142\u0119boki klips do przenoszenia. Jego smuk\u0142y profil i lekko\u015b\u0107 sprawiaj\u0105, \u017ce mo\u017cna go \u0142atwo nosi\u0107 pod r\u0119k\u0105 i by\u0107 gotowym w ka\u017cdej chwili. Akcja wci\u0105ga, ergonomia jest na w\u0142a\u015bciwym poziomie, a jako\u015b\u0107 wykonania jest na najwy\u017cszym poziomie. Nie b\u0119dziesz rozczarowany.<br \/>\nDane techniczne:<\/p>\n<p>D\u0142ugo\u015b\u0107 ostrza: 8 cm<br \/>\nD\u0142ugo\u015b\u0107 ca\u0142kowita: 20 cm<br \/>\nMateria\u0142 ostrza: Stal nierdzewna CPM-MagnaCut<br \/>\nGrubo\u015b\u0107 ostrza: 0,140 cala<br \/>\nStyl ostrza: Hawkbill<br \/>\nSzlif ostrza: p\u0142aski<br \/>\nWyko\u0144czenie ostrza: Znoszone w bitwie<br \/>\nMateria\u0142 r\u0119koje\u015bci: zu\u017cyte w bitwie czarne aluminium<br \/>\nMechanizm blokuj\u0105cy: przesuwny<br \/>\nKieszonkowy klips: Deep Carry Titanium (Tip-Down, Right Carry)<br \/>\nWaga: 4,0 uncji<br \/>\nProjektant: Tony Marfione Jr.<br \/>\nWykonane w USA<\/p>\n<p>&nbsp;<\/p>\n","protected":false},"excerpt":{"rendered":"<div class=\"elementor-element elementor-element-bbb542b elementor-widget elementor-widget-woocommerce-product-short-description\" data-id=\"bbb542b\" data-element_type=\"widget\" data-widget_type=\"woocommerce-product-short-description.default\">\n<div class=\"elementor-widget-container\">\n<div class=\"woocommerce-product-details__short-description\">\n<p><strong>Wszystkie nasze no\u017ce s\u0105 produkowane w USA i tak pozostanie. Kupuj\u0105c jeden z naszych no\u017cy, mo\u017cesz mie\u0107 pewno\u015b\u0107, \u017ce Twoje narz\u0119dzie jest wspierane przez ameryka\u0144sk\u0105 firm\u0119. Nasze no\u017ce s\u0105 produkowane w ma\u0142ych partiach, aby mie\u0107 pewno\u015b\u0107, \u017ce otrzymasz n\u00f3\u017c wysokiej jako\u015bci, kt\u00f3ry przyci\u0105gnie uwag\u0119, kt\u00f3rej nie przyci\u0105gaj\u0105 inne no\u017ce produkowane masowo!<\/strong><\/p>\n<p><strong>Bezp\u0142atny transport.<\/strong><\/p>\n<\/div>\n<\/div>\n<\/div>\n","protected":false},"featured_media":312922,"comment_status":"open","ping_status":"closed","template":"","meta":[],"pwb-brand":[3664],"product_brand":[],"product_cat":[3296,3344],"product_tag":[3671],"class_list":{"0":"post-312948","1":"product","2":"type-product","3":"status-publish","4":"has-post-thumbnail","6":"pwb-brand-heretyckie-noze","7":"product_cat-noze-pl","8":"product_cat-noze-strzeleckie","9":"product_tag-b2b-pl","11":"first","12":"outofstock","13":"taxable","14":"shipping-taxable","15":"purchasable","16":"product-type-simple"},"brands":[{"id":3664,"name":"Heretyckie no\u017ce","slug":"heretyckie-noze"}],"_links":{"self":[{"href":"https:\/\/www.moskito.cz\/pl\/wp-json\/wp\/v2\/product\/312948","targetHints":{"allow":["GET"]}}],"collection":[{"href":"https:\/\/www.moskito.cz\/pl\/wp-json\/wp\/v2\/product"}],"about":[{"href":"https:\/\/www.moskito.cz\/pl\/wp-json\/wp\/v2\/types\/product"}],"replies":[{"embeddable":true,"href":"https:\/\/www.moskito.cz\/pl\/wp-json\/wp\/v2\/comments?post=312948"}],"wp:featuredmedia":[{"embeddable":true,"href":"https:\/\/www.moskito.cz\/pl\/wp-json\/wp\/v2\/media\/312922"}],"wp:attachment":[{"href":"https:\/\/www.moskito.cz\/pl\/wp-json\/wp\/v2\/media?parent=312948"}],"wp:term":[{"taxonomy":"pwb-brand","embeddable":true,"href":"https:\/\/www.moskito.cz\/pl\/wp-json\/wp\/v2\/pwb-brand?post=312948"},{"taxonomy":"product_brand","embeddable":true,"href":"https:\/\/www.moskito.cz\/pl\/wp-json\/wp\/v2\/product_brand?post=312948"},{"taxonomy":"product_cat","embeddable":true,"href":"https:\/\/www.moskito.cz\/pl\/wp-json\/wp\/v2\/product_cat?post=312948"},{"taxonomy":"product_tag","embeddable":true,"href":"https:\/\/www.moskito.cz\/pl\/wp-json\/wp\/v2\/product_tag?post=312948"}],"curies":[{"name":"wp","href":"https:\/\/api.w.org\/{rel}","templated":true}]}}