{"id":313037,"date":"2024-02-13T16:23:57","date_gmt":"2024-02-13T15:29:25","guid":{"rendered":"https:\/\/www.moskito.cz\/produkt\/dwukolorowy-noz-taktyczny-heretic-knives-colossus-h039-10a-t\/"},"modified":"2025-05-07T11:02:43","modified_gmt":"2025-05-07T10:02:43","slug":"dwukolorowy-noz-taktyczny-heretic-knives-colossus-h039-10a-t","status":"publish","type":"product","link":"https:\/\/www.moskito.cz\/pl\/produkt\/dwukolorowy-noz-taktyczny-heretic-knives-colossus-h039-10a-t\/","title":{"rendered":"Dwukolorowy n\u00f3\u017c taktyczny Heretic Knives Colossus H039-10A-T"},"content":{"rendered":"<p>Dwukolorowy n\u00f3\u017c taktyczny <strong>Heretic Knives<\/strong> Colossus H039-10A-T<\/p>\n<p>Ten dwustronnego dzia\u0142ania OTF Auto charakteryzuje si\u0119 misternie szlifowanym ostrzem, przesadn\u0105 wytrzyma\u0142o\u015bci\u0105, akcj\u0105 szybsz\u0105 ni\u017c b\u0142yskawica oraz dopasowaniem i wyko\u0144czeniem, jakiego mo\u017cna oczekiwa\u0107 od wysokiej klasy niestandardowego no\u017ca. Tony Jr. Studiowa\u0142 sztuk\u0119 grindowania od jednego z najlepszych, jakie kiedykolwiek \u017cy\u0142y, i to dwukolorowe ostrze taktyczne z pojedyncz\u0105 kraw\u0119dzi\u0105 jest jednym z najlepszych styl\u00f3w EDC, jakie mo\u017cna kupi\u0107 za pieni\u0105dze. Heretic Knives Colossus to inspirowany taktyk\u0105 n\u00f3\u017c o podw\u00f3jnym dzia\u0142aniu, skierowany do przodu, umieszczony tu\u017c pod d\u0142ugo\u015bci\u0105 Manticore-X, co u\u0142atwia przenoszenie, a jednocze\u015bnie jest bardziej wytrzyma\u0142y. R\u0119koje\u015bci z anodyzowanego aluminium lotniczego s\u0105 wyposa\u017cone w strategiczne z\u0105bki trakcyjne, kt\u00f3re zapewniaj\u0105 pewny chwyt podczas kontrolowania ostrza S\/E poprzez mechanizm podw\u00f3jnego dzia\u0142ania.<\/p>\n<p>Heretic Knives Colossus Two-Tone Taktyczne S\/E, czarna r\u0119koje\u015b\u0107, czarna klamra i osprz\u0119t H039-10A-T Dane techniczne:<\/p>\n<p>D\u0142ugo\u015b\u0107 ostrza: 9 cm<br \/>\nD\u0142ugo\u015b\u0107 ca\u0142kowita: 22 cm<br \/>\nMateria\u0142 r\u0119koje\u015bci: aluminium anodyzowane<br \/>\nMateria\u0142 ostrza: Magnacut<br \/>\nStyl ostrza: pojedyncza kraw\u0119d\u017a<br \/>\nWyko\u0144czenie: dwukolorowe taktyczne<br \/>\nczarny kolor<br \/>\nWaga: 4,5 uncji<\/p>\n<p>&nbsp;<\/p>\n","protected":false},"excerpt":{"rendered":"<p><strong>Wszystkie nasze no\u017ce s\u0105 produkowane w USA i tak pozostanie. Kupuj\u0105c jeden z naszych no\u017cy, mo\u017cesz mie\u0107 pewno\u015b\u0107, \u017ce Twoje narz\u0119dzie jest wspierane przez ameryka\u0144sk\u0105 firm\u0119. Nasze no\u017ce s\u0105 produkowane w ma\u0142ych partiach, aby mie\u0107 pewno\u015b\u0107, \u017ce otrzymasz n\u00f3\u017c wysokiej jako\u015bci, kt\u00f3ry przyci\u0105gnie uwag\u0119, kt\u00f3rej nie przyci\u0105gaj\u0105 inne no\u017ce produkowane masowo!<\/strong><\/p>\n<p><strong>Bezp\u0142atny transport.<\/strong><\/p>\n","protected":false},"featured_media":313013,"comment_status":"open","ping_status":"closed","template":"","meta":[],"pwb-brand":[3664],"product_brand":[],"product_cat":[3296,3344],"product_tag":[],"class_list":{"0":"post-313037","1":"product","2":"type-product","3":"status-publish","4":"has-post-thumbnail","6":"pwb-brand-heretyckie-noze","7":"product_cat-noze-pl","8":"product_cat-noze-strzeleckie","10":"first","11":"instock","12":"taxable","13":"shipping-taxable","14":"purchasable","15":"product-type-simple"},"brands":[{"id":3664,"name":"Heretyckie no\u017ce","slug":"heretyckie-noze"}],"_links":{"self":[{"href":"https:\/\/www.moskito.cz\/pl\/wp-json\/wp\/v2\/product\/313037","targetHints":{"allow":["GET"]}}],"collection":[{"href":"https:\/\/www.moskito.cz\/pl\/wp-json\/wp\/v2\/product"}],"about":[{"href":"https:\/\/www.moskito.cz\/pl\/wp-json\/wp\/v2\/types\/product"}],"replies":[{"embeddable":true,"href":"https:\/\/www.moskito.cz\/pl\/wp-json\/wp\/v2\/comments?post=313037"}],"wp:featuredmedia":[{"embeddable":true,"href":"https:\/\/www.moskito.cz\/pl\/wp-json\/wp\/v2\/media\/313013"}],"wp:attachment":[{"href":"https:\/\/www.moskito.cz\/pl\/wp-json\/wp\/v2\/media?parent=313037"}],"wp:term":[{"taxonomy":"pwb-brand","embeddable":true,"href":"https:\/\/www.moskito.cz\/pl\/wp-json\/wp\/v2\/pwb-brand?post=313037"},{"taxonomy":"product_brand","embeddable":true,"href":"https:\/\/www.moskito.cz\/pl\/wp-json\/wp\/v2\/product_brand?post=313037"},{"taxonomy":"product_cat","embeddable":true,"href":"https:\/\/www.moskito.cz\/pl\/wp-json\/wp\/v2\/product_cat?post=313037"},{"taxonomy":"product_tag","embeddable":true,"href":"https:\/\/www.moskito.cz\/pl\/wp-json\/wp\/v2\/product_tag?post=313037"}],"curies":[{"name":"wp","href":"https:\/\/api.w.org\/{rel}","templated":true}]}}