{"id":313114,"date":"2024-02-14T11:23:21","date_gmt":"2024-02-14T10:23:21","guid":{"rendered":"https:\/\/www.moskito.cz\/?post_type=product&#038;p=313114"},"modified":"2025-05-07T11:02:44","modified_gmt":"2025-05-07T10:02:44","slug":"vystrelovaci-nuz-heretic-knives-manticore-s-h025-14a-brkgry","status":"publish","type":"product","link":"https:\/\/www.moskito.cz\/pl\/produkt\/vystrelovaci-nuz-heretic-knives-manticore-s-h025-14a-brkgry\/","title":{"rendered":"Vyst\u0159elovac\u00ed N\u016f\u017e Heretic Knives Manticore S H025-14A-BRKGRY"},"content":{"rendered":"<p>Vyst\u0159elovac\u00ed N\u016f\u017e Heretic Knives Manticore S H025-14A-BRKGRY<\/p>\n<p><strong>Manticore S<\/strong> je nejmen\u0161\u00ed OTF nab\u00eddka spole\u010dnosti Heretic Knives ze s\u00e9rie Manticore. Tento n\u016f\u017e je 100% vyroben a sestaven v USA a je podpo\u0159en do\u017eivotn\u00ed z\u00e1rukou, tak\u017ee si m\u016f\u017eete b\u00fdt jisti, \u017ee tento OTF vydr\u017e\u00ed. Vyzna\u010duje se hedv\u00e1bn\u011b hladk\u00fdm nasazen\u00edm a zata\u017een\u00edm jednou rukou, co\u017e je standardn\u00ed v \u0159ad\u011b Manticore. Varianta S se vyzna\u010duje kompaktn\u00ed dvouhrannou \u010depel\u00ed d\u00fdky, integrovan\u00fdm otvorem pro \u0161\u0148\u016frku, rozb\u00edje\u010dem skla z tvrzen\u00e9 oceli a hlubokou sponou na p\u0159en\u00e1\u0161en\u00ed. Jeho \u0161t\u00edhl\u00fd profil a lehk\u00e1 povaha umo\u017e\u0148uj\u00ed snadn\u00e9 p\u0159en\u00e1\u0161en\u00ed po ruce a p\u0159ipraven\u00e9 okam\u017eit\u011b. Akce je n\u00e1vykov\u00e1, ergonomie je na m\u00edst\u011b a kvalita zpracov\u00e1n\u00ed je \u0161pi\u010dkov\u00e1. Nebudete zklam\u00e1ni.<br \/>\nSpecifikace<\/p>\n<p>D\u00e9lka \u010depele: 6.375 cm<br \/>\nCelkov\u00e1 d\u00e9lka: 16.25 cm<br \/>\nMateri\u00e1l \u010depele: CPM-MagnaCut Nerezov\u00e1 ocel<br \/>\nStyl \u010depele: Recurve<br \/>\nBrou\u0161en\u00ed \u010depele: Ploch\u00e9<br \/>\nPovrchov\u00e1 \u00faprava \u010depele: \u010cern\u00e1 dvoubarevn\u00e1 bojov\u00e1<br \/>\nMateri\u00e1l rukojeti: Pr\u016flomov\u00fd \u0161ed\u00fd hlin\u00edk<br \/>\nTlou\u0161\u0165ka rukojeti: 0,33&#8243;<br \/>\nUzamykac\u00ed mechanismus: Posuvn\u00fd<br \/>\nKapesn\u00ed klip: Nerezov\u00e1 ocel s hlubok\u00fdm p\u0159enosem (sklopen\u00edm dol\u016f, doprava doprava)<br \/>\nHmotnost: 1,8 oz.<br \/>\nDesign\u00e9r: Tony Marfione Jr.<br \/>\nVyrobeno v USA<\/p>\n<p><iframe title=\"Heretic Shop Video\" width=\"800\" height=\"450\" src=\"https:\/\/www.youtube.com\/embed\/7qUL5q7Cvgo?feature=oembed\" frameborder=\"0\" allow=\"accelerometer; autoplay; clipboard-write; encrypted-media; gyroscope; picture-in-picture; web-share\" referrerpolicy=\"strict-origin-when-cross-origin\" allowfullscreen><\/iframe><\/p>\n<p>&nbsp;<\/p>\n","protected":false},"excerpt":{"rendered":"<div class=\"elementor-element elementor-element-bbb542b elementor-widget elementor-widget-woocommerce-product-short-description\" data-id=\"bbb542b\" data-element_type=\"widget\" data-widget_type=\"woocommerce-product-short-description.default\">\n<div class=\"elementor-widget-container\">\n<div class=\"woocommerce-product-details__short-description\">\n<div class=\"elementor-element elementor-element-bbb542b elementor-widget elementor-widget-woocommerce-product-short-description\" data-id=\"bbb542b\" data-element_type=\"widget\" data-widget_type=\"woocommerce-product-short-description.default\">\n<div class=\"elementor-widget-container\">\n<div class=\"woocommerce-product-details__short-description\">\n<div class=\"elementor-element elementor-element-bbb542b elementor-widget elementor-widget-woocommerce-product-short-description\" data-id=\"bbb542b\" data-element_type=\"widget\" data-widget_type=\"woocommerce-product-short-description.default\">\n<div class=\"elementor-widget-container\">\n<div class=\"woocommerce-product-details__short-description\">\n<div class=\"elementor-element elementor-element-bbb542b elementor-widget elementor-widget-woocommerce-product-short-description\" data-id=\"bbb542b\" data-element_type=\"widget\" data-widget_type=\"woocommerce-product-short-description.default\">\n<div class=\"elementor-widget-container\">\n<div class=\"woocommerce-product-details__short-description\">\n<p><strong>V\u0161echny na\u0161e no\u017ee jsou vyrobeny v USA a tak to zachov\u00e1me. Kdy\u017e si koup\u00edte n\u011bkter\u00fd z na\u0161ich no\u017e\u016f, m\u016f\u017eete m\u00edt d\u016fv\u011bru ve sv\u016fj n\u00e1stroj s v\u011bdom\u00edm, \u017ee je podporov\u00e1n americkou spole\u010dnost\u00ed. Na\u0161e no\u017ee jsou vyr\u00e1b\u011bny v mal\u00fdch s\u00e9ri\u00edch, abychom zajistili, \u017ee dostanete kvalitn\u00ed n\u016f\u017e, kter\u00e9mu se dost\u00e1v\u00e1 pozornosti, jak\u00e9 se nedost\u00e1v\u00e1 jin\u00fdm s\u00e9riov\u011b vyr\u00e1b\u011bn\u00fdm no\u017e\u016fm!!<\/strong><\/p>\n<p><strong>Doprava zdarma.<\/strong><\/p>\n<\/div>\n<\/div>\n<\/div>\n<\/div>\n<\/div>\n<\/div>\n<\/div>\n<\/div>\n<\/div>\n<\/div>\n<\/div>\n<\/div>\n","protected":false},"featured_media":313115,"comment_status":"open","ping_status":"closed","template":"","meta":[],"pwb-brand":[318],"product_brand":[],"product_cat":[2019,17],"product_tag":[],"class_list":{"0":"post-313114","1":"product","2":"type-product","3":"status-publish","4":"has-post-thumbnail","6":"pwb-brand-heretic-knives","7":"product_cat-vystrelovaci-noze","8":"product_cat-noze","10":"first","11":"instock","12":"taxable","13":"shipping-taxable","14":"purchasable","15":"product-type-simple"},"brands":[{"id":318,"name":"Heretic Knives","slug":"heretic-knives"}],"_links":{"self":[{"href":"https:\/\/www.moskito.cz\/pl\/wp-json\/wp\/v2\/product\/313114","targetHints":{"allow":["GET"]}}],"collection":[{"href":"https:\/\/www.moskito.cz\/pl\/wp-json\/wp\/v2\/product"}],"about":[{"href":"https:\/\/www.moskito.cz\/pl\/wp-json\/wp\/v2\/types\/product"}],"replies":[{"embeddable":true,"href":"https:\/\/www.moskito.cz\/pl\/wp-json\/wp\/v2\/comments?post=313114"}],"wp:featuredmedia":[{"embeddable":true,"href":"https:\/\/www.moskito.cz\/pl\/wp-json\/wp\/v2\/media\/313115"}],"wp:attachment":[{"href":"https:\/\/www.moskito.cz\/pl\/wp-json\/wp\/v2\/media?parent=313114"}],"wp:term":[{"taxonomy":"pwb-brand","embeddable":true,"href":"https:\/\/www.moskito.cz\/pl\/wp-json\/wp\/v2\/pwb-brand?post=313114"},{"taxonomy":"product_brand","embeddable":true,"href":"https:\/\/www.moskito.cz\/pl\/wp-json\/wp\/v2\/product_brand?post=313114"},{"taxonomy":"product_cat","embeddable":true,"href":"https:\/\/www.moskito.cz\/pl\/wp-json\/wp\/v2\/product_cat?post=313114"},{"taxonomy":"product_tag","embeddable":true,"href":"https:\/\/www.moskito.cz\/pl\/wp-json\/wp\/v2\/product_tag?post=313114"}],"curies":[{"name":"wp","href":"https:\/\/api.w.org\/{rel}","templated":true}]}}