{"id":313374,"date":"2021-07-22T08:20:59","date_gmt":"2021-07-22T07:20:59","guid":{"rendered":"https:\/\/www.moskito.cz\/produkt\/noz-zamykany-cold-steel-xl-espada-s35vn\/"},"modified":"2024-02-15T20:14:29","modified_gmt":"2024-02-15T19:14:29","slug":"noz-zamykany-cold-steel-xl-espada-s35vn","status":"publish","type":"product","link":"https:\/\/www.moskito.cz\/pl\/produkt\/noz-zamykany-cold-steel-xl-espada-s35vn\/","title":{"rendered":"N\u00f3\u017c zamykany Cold Steel XL ESPADA S35VN"},"content":{"rendered":"<p>N\u00f3\u017c sk\u0142adany <strong>Cold Steel<\/strong> XL ESPADA S35VN.<\/p>\n<p>Nigdy nie bali\u015bmy si\u0119 zrywa\u0107 z konwencjami. Dlatego te\u017c, kiedy wszyscy w naszej bran\u017cy produkowali najmniejsze, najsmuklejsze i najlepsze ma\u0142e no\u017ce, jakie tylko mogli, wypu\u015bcili\u015bmy lini\u0119 ostrzy, kt\u00f3re mo\u017cna opisa\u0107 tylko jednym \u2013 mieczami kieszonkowymi! Zimna stalowa Espada zosta\u0142a zainspirowana klasycznym hiszpa\u0144skim no\u017cem Navajo, ale by\u0142a ca\u0142kowicie nowoczesna zar\u00f3wno pod wzgl\u0119dem wygl\u0105du, jak i materia\u0142\u00f3w. Te mega-no\u017ce podbi\u0142y rynek szturmem! Nasza wsp\u00f3\u0142praca projektowa pomi\u0119dzy producentem no\u017cy na zam\u00f3wienie Andrew Demkiem i prezesem Cold Steel Lynn C. Thompson jest dost\u0119pna w dw\u00f3ch rozmiarach, kt\u00f3re zadowol\u0105 najodwa\u017cniejsze osoby! Pomimo imponuj\u0105cych rozmiar\u00f3w, nasze Espady zosta\u0142y fachowo zaprojektowane tak, aby wygodnie i dyskretnie mie\u015bci\u0142y si\u0119 w kieszeni. Wkr\u00f3tce zapomnisz, \u017ce nosisz tak du\u017ce i imponuj\u0105ce ostrze. Wyposa\u017cone w opatentowan\u0105 p\u0142ytk\u0119 Demko Thumb Plate, du\u017ce i bardzo du\u017ce Espady mo\u017cna przypi\u0105\u0107 do kieszeni, otwieraj\u0105c n\u00f3\u017c podczas wyci\u0105gania &#8211; i otwieraj\u0105 si\u0119 w mgnieniu oka! Pi\u0119kne ostrza Espady wykonane s\u0105 z najwy\u017cszej jako\u015bci ameryka\u0144skiej stali stopowej S35VN \u2013 wybranej ze wzgl\u0119du na jej zdolno\u015b\u0107 nie tylko do uzyskania bardzo cienkiej kraw\u0119dzi tn\u0105cej, ale tak\u017ce do utrzymania jej wyj\u0105tkowo d\u0142ugo. Posiadaj\u0105 r\u00f3wnie\u017c profesjonalnie wypolerowane b\u0142otniki i ram\u0119 z aluminium 7075 z G-10 i polerowanego na lustro. Ka\u017cda Espada posiada nasz opatentowany mechanizm blokuj\u0105cy Tri-Ad, kt\u00f3ry ma niesamowit\u0105 odporno\u015b\u0107 na uderzenia i wytrzyma\u0142o\u015b\u0107. W naszych notorycznie brutalnych testach produktu XL Espada by\u0142a w stanie utrzyma\u0107 jedynie 600 funt\u00f3w wisz\u0105cego ci\u0119\u017caru, ale u\u017cyli\u015bmy go nawet do podparcia wisz\u0105cego bloku silnika!<\/p>\n<p>D\u0142ugo\u015b\u0107 po zamkni\u0119ciu: 23,5 cm<br \/>\nD\u0142ugo\u015b\u0107 ostrza: 19 cm<br \/>\nD\u0142ugo\u015b\u0107 ca\u0142kowita: 42,5 cm<br \/>\nWaga: 453,59 g<br \/>\nGrubo\u015b\u0107 ostrza: 4 mm<br \/>\nStal: stal nierdzewna CPM S35VN<br \/>\nR\u0119koje\u015b\u0107: polerowane aluminium + czarna Micarta<br \/>\nRodzaj zamka: Blokada Tri-Ad<\/p>\n<p><strong>Cold Steel<\/strong> to firma zajmuj\u0105ca si\u0119 produkcj\u0105 najmocniejszych i najostrzejszych no\u017cy na \u015bwiecie. W ci\u0105gu ostatnich trzydziestu lat firma Cold Steel sta\u0142a na czele wielu innowacji, kt\u00f3re pomog\u0142y zdefiniowa\u0107 bran\u017c\u0119 no\u017cy. Kolejne sukcesy, w tym wprowadzenie r\u0119koje\u015bci w kratk\u0119 Kraton\u00ae i ostrzy typu tanto, przekszta\u0142ci\u0142y si\u0119 z ciekawostek w przemys\u0142owe znaki rozpoznawcze jako\u015bci i wyrafinowania. Nowy kierunek zosta\u0142 r\u00f3wnie\u017c prze\u0142amany wraz z wprowadzeniem nowych, unikalnych ostrzy stalowych, takich jak San Mai III\u00ae oraz Tri-Ad\u2122 Lock &amp; Lock &amp; Lock do no\u017cy sk\u0142adanych. Na przyk\u0142ad zamek Tri-Ad \u2122 Lock nigdy nie by\u0142 por\u00f3wnywany przez \u017cadnego z konkurent\u00f3w Cold Steel i nie udowodniono, \u017ce przewy\u017csza wszystko, co do tej pory wyprodukowali. Oczywi\u015bcie Cold Steel zawsze b\u0119dzie patrze\u0107 w przysz\u0142o\u015b\u0107 i nieustannie d\u0105\u017cy\u0107 do produkcji najmocniejszych i najostrzejszych no\u017cy na \u015bwiecie. Cel ten, r\u00f3wnie nieuchwytny i trudny do osi\u0105gni\u0119cia, jest ten sam od czterdziestu lat. Firma Cold Steel Inc. to firma skupiaj\u0105ca si\u0119 na produkcji najmocniejszych i najostrzejszych no\u017cy, mieczy, tomahawk\u00f3w, maczet, sztu\u0107c\u00f3w oraz narz\u0119dzi codziennego u\u017cytku: EDC. Szybko przyj\u0119ty przez wojsko, si\u0142y specjalne organ\u00f3w \u015bcigania, osoby udzielaj\u0105ce pomocy w sytuacjach kryzysowych, specjalist\u00f3w samoobrony i cz\u0142onk\u00f3w spo\u0142eczno\u015bci sztuk walki, Cold Steel szybko zyska\u0142 s\u0142aw\u0119 dzi\u0119ki jako\u015bci, wytrzyma\u0142o\u015bci, niezawodno\u015bci i niezawodno\u015bci w codziennym noszeniu (EDC). . Nasza r\u00f3\u017cnorodna i zr\u00f3\u017cnicowana oferta szybko powi\u0119kszy\u0142a si\u0119 i obejmowa\u0142a nie tylko ogromny wyb\u00f3r no\u017cy sk\u0142adanych (od mniejszych ostrzy \u201eEDC\u201d po nasze kultowe, gigantyczne \u201emegafoldery\u201d), ale tak\u017ce sta\u0142e ostrza, miecze, szable, laski i halabardy, jak r\u00f3wnie\u017c a tak\u017ce artyku\u0142y my\u015bliwskie, w\u0142\u00f3cznie, karabiny, topory, maczety, tomahawki i narz\u0119dzia! Przez dziesi\u0119ciolecia firma Cold Steel wprowadza\u0142a nowe, pionierskie materia\u0142y i projekty, kt\u00f3re pomog\u0142y ukszta\u0142towa\u0107 \u015bwiat nowoczesnych no\u017cy, ostrej broni i narz\u0119dzi. Od wprowadzenia r\u0119koje\u015bci w kratk\u0119 Kraton\u00ae i \u201ezamerykanizowanego\u201d ostrza Tanto, po wprowadzenie nowych, innowacyjnych stali ostrzy, takich jak San Mai III\u00ae i prze\u0142omowych mechanizm\u00f3w blokuj\u0105cych (takich jak nasz zamek Tri-Ad \u2122). Patrz\u0105c w przysz\u0142o\u015b\u0107, Cold Steel w dalszym ci\u0105gu wprowadza na rynek nowy poziom wytrzyma\u0142o\u015bci, bezpiecze\u0144stwa i wydajno\u015bci, dostarczaj\u0105c sprawdzone produkty, na kt\u00f3rych mo\u017cna polega\u0107 \u2013 zawsze i wsz\u0119dzie!<\/p>\n<p><iframe title=\"ESPADA XL\" width=\"800\" height=\"450\" src=\"https:\/\/www.youtube.com\/embed\/leU99gzQbEg?feature=oembed\" frameborder=\"0\" allow=\"accelerometer; autoplay; clipboard-write; encrypted-media; gyroscope; picture-in-picture; web-share\" allowfullscreen><\/iframe><\/p>\n<p>&nbsp;<\/p>\n","protected":false},"excerpt":{"rendered":"<p><strong>Espada XL firmy Cold Steel to najwi\u0119kszy sk\u0142adany n\u00f3\u017c na \u015bwiecie. Dzi\u0119ki polerowanemu ostrzu, polerowanemu aluminium i czarnej r\u0119koje\u015bci z Micarty, Espada ma bardzo luksusowy charakter.<\/strong><\/p>\n<p><strong>Bezp\u0142atny transport.<\/strong><\/p>\n<p>&nbsp;<\/p>\n","protected":false},"featured_media":313376,"comment_status":"open","ping_status":"closed","template":"","meta":[],"pwb-brand":[3596],"product_brand":[],"product_cat":[3307,3296],"product_tag":[3671],"class_list":{"0":"post-313374","1":"product","2":"type-product","3":"status-publish","4":"has-post-thumbnail","6":"pwb-brand-zimna-stal","7":"product_cat-zamykanie-nozy","8":"product_cat-noze-pl","9":"product_tag-b2b-pl","11":"first","12":"outofstock","13":"taxable","14":"shipping-taxable","15":"purchasable","16":"product-type-simple"},"brands":[{"id":3596,"name":"Zimna stal","slug":"zimna-stal"}],"_links":{"self":[{"href":"https:\/\/www.moskito.cz\/pl\/wp-json\/wp\/v2\/product\/313374","targetHints":{"allow":["GET"]}}],"collection":[{"href":"https:\/\/www.moskito.cz\/pl\/wp-json\/wp\/v2\/product"}],"about":[{"href":"https:\/\/www.moskito.cz\/pl\/wp-json\/wp\/v2\/types\/product"}],"replies":[{"embeddable":true,"href":"https:\/\/www.moskito.cz\/pl\/wp-json\/wp\/v2\/comments?post=313374"}],"wp:featuredmedia":[{"embeddable":true,"href":"https:\/\/www.moskito.cz\/pl\/wp-json\/wp\/v2\/media\/313376"}],"wp:attachment":[{"href":"https:\/\/www.moskito.cz\/pl\/wp-json\/wp\/v2\/media?parent=313374"}],"wp:term":[{"taxonomy":"pwb-brand","embeddable":true,"href":"https:\/\/www.moskito.cz\/pl\/wp-json\/wp\/v2\/pwb-brand?post=313374"},{"taxonomy":"product_brand","embeddable":true,"href":"https:\/\/www.moskito.cz\/pl\/wp-json\/wp\/v2\/product_brand?post=313374"},{"taxonomy":"product_cat","embeddable":true,"href":"https:\/\/www.moskito.cz\/pl\/wp-json\/wp\/v2\/product_cat?post=313374"},{"taxonomy":"product_tag","embeddable":true,"href":"https:\/\/www.moskito.cz\/pl\/wp-json\/wp\/v2\/product_tag?post=313374"}],"curies":[{"name":"wp","href":"https:\/\/api.w.org\/{rel}","templated":true}]}}