{"id":313381,"date":"2023-03-25T12:55:11","date_gmt":"2023-03-25T11:55:11","guid":{"rendered":"https:\/\/www.moskito.cz\/produkt\/noz-skladany-cold-steel-sr1-lite\/"},"modified":"2025-05-07T11:02:46","modified_gmt":"2025-05-07T10:02:46","slug":"noz-skladany-cold-steel-sr1-lite","status":"publish","type":"product","link":"https:\/\/www.moskito.cz\/pl\/produkt\/noz-skladany-cold-steel-sr1-lite\/","title":{"rendered":"N\u00f3\u017c sk\u0142adany Cold Steel SR1 LITE"},"content":{"rendered":"<p>N\u00f3\u017c sk\u0142adany <strong>Cold Steel<\/strong> SR1 LITE<\/p>\n<p>Cho\u0107 nie jest znacz\u0105co l\u017cejszy, nasz SR1 Lite jest niezaprzeczalnie l\u017cejszy w portfelu! Zbudowany, aby na\u015bladowa\u0107 swojego starszego brata pod ka\u017cdym wzgl\u0119dem, z wyj\u0105tkiem zast\u0105pienia chwytu G-10 chwytem Griv-Ex\u2122 i wykorzystania ta\u0144szej stali ostrza 8Cr14MoV. Nadal jest ostry jak brzytwa i gotowy na najci\u0119\u017csze zadanie lub najwi\u0119ksz\u0105 przygod\u0119.<\/p>\n<p>Opis:<br \/>\nMateria\u0142 ostrza:: 8cr13mov<br \/>\nMateria\u0142 r\u0119koje\u015bci:: Griv-Ex<br \/>\nBezpiecze\u0144stwo:: Blokada Tri-Ad<br \/>\nD\u0142ugo\u015b\u0107 ostrza:: 10,2 cm<br \/>\nD\u0142ugo\u015b\u0107 ca\u0142kowita:: 23,8 cm<br \/>\nD\u0142ugo\u015b\u0107 z\u0142o\u017conego no\u017ca: 13,7 cm<br \/>\nGrubo\u015b\u0107 ostrza:: 4,8 mm<br \/>\nWaga:: 179 g<br \/>\nTyp ostrza:: Punkt zaciskowy<\/p>\n","protected":false},"excerpt":{"rendered":"<p><strong>SR1 Lite to ta\u0144szy wariant popularnego SR1.<\/strong><\/p>\n","protected":false},"featured_media":313382,"comment_status":"open","ping_status":"closed","template":"","meta":[],"pwb-brand":[3596],"product_brand":[],"product_cat":[3307,3296],"product_tag":[3671],"class_list":{"0":"post-313381","1":"product","2":"type-product","3":"status-publish","4":"has-post-thumbnail","6":"pwb-brand-zimna-stal","7":"product_cat-zamykanie-nozy","8":"product_cat-noze-pl","9":"product_tag-b2b-pl","11":"first","12":"instock","13":"taxable","14":"shipping-taxable","15":"purchasable","16":"product-type-simple"},"brands":[{"id":3596,"name":"Zimna stal","slug":"zimna-stal"}],"_links":{"self":[{"href":"https:\/\/www.moskito.cz\/pl\/wp-json\/wp\/v2\/product\/313381","targetHints":{"allow":["GET"]}}],"collection":[{"href":"https:\/\/www.moskito.cz\/pl\/wp-json\/wp\/v2\/product"}],"about":[{"href":"https:\/\/www.moskito.cz\/pl\/wp-json\/wp\/v2\/types\/product"}],"replies":[{"embeddable":true,"href":"https:\/\/www.moskito.cz\/pl\/wp-json\/wp\/v2\/comments?post=313381"}],"wp:featuredmedia":[{"embeddable":true,"href":"https:\/\/www.moskito.cz\/pl\/wp-json\/wp\/v2\/media\/313382"}],"wp:attachment":[{"href":"https:\/\/www.moskito.cz\/pl\/wp-json\/wp\/v2\/media?parent=313381"}],"wp:term":[{"taxonomy":"pwb-brand","embeddable":true,"href":"https:\/\/www.moskito.cz\/pl\/wp-json\/wp\/v2\/pwb-brand?post=313381"},{"taxonomy":"product_brand","embeddable":true,"href":"https:\/\/www.moskito.cz\/pl\/wp-json\/wp\/v2\/product_brand?post=313381"},{"taxonomy":"product_cat","embeddable":true,"href":"https:\/\/www.moskito.cz\/pl\/wp-json\/wp\/v2\/product_cat?post=313381"},{"taxonomy":"product_tag","embeddable":true,"href":"https:\/\/www.moskito.cz\/pl\/wp-json\/wp\/v2\/product_tag?post=313381"}],"curies":[{"name":"wp","href":"https:\/\/api.w.org\/{rel}","templated":true}]}}