{"id":313395,"date":"2022-12-01T21:14:21","date_gmt":"2024-02-16T15:25:23","guid":{"rendered":"https:\/\/www.moskito.cz\/produkt\/naprawiono-wspolczynnik-ekstrema-noza-nk3-na-czarno\/"},"modified":"2025-05-07T11:02:46","modified_gmt":"2025-05-07T10:02:46","slug":"naprawiono-wspolczynnik-ekstrema-noza-nk3-na-czarno","status":"publish","type":"product","link":"https:\/\/www.moskito.cz\/pl\/produkt\/naprawiono-wspolczynnik-ekstrema-noza-nk3-na-czarno\/","title":{"rendered":"Naprawiono wsp\u00f3\u0142czynnik ekstrema no\u017ca NK3 Na czarno"},"content":{"rendered":"<p>Naprawiono wsp\u00f3\u0142czynnik <strong>ekstrema no\u017ca<\/strong> NK3 Na czarno<\/p>\n<p>N\u00f3\u017c ten rozszerza nasz\u0105 seri\u0119 no\u017cy na szyj\u0119. Wyposa\u017cony jest w ostrze tanto ze stali N690, krwawi\u0105cy rowek na ostrzu i pier\u015bcie\u0144 z ty\u0142u r\u0119koje\u015bci. Dzi\u0119ki kydexowej pochwie mo\u017cna j\u0105 nosi\u0107 na szyi, a w po\u0142\u0105czeniu z innymi specjalnymi akcesoriami (nale\u017cy dokupi\u0107 osobno) mo\u017cna j\u0105 przyczepi\u0107 do paska lub do kabury w systemie Cordura MOLLE Extrema Ratio. Wyst\u0119puje w wersji czarnej, kamiennej i pustynnej. Dost\u0119pne, ale nie wchodz\u0105 w sk\u0142ad zestawu: BELT-CLIP (do mocowania kabury do paska), polimerowy SYSTEM POD KOSZUL\u0104 (do ukrytego noszenia).<\/p>\n<p>WAGA G: 95<br \/>\nWAGA UNCJI: 3,35<br \/>\nD\u0141UGO\u015a\u0106 OSTRZA (MM): 70<br \/>\nD\u0141UGO\u015a\u0106 OSTRZA (CALE): 2,75<br \/>\nD\u0141UGO\u015a\u0106 CA\u0141KOWITA (MM): 172<br \/>\nD\u0141UGO\u015a\u0106 CA\u0141KOWITA (W): 6,77<br \/>\nGRUBO\u015a\u0106 OSTRZA (MM): 6,3<br \/>\nGRUBO\u015a\u0106 OSTRZY (CALE): 0,24<br \/>\nMATERIA\u0141 OSTRZA: STAL B\u00d6HLER N690 (58HRC)<br \/>\nWYKO\u0143CZENIE OSTRZA: CZARNE<br \/>\nSIATKA G\u0141\u00d3WNA: P\u0141ASKA<br \/>\nMATERIA\u0141 UCHWYTU: STAL B\u00d6HLER N690 (58HRC)<\/p>\n","protected":false},"excerpt":{"rendered":"<p><strong>Firma Extrema Ratio<\/strong> z siedzib\u0105 w Prato we W\u0142oszech projektuje i produkuje wysokiej jako\u015bci no\u017ce bojowe, wojskowe, kuchenne, my\u015bliwskie i taktyczne od 1997 roku i cieszy si\u0119 reputacj\u0105 dzi\u0119ki najwy\u017cszej jako\u015bci, kt\u00f3ra nie ma sobie r\u00f3wnych w bran\u017cy no\u017cy wojskowych i taktycznych. <strong>Bezp\u0142atny transport.<\/strong><\/p>\n","protected":false},"featured_media":313401,"comment_status":"open","ping_status":"closed","template":"","meta":[],"pwb-brand":[3666],"product_brand":[],"product_cat":[3296,3297],"product_tag":[3671],"class_list":{"0":"post-313395","1":"product","2":"type-product","3":"status-publish","4":"has-post-thumbnail","6":"pwb-brand-stosunek-ekstremow","7":"product_cat-noze-pl","8":"product_cat-solidne-noze","9":"product_tag-b2b-pl","11":"first","12":"instock","13":"taxable","14":"shipping-taxable","15":"purchasable","16":"product-type-simple"},"brands":[{"id":3666,"name":"Stosunek ekstrem\u00f3w","slug":"stosunek-ekstremow"}],"_links":{"self":[{"href":"https:\/\/www.moskito.cz\/pl\/wp-json\/wp\/v2\/product\/313395","targetHints":{"allow":["GET"]}}],"collection":[{"href":"https:\/\/www.moskito.cz\/pl\/wp-json\/wp\/v2\/product"}],"about":[{"href":"https:\/\/www.moskito.cz\/pl\/wp-json\/wp\/v2\/types\/product"}],"replies":[{"embeddable":true,"href":"https:\/\/www.moskito.cz\/pl\/wp-json\/wp\/v2\/comments?post=313395"}],"wp:featuredmedia":[{"embeddable":true,"href":"https:\/\/www.moskito.cz\/pl\/wp-json\/wp\/v2\/media\/313401"}],"wp:attachment":[{"href":"https:\/\/www.moskito.cz\/pl\/wp-json\/wp\/v2\/media?parent=313395"}],"wp:term":[{"taxonomy":"pwb-brand","embeddable":true,"href":"https:\/\/www.moskito.cz\/pl\/wp-json\/wp\/v2\/pwb-brand?post=313395"},{"taxonomy":"product_brand","embeddable":true,"href":"https:\/\/www.moskito.cz\/pl\/wp-json\/wp\/v2\/product_brand?post=313395"},{"taxonomy":"product_cat","embeddable":true,"href":"https:\/\/www.moskito.cz\/pl\/wp-json\/wp\/v2\/product_cat?post=313395"},{"taxonomy":"product_tag","embeddable":true,"href":"https:\/\/www.moskito.cz\/pl\/wp-json\/wp\/v2\/product_tag?post=313395"}],"curies":[{"name":"wp","href":"https:\/\/api.w.org\/{rel}","templated":true}]}}