{"id":314053,"date":"2024-02-15T15:28:16","date_gmt":"2024-02-29T12:31:48","guid":{"rendered":"https:\/\/www.moskito.cz\/produkt\/noz-strzelecki-heretic-knives-cleric-ii-carbon-h019-6a-cf-blu\/"},"modified":"2025-05-07T11:02:53","modified_gmt":"2025-05-07T10:02:53","slug":"noz-strzelecki-heretic-knives-cleric-ii-carbon-h019-6a-cf-blu","status":"publish","type":"product","link":"https:\/\/www.moskito.cz\/pl\/produkt\/noz-strzelecki-heretic-knives-cleric-ii-carbon-h019-6a-cf-blu\/","title":{"rendered":"N\u00f3\u017c strzelecki Heretic Knives Cleric II Carbon H019-6A-CF\/BLU"},"content":{"rendered":"<p>N\u00f3\u017c strzelecki <strong>Heretic Knives<\/strong> Cleric II Carbon H019-6A-CF\/BLU.<\/p>\n<p>Heretic Knives Cleric II to przedni automat o podw\u00f3jnym dzia\u0142aniu z wysokiej jako\u015bci krojem i wyko\u0144czeniem oraz super p\u0142ynn\u0105 akcj\u0105 D\/A OTF! Jest wyposa\u017cony w przesuwan\u0105 przedni\u0105 pokryw\u0119 u\u0142atwiaj\u0105c\u0105 obs\u0142ug\u0119. Jeden z najd\u0142u\u017cszych no\u017cy typu double action OTF w produkcji i mocny konkurent starego Microtech Makora II, z pewno\u015bci\u0105 przypadnie do gustu. W komplecie z frezowanym tytanowym klipsem kieszeniowym.<\/p>\n<p>Model ten posiada skal\u0119 uchwytu z anodyzowanego na czarno aluminium, g\u00f3rn\u0105 pokryw\u0119 z w\u0142\u00f3kna w\u0119glowego i wk\u0142adk\u0119 z ty\u0142u. Ostrze typu tanto ze stali nierdzewnej CPM-Magnacut DLC, ze standardow\u0105 kraw\u0119dzi\u0105, w kolorze czarnym. Czarny design oraz klips i guzik z anodyzowanego na niebiesko tytanu. Z boku ramy wygrawerowane jest logo Heretic, informacje o modelu i numer seryjny.<\/p>\n<p>Kraj pochodzenia: USA<br \/>\nData powstania: 2023<br \/>\nMateria\u0142 r\u0119koje\u015bci: w\u0142\u00f3kno w\u0119glowe<br \/>\nMateria\u0142 ostrza: CPM-MagnaCut<br \/>\nStyl ostrza: Tanto<br \/>\nObr\u00f3bka powierzchni ostrza: DLC<br \/>\nTyp kraw\u0119dzi: standardowy<br \/>\nModel\/wz\u00f3r: Kleryk II<br \/>\nTyp no\u017ca: Automatyczny OTF o podw\u00f3jnym dzia\u0142aniu<br \/>\nTyp zamka: Prz\u00f3d<br \/>\nD\u0142ugo\u015b\u0107 ostrza: 10,62 cm<br \/>\nD\u0142ugo\u015b\u0107 ca\u0142kowita: 24,68 cm<\/p>\n<p>&nbsp;<\/p>\n<p>&nbsp;<\/p>\n","protected":false},"excerpt":{"rendered":"<div class=\"elementor-element elementor-element-bbb542b elementor-widget elementor-widget-woocommerce-product-short-description\" data-id=\"bbb542b\" data-element_type=\"widget\" data-widget_type=\"woocommerce-product-short-description.default\">\n<div class=\"elementor-widget-container\">\n<div class=\"woocommerce-product-details__short-description\">\n<p><strong>Wszystkie nasze no\u017ce s\u0105 produkowane w USA i tak pozostanie. Kupuj\u0105c jeden z naszych no\u017cy, mo\u017cesz mie\u0107 pewno\u015b\u0107, \u017ce Twoje narz\u0119dzie jest wspierane przez ameryka\u0144sk\u0105 firm\u0119. Nasze no\u017ce s\u0105 produkowane w ma\u0142ych partiach, aby mie\u0107 pewno\u015b\u0107, \u017ce otrzymasz n\u00f3\u017c wysokiej jako\u015bci, kt\u00f3ry przyci\u0105gnie uwag\u0119, kt\u00f3rej nie przyci\u0105gaj\u0105 inne no\u017ce produkowane masowo!<\/strong><\/p>\n<p><strong>Bezp\u0142atny transport.<\/strong><\/p>\n<\/div>\n<\/div>\n<\/div>\n","protected":false},"featured_media":313265,"comment_status":"open","ping_status":"closed","template":"","meta":[],"pwb-brand":[3664],"product_brand":[],"product_cat":[3296,3344],"product_tag":[3671],"class_list":{"0":"post-314053","1":"product","2":"type-product","3":"status-publish","4":"has-post-thumbnail","6":"pwb-brand-heretyckie-noze","7":"product_cat-noze-pl","8":"product_cat-noze-strzeleckie","9":"product_tag-b2b-pl","11":"first","12":"outofstock","13":"taxable","14":"shipping-taxable","15":"purchasable","16":"product-type-simple"},"brands":[{"id":3664,"name":"Heretyckie no\u017ce","slug":"heretyckie-noze"}],"_links":{"self":[{"href":"https:\/\/www.moskito.cz\/pl\/wp-json\/wp\/v2\/product\/314053","targetHints":{"allow":["GET"]}}],"collection":[{"href":"https:\/\/www.moskito.cz\/pl\/wp-json\/wp\/v2\/product"}],"about":[{"href":"https:\/\/www.moskito.cz\/pl\/wp-json\/wp\/v2\/types\/product"}],"replies":[{"embeddable":true,"href":"https:\/\/www.moskito.cz\/pl\/wp-json\/wp\/v2\/comments?post=314053"}],"wp:featuredmedia":[{"embeddable":true,"href":"https:\/\/www.moskito.cz\/pl\/wp-json\/wp\/v2\/media\/313265"}],"wp:attachment":[{"href":"https:\/\/www.moskito.cz\/pl\/wp-json\/wp\/v2\/media?parent=314053"}],"wp:term":[{"taxonomy":"pwb-brand","embeddable":true,"href":"https:\/\/www.moskito.cz\/pl\/wp-json\/wp\/v2\/pwb-brand?post=314053"},{"taxonomy":"product_brand","embeddable":true,"href":"https:\/\/www.moskito.cz\/pl\/wp-json\/wp\/v2\/product_brand?post=314053"},{"taxonomy":"product_cat","embeddable":true,"href":"https:\/\/www.moskito.cz\/pl\/wp-json\/wp\/v2\/product_cat?post=314053"},{"taxonomy":"product_tag","embeddable":true,"href":"https:\/\/www.moskito.cz\/pl\/wp-json\/wp\/v2\/product_tag?post=314053"}],"curies":[{"name":"wp","href":"https:\/\/api.w.org\/{rel}","templated":true}]}}