{"id":314476,"date":"2024-03-04T16:27:49","date_gmt":"2024-03-04T15:33:53","guid":{"rendered":"https:\/\/www.moskito.cz\/produkt\/noz-strzelecki-microtech-hera-ii-stonewashed-1702-10\/"},"modified":"2025-05-07T11:03:04","modified_gmt":"2025-05-07T10:03:04","slug":"noz-strzelecki-microtech-hera-ii-stonewashed-1702-10","status":"publish","type":"product","link":"https:\/\/www.moskito.cz\/pl\/produkt\/noz-strzelecki-microtech-hera-ii-stonewashed-1702-10\/","title":{"rendered":"N\u00f3\u017c strzelecki Microtech Hera II Stonewashed 1702-10"},"content":{"rendered":"<p>N\u00f3\u017c strzelecki <strong>Microtech<\/strong> Hera II Stonewashed 1702-10<\/p>\n<p><strong>Hera II<\/strong> to efektowny n\u00f3\u017c automatyczny o podw\u00f3jnym dzia\u0142aniu z przodu, z konstrukcj\u0105 ramy lu\u017ano inspirowan\u0105 kultowym modelem Troodon. <strong>Hera<\/strong> charakteryzuje si\u0119 ulepszon\u0105 ergonomi\u0105, zapewniaj\u0105c\u0105 lepszy chwyt i wyrafinowan\u0105 estetyk\u0105, kt\u00f3ra zwi\u0119ksza jej og\u00f3lny wygl\u0105d. Warto zauwa\u017cy\u0107, \u017ce uchwyt jest starannie g\u0142\u0119boko wygrawerowany, co dodaje odrobin\u0119 sztuki i niesamowitego charakteru funkcjonalnemu projektowi. Jedyna widoczna \u015bruba, kt\u00f3ra trzyma go razem, znajduje si\u0119 z ty\u0142u, w pobli\u017cu klipsa kieszeniowego, kt\u00f3ry jest obur\u0119czny dla lewor\u0119cznych.<\/p>\n<p>Ten wyj\u0105tkowy projekt bez wysi\u0142ku uciele\u015bnia zar\u00f3wno wyrafinowanie, jak i funkcjonalno\u015b\u0107, dzi\u0119ki czemu <strong>Hera<\/strong> wyr\u00f3\u017cnia si\u0119 jako jeden z najlepszych wszechstronnych automatycznych no\u017cy OTF na wysoce konkurencyjnym rynku. Chocia\u017c szczerze konkuruje z wi\u0119kszo\u015bci\u0105 innych <strong>OTF firmy Microtech<\/strong> . Idealnie dopasowany do walki, ale wystarczaj\u0105co cienki, aby mo\u017cna go by\u0142o nosi\u0107 na co dzie\u0144, jego forma zosta\u0142a starannie wykonana, aby zapewni\u0107 idealn\u0105 r\u00f3wnowag\u0119 pomi\u0119dzy praktyczno\u015bci\u0105 i stylem.  <strong>Hera<\/strong> jest \u015bwiadectwem precyzji in\u017cynierii i artystycznych detali, co czyni j\u0105 doskona\u0142ym wyborem dla tych, kt\u00f3rzy ceni\u0105 po\u0142\u0105czenie formy i funkcjonalno\u015bci w swoich codziennych narz\u0119dziach.<br \/>\nDane techniczne:<\/p>\n<p>D\u0142ugo\u015b\u0107 ostrza: 10 cm<br \/>\nD\u0142ugo\u015b\u0107 ca\u0142kowita: 24 cm<br \/>\nStyl ostrza: sztylet o podw\u00f3jnym ostrzu<br \/>\nSzlif ostrza: p\u0142aski<br \/>\nObr\u00f3bka powierzchni ostrza: Stonewash<br \/>\nMateria\u0142 r\u0119koje\u015bci: czarne aluminium lotnicze z g\u0142\u0119bokim grawerem<br \/>\nMechanizm blokuj\u0105cy: suwak kciukowy<br \/>\nKieszonkowy klips: Tytan (sk\u0142adany, noszony w prawo\/lewo)<br \/>\nWaga: 4,94 uncji<br \/>\nProjektanci: Tony i Sean Marfione<br \/>\nWykonane w USA<\/p>\n<p>&nbsp;<\/p>\n","protected":false},"excerpt":{"rendered":"<p><strong>Przez lata Microtech\u00ae Knives wype\u0142nia\u0142 no\u017ce pasj\u0105 i umiej\u0119tno\u015bciami, aby tworzy\u0107 niemal dzie\u0142a sztuki, kt\u00f3re s\u0105 szczytem funkcjonalno\u015bci. Wszystkie cz\u0119\u015bci wyprodukowano w USA.<\/strong><br \/>\n<strong>Wszystkie no\u017ce Microtech obj\u0119te s\u0105 do\u017cywotni\u0105 gwarancj\u0105.<\/strong><\/p>\n<p><strong>Bezp\u0142atny transport.<\/strong><\/p>\n","protected":false},"featured_media":314440,"comment_status":"open","ping_status":"closed","template":"","meta":[],"pwb-brand":[3279],"product_brand":[],"product_cat":[3296,3344],"product_tag":[3671],"class_list":{"0":"post-314476","1":"product","2":"type-product","3":"status-publish","4":"has-post-thumbnail","6":"pwb-brand-microtech-pl","7":"product_cat-noze-pl","8":"product_cat-noze-strzeleckie","9":"product_tag-b2b-pl","11":"first","12":"instock","13":"taxable","14":"shipping-taxable","15":"purchasable","16":"product-type-simple"},"brands":[{"id":3279,"name":"Microtech","slug":"microtech-pl"}],"_links":{"self":[{"href":"https:\/\/www.moskito.cz\/pl\/wp-json\/wp\/v2\/product\/314476","targetHints":{"allow":["GET"]}}],"collection":[{"href":"https:\/\/www.moskito.cz\/pl\/wp-json\/wp\/v2\/product"}],"about":[{"href":"https:\/\/www.moskito.cz\/pl\/wp-json\/wp\/v2\/types\/product"}],"replies":[{"embeddable":true,"href":"https:\/\/www.moskito.cz\/pl\/wp-json\/wp\/v2\/comments?post=314476"}],"wp:featuredmedia":[{"embeddable":true,"href":"https:\/\/www.moskito.cz\/pl\/wp-json\/wp\/v2\/media\/314440"}],"wp:attachment":[{"href":"https:\/\/www.moskito.cz\/pl\/wp-json\/wp\/v2\/media?parent=314476"}],"wp:term":[{"taxonomy":"pwb-brand","embeddable":true,"href":"https:\/\/www.moskito.cz\/pl\/wp-json\/wp\/v2\/pwb-brand?post=314476"},{"taxonomy":"product_brand","embeddable":true,"href":"https:\/\/www.moskito.cz\/pl\/wp-json\/wp\/v2\/product_brand?post=314476"},{"taxonomy":"product_cat","embeddable":true,"href":"https:\/\/www.moskito.cz\/pl\/wp-json\/wp\/v2\/product_cat?post=314476"},{"taxonomy":"product_tag","embeddable":true,"href":"https:\/\/www.moskito.cz\/pl\/wp-json\/wp\/v2\/product_tag?post=314476"}],"curies":[{"name":"wp","href":"https:\/\/api.w.org\/{rel}","templated":true}]}}