{"id":314646,"date":"2024-03-05T17:06:08","date_gmt":"2024-03-05T20:07:14","guid":{"rendered":"https:\/\/www.moskito.cz\/produkt\/noz-strzelecki-heretic-knives-hydra-magnacut-bronze-h008-7a\/"},"modified":"2025-05-07T11:03:07","modified_gmt":"2025-05-07T10:03:07","slug":"noz-strzelecki-heretic-knives-hydra-magnacut-bronze-h008-7a","status":"publish","type":"product","link":"https:\/\/www.moskito.cz\/pl\/produkt\/noz-strzelecki-heretic-knives-hydra-magnacut-bronze-h008-7a\/","title":{"rendered":"N\u00f3\u017c strzelecki Heretic Knives Hydra MagnaCut Bronze H008-7A"},"content":{"rendered":"<p>N\u00f3\u017c strzelecki <strong>Heretic Knives<\/strong> Hydra MagnaCut Bronze H008-7A<\/p>\n<p>Hydra to automatyczny n\u00f3\u017c OTF (do przodu) o pojedynczym dzia\u0142aniu i by\u0142 pierwszym tego rodzaju wyposa\u017conym w przycisk bezpiecze\u0144stwa i podw\u00f3jny klips do kieszeni. Ten projekt klipsa zosta\u0142 od tego czasu zaktualizowany, poniewa\u017c podw\u00f3jne z\u0119by stworzy\u0142y dwukrotnie wi\u0119ksze mo\u017cliwo\u015bci zaczepienia. Wi\u0119c ten jest o wiele bardziej przyjazny dla kieszeni. Aby obs\u0142ugiwa\u0107 n\u00f3\u017c, wystarczy przesun\u0105\u0107 kciukiem przycisk zabezpieczaj\u0105cy, a nast\u0119pnie nacisn\u0105\u0107 przycisk pod nim, aby wystrzeli\u0107. Aby schowa\u0107 ostrze nale\u017cy wcisn\u0105\u0107 przycisk jednocze\u015bnie wyci\u0105gaj\u0105c r\u0105czk\u0119 prze\u0142adowania od spodu no\u017ca. Zwolnij przycisk i ustaw r\u0105czk\u0119 prze\u0142adowania w pierwotnej pozycji spoczynkowej. Spowoduje to na\u0142adowanie znajduj\u0105cej si\u0119 w \u015brodku spr\u0119\u017cyny i zresetowanie mechanizmu, kt\u00f3ry b\u0119dzie gotowy na kolejn\u0105 imponuj\u0105c\u0105 aktywacj\u0119. Jest to jeden z niewielu wci\u0105\u017c dost\u0119pnych no\u017cy OTF o pojedynczym dzia\u0142aniu, kt\u00f3ry zosta\u0142 dumnie wyprodukowany w USA.<br \/>\nDane techniczne<\/p>\n<p>D\u0142ugo\u015b\u0107 ostrza: 9 cm<br \/>\nD\u0142ugo\u015b\u0107 ca\u0142kowita: 23 cm<br \/>\nMateria\u0142 ostrza: Stal nierdzewna CPM-MagnaCut<br \/>\nStyl ostrza: Recurve<br \/>\nSzlifowanie ostrzy: puste<br \/>\nWyko\u0144czenie ostrza: Br\u0105z<br \/>\nMateria\u0142 r\u0119koje\u015bci: czarne aluminium<br \/>\nMechanizm blokuj\u0105cy: Przycisk<br \/>\nKieszonkowy klips: Tytan (sk\u0142adany, prawy noszony)<br \/>\nWaga: 5,22 uncji<br \/>\nProjektant: Tony Marfione Jr.<br \/>\nWykonane w USA<\/p>\n<p>&nbsp;<\/p>\n","protected":false},"excerpt":{"rendered":"<p><strong>Wszystkie nasze no\u017ce s\u0105 produkowane w USA i tak pozostanie. Kupuj\u0105c jeden z naszych no\u017cy, mo\u017cesz mie\u0107 pewno\u015b\u0107, \u017ce Twoje narz\u0119dzie jest wspierane przez ameryka\u0144sk\u0105 firm\u0119. Nasze no\u017ce s\u0105 produkowane w ma\u0142ych partiach, aby mie\u0107 pewno\u015b\u0107, \u017ce otrzymasz n\u00f3\u017c wysokiej jako\u015bci, kt\u00f3ry przyci\u0105gnie uwag\u0119, kt\u00f3rej nie przyci\u0105gaj\u0105 inne no\u017ce produkowane masowo!<\/strong><\/p>\n<p><strong>Bezp\u0142atny transport.<\/strong><\/p>\n","protected":false},"featured_media":314563,"comment_status":"open","ping_status":"closed","template":"","meta":[],"pwb-brand":[3664],"product_brand":[],"product_cat":[3296,3344],"product_tag":[],"class_list":{"0":"post-314646","1":"product","2":"type-product","3":"status-publish","4":"has-post-thumbnail","6":"pwb-brand-heretyckie-noze","7":"product_cat-noze-pl","8":"product_cat-noze-strzeleckie","10":"first","11":"outofstock","12":"taxable","13":"shipping-taxable","14":"purchasable","15":"product-type-simple"},"brands":[{"id":3664,"name":"Heretyckie no\u017ce","slug":"heretyckie-noze"}],"_links":{"self":[{"href":"https:\/\/www.moskito.cz\/pl\/wp-json\/wp\/v2\/product\/314646","targetHints":{"allow":["GET"]}}],"collection":[{"href":"https:\/\/www.moskito.cz\/pl\/wp-json\/wp\/v2\/product"}],"about":[{"href":"https:\/\/www.moskito.cz\/pl\/wp-json\/wp\/v2\/types\/product"}],"replies":[{"embeddable":true,"href":"https:\/\/www.moskito.cz\/pl\/wp-json\/wp\/v2\/comments?post=314646"}],"wp:featuredmedia":[{"embeddable":true,"href":"https:\/\/www.moskito.cz\/pl\/wp-json\/wp\/v2\/media\/314563"}],"wp:attachment":[{"href":"https:\/\/www.moskito.cz\/pl\/wp-json\/wp\/v2\/media?parent=314646"}],"wp:term":[{"taxonomy":"pwb-brand","embeddable":true,"href":"https:\/\/www.moskito.cz\/pl\/wp-json\/wp\/v2\/pwb-brand?post=314646"},{"taxonomy":"product_brand","embeddable":true,"href":"https:\/\/www.moskito.cz\/pl\/wp-json\/wp\/v2\/product_brand?post=314646"},{"taxonomy":"product_cat","embeddable":true,"href":"https:\/\/www.moskito.cz\/pl\/wp-json\/wp\/v2\/product_cat?post=314646"},{"taxonomy":"product_tag","embeddable":true,"href":"https:\/\/www.moskito.cz\/pl\/wp-json\/wp\/v2\/product_tag?post=314646"}],"curies":[{"name":"wp","href":"https:\/\/api.w.org\/{rel}","templated":true}]}}