{"id":314877,"date":"2024-03-08T15:48:39","date_gmt":"2024-03-08T14:50:43","guid":{"rendered":"https:\/\/www.moskito.cz\/produkt\/noz-strzelecki-heretic-knives-manticore-x-h032-6a-ultem\/"},"modified":"2025-05-07T11:03:09","modified_gmt":"2025-05-07T10:03:09","slug":"noz-strzelecki-heretic-knives-manticore-x-h032-6a-ultem","status":"publish","type":"product","link":"https:\/\/www.moskito.cz\/pl\/produkt\/noz-strzelecki-heretic-knives-manticore-x-h032-6a-ultem\/","title":{"rendered":"N\u00f3\u017c strzelecki Heretic Knives Manticore X H032-6A-ULTEM"},"content":{"rendered":"<p>N\u00f3\u017c strzelecki <strong>Heretic Knives<\/strong> Manticore X H032-6A-ULTEM.<\/p>\n<div id=\"tw-target-text-container\" class=\"tw-ta-container F0azHf tw-nfl\" tabindex=\"0\">\n<pre id=\"tw-target-text\" class=\"tw-data-text tw-text-large tw-ta\" dir=\"ltr\" data-placeholder=\"P\u0159eklad\" data-ved=\"2ahUKEwiam-_SmuSEAxX6ywIHHWSkD8kQ3ewLegQIBRAT\"><span class=\"Y2IQFc\" lang=\"cs\"><strong>Manticore X<\/strong> je nejv\u011bt\u0161\u00ed OTF nab\u00eddka spole\u010dnosti <strong>Heretic Knives<\/strong> ze s\u00e9rie Manticore. Tento n\u016f\u017e je 100% vyroben a sestaven v USA a je podpo\u0159en do\u017eivotn\u00ed z\u00e1rukou, tak\u017ee si m\u016f\u017eete b\u00fdt jisti, \u017ee tento OTF vydr\u017e\u00ed. Vyzna\u010duje se hedv\u00e1bn\u011b hladk\u00fdm nasazen\u00edm a zata\u017een\u00edm jednou rukou, co\u017e je standardn\u00ed v \u0159ad\u011b Manticore. Varianta X je vybavena kr\u00e1snou \u010depel\u00ed d\u00fdky, integrovan\u00fdm otvorem pro \u0161\u0148\u016frku, rozb\u00edje\u010dem skla z tvrzen\u00e9 oceli a oboustrannou sponou. Jeho \u0161t\u00edhl\u00fd profil umo\u017e\u0148uje snadn\u00e9 p\u0159en\u00e1\u0161en\u00ed po ruce a okam\u017eit\u011b p\u0159ipraven\u00e9. Akce je n\u00e1vykov\u00e1, ergonomie je na m\u00edst\u011b a kvalita zpracov\u00e1n\u00ed je \u0161pi\u010dkov\u00e1. Nebudete zklam\u00e1ni. Tato verze obsahuje pr\u016fsvitn\u00e9 vlo\u017eky a sp\u00edna\u010d Ultem, tak\u017ee skute\u010dn\u011b ocen\u00edte slo\u017eitost pot\u0159ebnou k tomu, aby n\u016f\u017e OTF spr\u00e1vn\u011b fungoval.\nSpecifikace:\n\n    D\u00e9lka \u010depele: <span id=\"cwos\" class=\"qv3Wpe\">9.25<\/span> cm\n    Celkov\u00e1 d\u00e9lka: 23 cm\n    Materi\u00e1l \u010depele: CPM-MagnaCut Nerezov\u00e1 ocel\n    Styl \u010depele: D\u00fdka s dvojitou hranou\n    Brou\u0161en\u00ed \u010depele: Ploch\u00e9\n    Povrchov\u00e1 \u00faprava \u010depele: Black DLC\n    Materi\u00e1l rukojeti: \u010cern\u00fd hlin\u00edk s vlo\u017ekami Ultem\n    Uzamykac\u00ed mechanismus: Ultem Slide\n    Kapesn\u00ed spona: Titan (skl\u00e1p\u011bc\u00ed, prav\u00e9\/lev\u00e9 no\u0161en\u00ed)\n    Hmotnost: 4,16 oz.\n    Design\u00e9r: Tony Marfione Jr.\n    Vyrobeno v USA<\/span><\/pre>\n<\/div>\n<div id=\"tw-target-rmn-container\" class=\"tw-target-rmn tw-ta-container F0azHf tw-nfl\">\n<pre id=\"tw-target-rmn\" class=\"tw-data-placeholder tw-text-small tw-ta\" dir=\"ltr\" data-placeholder=\"\">https:\/\/www.youtube.com\/watch?v=7qUL5q7Cvgo\n\n\n<\/pre>\n<\/div>\n","protected":false},"excerpt":{"rendered":"<div class=\"elementor-element elementor-element-bbb542b elementor-widget elementor-widget-woocommerce-product-short-description\" data-id=\"bbb542b\" data-element_type=\"widget\" data-widget_type=\"woocommerce-product-short-description.default\">\n<div class=\"elementor-widget-container\">\n<div class=\"woocommerce-product-details__short-description\">\n<p><strong>Wszystkie nasze no\u017ce s\u0105 produkowane w USA i tak pozostanie. Kupuj\u0105c jeden z naszych no\u017cy, mo\u017cesz mie\u0107 pewno\u015b\u0107, \u017ce Twoje narz\u0119dzie jest wspierane przez ameryka\u0144sk\u0105 firm\u0119. Nasze no\u017ce s\u0105 produkowane w ma\u0142ych partiach, aby mie\u0107 pewno\u015b\u0107, \u017ce otrzymasz n\u00f3\u017c wysokiej jako\u015bci, kt\u00f3remu nie po\u015bwi\u0119cono uwagi, kt\u00f3rej nie po\u015bwi\u0119ca si\u0119 innym no\u017com produkowanym masowo.<\/strong><\/p>\n<p><strong>Darmowa wysy\u0142ka.<\/strong><\/p>\n<\/div>\n<\/div>\n<\/div>\n","protected":false},"featured_media":314838,"comment_status":"open","ping_status":"closed","template":"","meta":[],"pwb-brand":[3664],"product_brand":[],"product_cat":[3296,3344],"product_tag":[],"class_list":{"0":"post-314877","1":"product","2":"type-product","3":"status-publish","4":"has-post-thumbnail","6":"pwb-brand-heretyckie-noze","7":"product_cat-noze-pl","8":"product_cat-noze-strzeleckie","10":"first","11":"outofstock","12":"taxable","13":"shipping-taxable","14":"purchasable","15":"product-type-simple"},"brands":[{"id":3664,"name":"Heretyckie no\u017ce","slug":"heretyckie-noze"}],"_links":{"self":[{"href":"https:\/\/www.moskito.cz\/pl\/wp-json\/wp\/v2\/product\/314877","targetHints":{"allow":["GET"]}}],"collection":[{"href":"https:\/\/www.moskito.cz\/pl\/wp-json\/wp\/v2\/product"}],"about":[{"href":"https:\/\/www.moskito.cz\/pl\/wp-json\/wp\/v2\/types\/product"}],"replies":[{"embeddable":true,"href":"https:\/\/www.moskito.cz\/pl\/wp-json\/wp\/v2\/comments?post=314877"}],"wp:featuredmedia":[{"embeddable":true,"href":"https:\/\/www.moskito.cz\/pl\/wp-json\/wp\/v2\/media\/314838"}],"wp:attachment":[{"href":"https:\/\/www.moskito.cz\/pl\/wp-json\/wp\/v2\/media?parent=314877"}],"wp:term":[{"taxonomy":"pwb-brand","embeddable":true,"href":"https:\/\/www.moskito.cz\/pl\/wp-json\/wp\/v2\/pwb-brand?post=314877"},{"taxonomy":"product_brand","embeddable":true,"href":"https:\/\/www.moskito.cz\/pl\/wp-json\/wp\/v2\/product_brand?post=314877"},{"taxonomy":"product_cat","embeddable":true,"href":"https:\/\/www.moskito.cz\/pl\/wp-json\/wp\/v2\/product_cat?post=314877"},{"taxonomy":"product_tag","embeddable":true,"href":"https:\/\/www.moskito.cz\/pl\/wp-json\/wp\/v2\/product_tag?post=314877"}],"curies":[{"name":"wp","href":"https:\/\/api.w.org\/{rel}","templated":true}]}}