{"id":315006,"date":"2024-03-08T19:15:44","date_gmt":"2024-03-08T18:21:29","guid":{"rendered":"https:\/\/www.moskito.cz\/produkt\/noz-strzelecki-kershaw-livewire-stonewashed-9000blu\/"},"modified":"2025-05-07T11:03:13","modified_gmt":"2025-05-07T10:03:13","slug":"noz-strzelecki-kershaw-livewire-stonewashed-9000blu","status":"publish","type":"product","link":"https:\/\/www.moskito.cz\/pl\/produkt\/noz-strzelecki-kershaw-livewire-stonewashed-9000blu\/","title":{"rendered":"N\u00f3\u017c strzelecki Kershaw Livewire Stonewashed 9000BLU"},"content":{"rendered":"<p>N\u00f3\u017c strzelecki <strong>Kershaw<\/strong> Livewire Stonewashed 9000BLU<\/p>\n<p>Niewiele no\u017cy budzi tyle emocji, co n\u00f3\u017c automatyczny. Po znacz\u0105cych badaniach, starannym rozwoju i rygorystycznych testach, wewn\u0119trzni projektanci i tw\u00f3rca no\u017cy na zam\u00f3wienie Matt Diskin dostarczyli pierwszy automat Kershaw OTF: Livewire. Ostrze premium CPM-MagnaCut otwiera si\u0119 i chowa pewnie. R\u0119koje\u015b\u0107 z anodyzowanego na niebiesko aluminium ma tekstur\u0119 zapewniaj\u0105c\u0105 pewny chwyt. A zakrzywiony przycisk przypominaj\u0105cy klatk\u0119 schodow\u0105 dobrze le\u017cy na kciuku, co zapewnia niezawodne uruchamianie. Co wi\u0119cej, noszenie tego no\u017ca to przyjemno\u015b\u0107 dzi\u0119ki niewielkiej wadze i dwustronnemu klipsowi umo\u017cliwiaj\u0105cemu g\u0142\u0119bokie noszenie. Fani o to prosili, a Livewire jest warte czekania.<\/p>\n<p>Funkcjonowa\u0107<br \/>\nPrzedni automat wyprodukowany w USA; Projekt Kershaw Original i Matta Diskina<br \/>\nStal CPM-MagnaCut zapewnia doskona\u0142\u0105 twardo\u015b\u0107 ostrza, odporno\u015b\u0107 na korozj\u0119, wytrzyma\u0142o\u015b\u0107, odporno\u015b\u0107 na zu\u017cycie i doskona\u0142e zachowanie kraw\u0119dzi<br \/>\nWyko\u0144czenie typu stonewashed pomaga ukry\u0107 zadrapania powsta\u0142e w wyniku u\u017cytkowania<br \/>\nR\u0119koje\u015b\u0107 z aluminium anodyzowanego na niebiesko, niska wytrzyma\u0142o\u015b\u0107; teksturowanie poprawia przyczepno\u015b\u0107<br \/>\nG\u0142\u0119boki klips kieszonkowy mo\u017cna \u0142atwo zmieni\u0107 na lewy lub prawy<\/p>\n<p>Dane techniczne:<br \/>\nD\u0142ugo\u015b\u0107 ostrza: 8,4 cm<br \/>\nD\u0142ugo\u015b\u0107 po zamkni\u0119ciu: 12,2 cm<br \/>\nD\u0142ugo\u015b\u0107 ca\u0142kowita: 20,6 cm<br \/>\nMateria\u0142 ostrza: Stal nierdzewna CPM-MagnaCut<br \/>\nGrubo\u015b\u0107 ostrza: 0,32 cm<br \/>\nStyl ostrza: Szpic w\u0142\u00f3czni<br \/>\nObr\u00f3bka powierzchni ostrza: Stonewash<br \/>\nMateria\u0142 r\u0119koje\u015bci: aluminium anodowane na niebiesko 6061-T6<br \/>\nGrubo\u015b\u0107 r\u0105czki: 1,22 cm<br \/>\nMechanizm blokuj\u0105cy: przesuwny<br \/>\nKieszonkowy klips: g\u0142\u0119bokie noszenie (przechylenie, noszenie w prawo\/lewo)<br \/>\nWaga: 3,00 uncji (85g)<br \/>\nProjektant: Matt Diskin<br \/>\nWykonane w USA<\/p>\n","protected":false},"excerpt":{"rendered":"<p><strong>Niewiele no\u017cy wywo\u0142uje tyle emocji, co n\u00f3\u017c do strzelania.<\/strong><\/p>\n<p><strong>Bezp\u0142atny transport.<\/strong><\/p>\n","protected":false},"featured_media":314965,"comment_status":"open","ping_status":"closed","template":"","meta":[],"pwb-brand":[3773],"product_brand":[],"product_cat":[3296,3344],"product_tag":[],"class_list":{"0":"post-315006","1":"product","2":"type-product","3":"status-publish","4":"has-post-thumbnail","6":"pwb-brand-kershawa","7":"product_cat-noze-pl","8":"product_cat-noze-strzeleckie","10":"first","11":"outofstock","12":"taxable","13":"shipping-taxable","14":"purchasable","15":"product-type-simple"},"brands":[{"id":3773,"name":"Kershawa","slug":"kershawa"}],"_links":{"self":[{"href":"https:\/\/www.moskito.cz\/pl\/wp-json\/wp\/v2\/product\/315006","targetHints":{"allow":["GET"]}}],"collection":[{"href":"https:\/\/www.moskito.cz\/pl\/wp-json\/wp\/v2\/product"}],"about":[{"href":"https:\/\/www.moskito.cz\/pl\/wp-json\/wp\/v2\/types\/product"}],"replies":[{"embeddable":true,"href":"https:\/\/www.moskito.cz\/pl\/wp-json\/wp\/v2\/comments?post=315006"}],"wp:featuredmedia":[{"embeddable":true,"href":"https:\/\/www.moskito.cz\/pl\/wp-json\/wp\/v2\/media\/314965"}],"wp:attachment":[{"href":"https:\/\/www.moskito.cz\/pl\/wp-json\/wp\/v2\/media?parent=315006"}],"wp:term":[{"taxonomy":"pwb-brand","embeddable":true,"href":"https:\/\/www.moskito.cz\/pl\/wp-json\/wp\/v2\/pwb-brand?post=315006"},{"taxonomy":"product_brand","embeddable":true,"href":"https:\/\/www.moskito.cz\/pl\/wp-json\/wp\/v2\/product_brand?post=315006"},{"taxonomy":"product_cat","embeddable":true,"href":"https:\/\/www.moskito.cz\/pl\/wp-json\/wp\/v2\/product_cat?post=315006"},{"taxonomy":"product_tag","embeddable":true,"href":"https:\/\/www.moskito.cz\/pl\/wp-json\/wp\/v2\/product_tag?post=315006"}],"curies":[{"name":"wp","href":"https:\/\/api.w.org\/{rel}","templated":true}]}}