{"id":315007,"date":"2024-03-08T18:38:55","date_gmt":"2024-03-08T18:21:42","guid":{"rendered":"https:\/\/www.moskito.cz\/produkt\/spyderco-triangle-sharpmaker-wymienny-pret-ceramiczny-o-srednim-ziarnie-204m1\/"},"modified":"2025-05-07T11:03:13","modified_gmt":"2025-05-07T10:03:13","slug":"spyderco-triangle-sharpmaker-wymienny-pret-ceramiczny-o-srednim-ziarnie-204m1","status":"publish","type":"product","link":"https:\/\/www.moskito.cz\/pl\/produkt\/spyderco-triangle-sharpmaker-wymienny-pret-ceramiczny-o-srednim-ziarnie-204m1\/","title":{"rendered":"Spyderco Triangle Sharpmaker Wymienny pr\u0119t ceramiczny o \u015brednim ziarnie 204M1"},"content":{"rendered":"<p><strong>Spyderco<\/strong> Triangle Sharpmaker Wymienny pr\u0119t ceramiczny o \u015brednim ziarnie 204M1<\/p>\n<p>Ten kamie\u0144 ceramiczny o \u015bredniej ziarnisto\u015bci zast\u0119puje kamienie zawarte w systemie ostrzenia Tri-Angle Sharpmaker 204MF.<\/p>\n<p>Kamie\u0144 204F jest sprzedawany pojedynczo i pasuje do systemu ostrzenia 204 Tri-Angle Sharpmaker. Czyszczenie: wyszorowa\u0107 g\u0105bk\u0105 drucian\u0105 i mechanicznym \u015brodkiem czyszcz\u0105cym, wysuszy\u0107 na powietrzu<\/p>\n","protected":false},"excerpt":{"rendered":"<p><strong>Zapasowy pr\u0119t ceramiczny o \u015brednim ziarnie 204M1.<\/strong><\/p>\n","protected":false},"featured_media":314956,"comment_status":"open","ping_status":"closed","template":"","meta":[],"pwb-brand":[3432],"product_brand":[],"product_cat":[3345],"product_tag":[3671],"class_list":{"0":"post-315007","1":"product","2":"type-product","3":"status-publish","4":"has-post-thumbnail","6":"pwb-brand-spyderco-pl","7":"product_cat-tarcze-szlifierskie-i-stal","8":"product_tag-b2b-pl","10":"first","11":"outofstock","12":"taxable","13":"shipping-taxable","14":"purchasable","15":"product-type-simple"},"brands":[{"id":3432,"name":"Spyderco","slug":"spyderco-pl"}],"_links":{"self":[{"href":"https:\/\/www.moskito.cz\/pl\/wp-json\/wp\/v2\/product\/315007","targetHints":{"allow":["GET"]}}],"collection":[{"href":"https:\/\/www.moskito.cz\/pl\/wp-json\/wp\/v2\/product"}],"about":[{"href":"https:\/\/www.moskito.cz\/pl\/wp-json\/wp\/v2\/types\/product"}],"replies":[{"embeddable":true,"href":"https:\/\/www.moskito.cz\/pl\/wp-json\/wp\/v2\/comments?post=315007"}],"wp:featuredmedia":[{"embeddable":true,"href":"https:\/\/www.moskito.cz\/pl\/wp-json\/wp\/v2\/media\/314956"}],"wp:attachment":[{"href":"https:\/\/www.moskito.cz\/pl\/wp-json\/wp\/v2\/media?parent=315007"}],"wp:term":[{"taxonomy":"pwb-brand","embeddable":true,"href":"https:\/\/www.moskito.cz\/pl\/wp-json\/wp\/v2\/pwb-brand?post=315007"},{"taxonomy":"product_brand","embeddable":true,"href":"https:\/\/www.moskito.cz\/pl\/wp-json\/wp\/v2\/product_brand?post=315007"},{"taxonomy":"product_cat","embeddable":true,"href":"https:\/\/www.moskito.cz\/pl\/wp-json\/wp\/v2\/product_cat?post=315007"},{"taxonomy":"product_tag","embeddable":true,"href":"https:\/\/www.moskito.cz\/pl\/wp-json\/wp\/v2\/product_tag?post=315007"}],"curies":[{"name":"wp","href":"https:\/\/api.w.org\/{rel}","templated":true}]}}