{"id":315059,"date":"2024-03-08T21:38:25","date_gmt":"2024-03-08T20:41:33","guid":{"rendered":"https:\/\/www.moskito.cz\/produkt\/noz-skladany-kershaw-ken-onion-leek-stonewashed-ks1660gblu\/"},"modified":"2025-05-07T11:03:16","modified_gmt":"2025-05-07T10:03:16","slug":"noz-skladany-kershaw-ken-onion-leek-stonewashed-ks1660gblu","status":"publish","type":"product","link":"https:\/\/www.moskito.cz\/pl\/produkt\/noz-skladany-kershaw-ken-onion-leek-stonewashed-ks1660gblu\/","title":{"rendered":"N\u00f3\u017c sk\u0142adany Kershaw Ken Onion Leek Stonewashed KS1660GBLU"},"content":{"rendered":"<p>N\u00f3\u017c sk\u0142adany <strong>Kershaw<\/strong> Ken Onion Leek Stonewashed KS1660GBLU.<\/p>\n<p>Szukasz no\u017ca, kt\u00f3ry nie zgubi si\u0119 w trawie?<\/p>\n<p>Jaskrawoniebieski uchwyt z anodyzowanego aluminium to kolor odporny na blakni\u0119cie i zarysowania, kt\u00f3ry jest trwale zwi\u0105zany z aluminium, dzi\u0119ki czemu wygl\u0105da dobrze teraz i b\u0119dzie dobrze wygl\u0105da\u0107 przez d\u0142ugi czas. CPM-MagnaCut &#8211; Ta wysokowydajna stal pozwala no\u017cowi zachowa\u0107 bardzo ostre ostrze przez d\u0142u\u017cszy czas.<\/p>\n<p>Niezale\u017cnie od tego, czy jeste\u015b lewor\u0119czny, czy prawor\u0119czny, z \u0142atwo\u015bci\u0105 otworzysz niebieski n\u00f3\u017c gradientowy dzi\u0119ki wspomaganemu otwieraniu SpeedSafe. Po prostu odci\u0105gnij dwustronny uchwyt ostrza p\u0142etwy lub wypchnij ko\u0142ek pod kciukiem, a ostrze Pora b\u0119dzie gotowe do u\u017cycia. Dla bezpiecze\u0144stwa wk\u0142adka blokuj\u0105ca utrzymuje ostrze w pozycji otwartej podczas u\u017cytkowania, a suwak Tip-Lock blokuje je w pozycji zamkni\u0119tej, gdy n\u00f3\u017c jest zamkni\u0119ty. Klips kieszeniowy jest dwustronny, mo\u017cna go z\u0142o\u017cy\u0107 lub z\u0142o\u017cy\u0107, a uchwyt jest wywiercony w celu mocowania smyczy.<\/p>\n<p>Leek Blue Gradient to smuk\u0142y, \u0142atwy do przenoszenia n\u00f3\u017c o atrakcyjnym wygl\u0105dzie.<\/p>\n<p>Funkcjonowa\u0107:<br \/>\nP\u0142etwa \u2013 mo\u017ce by\u0107 u\u017cywana z no\u017cami otwieranymi r\u0119cznie lub ze wspomaganiem. \u201eFlipper\u201d to wyst\u0119p z ty\u0142u ostrza, kt\u00f3ry u\u017cytkownik mo\u017ce odci\u0105gn\u0105\u0107 lub obr\u00f3ci\u0107, aby \u0142atwo wysun\u0105\u0107 ostrze z r\u0119koje\u015bci.<br \/>\nSpeedSafe\u00ae &#8211; Pomaga szybko i \u0142atwo otworzy\u0107 dowolny n\u00f3\u017c SpeedSafe\u00ae za pomoc\u0105 r\u0119cznego naci\u015bni\u0119cia kciuka lub poci\u0105gni\u0119cia p\u0142etwy; wbudowane w wiele bestseller\u00f3w Kershawa.<br \/>\nInsert Lock &#8211; Blokuje ostrze w stanie otwartym podczas u\u017cytkowania; jedna strona stalowej \u201ewk\u0142adki\u201d, stalowej p\u0142yty, do kt\u00f3rej przymocowane s\u0105 obci\u0105\u017cniki r\u0119koje\u015bci, przesuwa si\u0119 na miejsce za ostrzem, aby zabezpieczy\u0107 otw\u00f3r.<br \/>\nDwustronny &#8211; Wst\u0119pnie nawiercone otwory w r\u0119koje\u015bci pozwalaj\u0105 u\u017cytkownikowi na zmian\u0119 po\u0142o\u017cenia czubka lub strony, na kt\u00f3rej noszony jest n\u00f3\u017c.<br \/>\nWyprodukowano w USA \u2014 gdy widzisz to na jednym z no\u017cy, oznacza to, \u017ce zosta\u0142o ono wykonane w ich zak\u0142adzie produkcyjnym w Tualatin w stanie Oregon przez do\u015bwiadczonych producent\u00f3w no\u017cy firmy Kershaw.<\/p>\n<p>Dane techniczne<br \/>\nD\u0142ugo\u015b\u0107 ostrza: 7,5 cm<br \/>\nD\u0142ugo\u015b\u0107 ca\u0142kowita: 17,5 cm<br \/>\nMateria\u0142 ostrza: CPM-MagnaCut<br \/>\nStyl ostrza: Wharncliffe<br \/>\nSzlifowanie ostrzy: puste<br \/>\nObr\u00f3bka powierzchni ostrza: Stonewash<br \/>\nMateria\u0142 r\u0119koje\u015bci: niebiesko-czarne aluminium z przej\u015bciem<br \/>\nMechanizm blokuj\u0105cy: Liner Lock<br \/>\nKieszonkowy klips: (przechylanie w g\u00f3r\u0119\/w d\u00f3\u0142, w prawo\/w lewo)<br \/>\nWaga: 3,00 uncji<br \/>\nProjektant: Ken Onion<br \/>\nWykonane w USA<\/p>\n","protected":false},"excerpt":{"rendered":"<p><strong>Szukasz no\u017ca, kt\u00f3ry nie zgubi si\u0119 w trawie?  <\/strong><\/p>\n<p><strong>Bezp\u0142atny transport.<\/strong><\/p>\n","protected":false},"featured_media":315021,"comment_status":"open","ping_status":"closed","template":"","meta":[],"pwb-brand":[3773],"product_brand":[],"product_cat":[3296,3307],"product_tag":[],"class_list":{"0":"post-315059","1":"product","2":"type-product","3":"status-publish","4":"has-post-thumbnail","6":"pwb-brand-kershawa","7":"product_cat-noze-pl","8":"product_cat-zamykanie-nozy","10":"first","11":"instock","12":"taxable","13":"shipping-taxable","14":"purchasable","15":"product-type-simple"},"brands":[{"id":3773,"name":"Kershawa","slug":"kershawa"}],"_links":{"self":[{"href":"https:\/\/www.moskito.cz\/pl\/wp-json\/wp\/v2\/product\/315059","targetHints":{"allow":["GET"]}}],"collection":[{"href":"https:\/\/www.moskito.cz\/pl\/wp-json\/wp\/v2\/product"}],"about":[{"href":"https:\/\/www.moskito.cz\/pl\/wp-json\/wp\/v2\/types\/product"}],"replies":[{"embeddable":true,"href":"https:\/\/www.moskito.cz\/pl\/wp-json\/wp\/v2\/comments?post=315059"}],"wp:featuredmedia":[{"embeddable":true,"href":"https:\/\/www.moskito.cz\/pl\/wp-json\/wp\/v2\/media\/315021"}],"wp:attachment":[{"href":"https:\/\/www.moskito.cz\/pl\/wp-json\/wp\/v2\/media?parent=315059"}],"wp:term":[{"taxonomy":"pwb-brand","embeddable":true,"href":"https:\/\/www.moskito.cz\/pl\/wp-json\/wp\/v2\/pwb-brand?post=315059"},{"taxonomy":"product_brand","embeddable":true,"href":"https:\/\/www.moskito.cz\/pl\/wp-json\/wp\/v2\/product_brand?post=315059"},{"taxonomy":"product_cat","embeddable":true,"href":"https:\/\/www.moskito.cz\/pl\/wp-json\/wp\/v2\/product_cat?post=315059"},{"taxonomy":"product_tag","embeddable":true,"href":"https:\/\/www.moskito.cz\/pl\/wp-json\/wp\/v2\/product_tag?post=315059"}],"curies":[{"name":"wp","href":"https:\/\/api.w.org\/{rel}","templated":true}]}}