{"id":315262,"date":"2024-03-09T15:43:00","date_gmt":"2024-03-09T14:45:45","guid":{"rendered":"https:\/\/www.moskito.cz\/produkt\/noz-strzelecki-microtech-utx-85-hellhound-stonewash-719-10vis\/"},"modified":"2025-07-21T00:00:02","modified_gmt":"2025-07-20T23:00:02","slug":"noz-strzelecki-microtech-utx-85-hellhound-stonewash-719-10vis","status":"publish","type":"product","link":"https:\/\/www.moskito.cz\/pl\/produkt\/noz-strzelecki-microtech-utx-85-hellhound-stonewash-719-10vis\/","title":{"rendered":"N\u00f3\u017c strzelecki Microtech UTX-85 Hellhound Stonewash 719-10VIS"},"content":{"rendered":"<p>N\u00f3\u017c strzelecki <strong>Microtech<\/strong> UTX-85 Hellhound Stonewash 719-10VIS<\/p>\n<p>Dzi\u0119ki rozmiarowi Ultratech\u00ae wynosz\u0105cemu 85% model UTX-85\u2122 zosta\u0142 zaprojektowany tak, aby idealnie pasowa\u0142 do d\u0142oni, co czyni go doskona\u0142ym wyborem do codziennego noszenia. Mechanizm spustowy jest \u0142atwiejszy w obs\u0142udze ni\u017c pe\u0142nowymiarowy Ultratech\u00ae, dzi\u0119ki czemu idealnie nadaje si\u0119 dla mniejszych lub wra\u017cliwych d\u0142oni. UTX-85\u2122 nadal posiada w pe\u0142ni funkcjonalny element do t\u0142uczenia szk\u0142a wraz ze wszystkimi pe\u0142nowymiarowymi funkcjami Ultratech\u00ae.<\/p>\n<p>D\u0142ugo\u015b\u0107 ostrza: 8 cm<\/p>\n<p>Stal ostrza: M390<\/p>\n<p>D\u0142ugo\u015b\u0107 ca\u0142kowita: 19 cm<\/p>\n<p>Materia\u0142 r\u0119koje\u015bci: najwy\u017cszej jako\u015bci aluminium lotnicze 6061 T6<\/p>\n<p>Waga: 3,1 uncji<\/p>\n<p>Kolor uchwytu: fioletowy<\/p>\n","protected":false},"excerpt":{"rendered":"<p><strong>Przez lata Microtech\u00ae Knives wype\u0142nia\u0142 no\u017ce pasj\u0105 i umiej\u0119tno\u015bciami, aby tworzy\u0107 niemal dzie\u0142a sztuki, kt\u00f3re s\u0105 szczytem funkcjonalno\u015bci.Wszystkie cz\u0119\u015bci s\u0105 produkowane w USA.<\/strong><br \/>\n<strong>Wszystkie no\u017ce Microtech obj\u0119te s\u0105 do\u017cywotni\u0105 gwarancj\u0105 (min. 80 000 cykli, otwieranie i zamykanie)<\/strong><\/p>\n<p><strong>Bezp\u0142atny transport.<\/strong><\/p>\n","protected":false},"featured_media":315240,"comment_status":"open","ping_status":"closed","template":"","meta":[],"pwb-brand":[3279],"product_brand":[],"product_cat":[3344,3296],"product_tag":[3671],"class_list":{"0":"post-315262","1":"product","2":"type-product","3":"status-publish","4":"has-post-thumbnail","6":"pwb-brand-microtech-pl","7":"product_cat-noze-strzeleckie","8":"product_cat-noze-pl","9":"product_tag-b2b-pl","11":"first","12":"instock","13":"taxable","14":"shipping-taxable","15":"purchasable","16":"product-type-simple"},"brands":[{"id":3279,"name":"Microtech","slug":"microtech-pl"}],"_links":{"self":[{"href":"https:\/\/www.moskito.cz\/pl\/wp-json\/wp\/v2\/product\/315262","targetHints":{"allow":["GET"]}}],"collection":[{"href":"https:\/\/www.moskito.cz\/pl\/wp-json\/wp\/v2\/product"}],"about":[{"href":"https:\/\/www.moskito.cz\/pl\/wp-json\/wp\/v2\/types\/product"}],"replies":[{"embeddable":true,"href":"https:\/\/www.moskito.cz\/pl\/wp-json\/wp\/v2\/comments?post=315262"}],"wp:featuredmedia":[{"embeddable":true,"href":"https:\/\/www.moskito.cz\/pl\/wp-json\/wp\/v2\/media\/315240"}],"wp:attachment":[{"href":"https:\/\/www.moskito.cz\/pl\/wp-json\/wp\/v2\/media?parent=315262"}],"wp:term":[{"taxonomy":"pwb-brand","embeddable":true,"href":"https:\/\/www.moskito.cz\/pl\/wp-json\/wp\/v2\/pwb-brand?post=315262"},{"taxonomy":"product_brand","embeddable":true,"href":"https:\/\/www.moskito.cz\/pl\/wp-json\/wp\/v2\/product_brand?post=315262"},{"taxonomy":"product_cat","embeddable":true,"href":"https:\/\/www.moskito.cz\/pl\/wp-json\/wp\/v2\/product_cat?post=315262"},{"taxonomy":"product_tag","embeddable":true,"href":"https:\/\/www.moskito.cz\/pl\/wp-json\/wp\/v2\/product_tag?post=315262"}],"curies":[{"name":"wp","href":"https:\/\/api.w.org\/{rel}","templated":true}]}}