{"id":315348,"date":"2024-03-09T16:05:47","date_gmt":"2024-03-09T15:07:09","guid":{"rendered":"https:\/\/www.moskito.cz\/produkt\/noz-staly-extrema-ratio-ermes-operativo-04-1000-0443-blk-op\/"},"modified":"2025-05-07T11:03:23","modified_gmt":"2025-05-07T10:03:23","slug":"noz-staly-extrema-ratio-ermes-operativo-04-1000-0443-blk-op","status":"publish","type":"product","link":"https:\/\/www.moskito.cz\/pl\/produkt\/noz-staly-extrema-ratio-ermes-operativo-04-1000-0443-blk-op\/","title":{"rendered":"N\u00f3\u017c sta\u0142y EXTREMA RATIO ERMES OPERATIVO 04.1000.0443\/BLK-OP"},"content":{"rendered":"<p>N\u00f3\u017c sta\u0142y <strong>EXTREMA RATIO<\/strong> ERMES OPERATIVO 04.1000.0443\/BLK-OP<\/p>\n<p><strong>ERMES<\/strong> to pami\u0105tkowy n\u00f3\u017c opracowany we wsp\u00f3\u0142pracy z Pu\u0142kiem \u015amig\u0142owc\u00f3w do Operacji Specjalnych (REOS), kt\u00f3ry wchodzi w sk\u0142ad Dow\u00f3dztwa Powietrznego Armii W\u0142oskiej. REOS to jednostka helikopter\u00f3w wsparcia operacyjnego si\u0142 specjalnych, sk\u0142adaj\u0105ca si\u0119 ze specjalnie przeszkolonego personelu, specjalnie przeszkolonego i wyposa\u017conego do wspierania dzia\u0142a\u0144 wojskowych w ka\u017cdym kontek\u015bcie operacyjnym. Stylizowane os\u0142ony ostrzy przedstawiaj\u0105 skrzyd\u0142a obecne w herbie departamentu. Dost\u0119pny jest w dw\u00f3ch wersjach: \u201eERMES ORDINANZA\u201d z satynowym ostrzem i obudow\u0105 ABS \u201eERMES OPERATIVE\u201d z polerowanym ostrzem. Zastosowana stal to niezawodna stal B\u00f6lher N690Co, poddana obr\u00f3bce cieplnej do 58 HRC. Na r\u0119koje\u015b\u0107 wybrano polimer poliamidowy FRN wzmocniony w\u0142\u00f3knem szklanym (Fiber Reinforced Nylon). Hybrydowa kabura kydexowo-tkaniowa wyposa\u017cona jest w ta\u015bm\u0119 lub mocowanie ta\u015bmowe z systemem interfejsu MOLLE.<\/p>\n<p>Materia\u0142 ostrza: N690<br \/>\nMateria\u0142 r\u0119koje\u015bci: FRN, nylon<br \/>\nMateria\u0142 obudowy: Nylon, Kydex<br \/>\nD\u0142ugo\u015b\u0107 ostrza: 14 cm<br \/>\nD\u0142ugo\u015b\u0107 ca\u0142kowita: 25,6 cm<br \/>\nGrubo\u015b\u0107 ostrza: 0,63 cm<br \/>\nWaga: 229 g<br \/>\nTyp ostrza: sztylet<br \/>\nZastosowanie: taktyczne<\/p>\n<p>&nbsp;<\/p>\n","protected":false},"excerpt":{"rendered":"<p><strong>Extrema Ratio z siedzib\u0105 w Prato we W\u0142oszech projektuje i produkuje wysokiej jako\u015bci no\u017ce bojowe, wojskowe, kuchenne, my\u015bliwskie i taktyczne od 1997 roku i cieszy si\u0119 reputacj\u0105 dzi\u0119ki najwy\u017cszej jako\u015bci, kt\u00f3ra nie ma sobie r\u00f3wnych w bran\u017cy no\u017cy wojskowych i taktycznych. Bezp\u0142atny transport.<\/strong><\/p>\n","protected":false},"featured_media":315271,"comment_status":"open","ping_status":"closed","template":"","meta":[],"pwb-brand":[3666],"product_brand":[],"product_cat":[3297,3296],"product_tag":[3671],"class_list":{"0":"post-315348","1":"product","2":"type-product","3":"status-publish","4":"has-post-thumbnail","6":"pwb-brand-stosunek-ekstremow","7":"product_cat-solidne-noze","8":"product_cat-noze-pl","9":"product_tag-b2b-pl","11":"first","12":"instock","13":"taxable","14":"shipping-taxable","15":"purchasable","16":"product-type-simple"},"brands":[{"id":3666,"name":"Stosunek ekstrem\u00f3w","slug":"stosunek-ekstremow"}],"_links":{"self":[{"href":"https:\/\/www.moskito.cz\/pl\/wp-json\/wp\/v2\/product\/315348","targetHints":{"allow":["GET"]}}],"collection":[{"href":"https:\/\/www.moskito.cz\/pl\/wp-json\/wp\/v2\/product"}],"about":[{"href":"https:\/\/www.moskito.cz\/pl\/wp-json\/wp\/v2\/types\/product"}],"replies":[{"embeddable":true,"href":"https:\/\/www.moskito.cz\/pl\/wp-json\/wp\/v2\/comments?post=315348"}],"wp:featuredmedia":[{"embeddable":true,"href":"https:\/\/www.moskito.cz\/pl\/wp-json\/wp\/v2\/media\/315271"}],"wp:attachment":[{"href":"https:\/\/www.moskito.cz\/pl\/wp-json\/wp\/v2\/media?parent=315348"}],"wp:term":[{"taxonomy":"pwb-brand","embeddable":true,"href":"https:\/\/www.moskito.cz\/pl\/wp-json\/wp\/v2\/pwb-brand?post=315348"},{"taxonomy":"product_brand","embeddable":true,"href":"https:\/\/www.moskito.cz\/pl\/wp-json\/wp\/v2\/product_brand?post=315348"},{"taxonomy":"product_cat","embeddable":true,"href":"https:\/\/www.moskito.cz\/pl\/wp-json\/wp\/v2\/product_cat?post=315348"},{"taxonomy":"product_tag","embeddable":true,"href":"https:\/\/www.moskito.cz\/pl\/wp-json\/wp\/v2\/product_tag?post=315348"}],"curies":[{"name":"wp","href":"https:\/\/api.w.org\/{rel}","templated":true}]}}