{"id":315390,"date":"2024-03-09T19:20:24","date_gmt":"2024-03-09T18:22:40","guid":{"rendered":"https:\/\/www.moskito.cz\/produkt\/zamykany-noz-do-nurkowania-extrema-ratio-bf2-v-stonewashed-04-1000-0147-sw\/"},"modified":"2025-05-07T11:03:24","modified_gmt":"2025-05-07T10:03:24","slug":"zamykany-noz-do-nurkowania-extrema-ratio-bf2-v-stonewashed-04-1000-0147-sw","status":"publish","type":"product","link":"https:\/\/www.moskito.cz\/pl\/produkt\/zamykany-noz-do-nurkowania-extrema-ratio-bf2-v-stonewashed-04-1000-0147-sw\/","title":{"rendered":"Zamykany n\u00f3\u017c do nurkowania Extrema Ratio BF2 V STONEWASHED 04.1000.0147\/SW"},"content":{"rendered":"<p>Zamykany n\u00f3\u017c do nurkowania <strong>Extrema Ratio<\/strong> BF2 V STONEWASHED 04.1000.0147\/SW<\/p>\n<p>N\u00f3\u017c ten zosta\u0142 zaprojektowany i udoskonalony w najdrobniejszych szczeg\u00f3\u0142ach z my\u015bl\u0105 o jego g\u0142\u00f3wnym zastosowaniu w \u015brodowisku morskim. Ostrze posiada p\u0142ask\u0105 kraw\u0119d\u017a, kt\u00f3ra umo\u017cliwia symetryczne ci\u0119cie przy szerszym podparciu. Ko\u0144c\u00f3wka natomiast dzi\u0119ki wersji tanto jest gruba i wytrzyma\u0142a, co pozwala na wi\u0119ksz\u0105 penetracj\u0119 oraz czystsze i bardziej precyzyjne ci\u0119cie. Proces wyka\u0144czania kamienia polega na tym, \u017ce \u0142atwo go zlokalizowa\u0107 w \u015brodowisku morskim. Anodowana, antykorozyjna aluminiowa konstrukcja uchwytu ma koncentryczny frezowany kszta\u0142t oraz reliefowe i antypo\u015blizgowe perforacje u\u0142atwiaj\u0105ce p\u0142ukanie zasoleniem. Na \u015brodku r\u0105czki znajduje si\u0119 ma\u0142a szczelina, kt\u00f3ra umo\u017cliwia zaci\u015bni\u0119cie lub poluzowanie ma\u0142ych p\u0119telek. BF2 V posiada dwustronny klips; \u015bruba regulacyjna do zamykania i otwierania ostrza; W\u0119ze\u0142 do wi\u0105zania kostki 70 mm. z mechanizmem mocuj\u0105cym; napraw to. Prezentacja BF2 V odby\u0142a si\u0119 na statku szkolnym Amerigo Vespucci.<\/p>\n<p>WAGA G.: 140<br \/>\nWAGA uncji: 4,9<br \/>\nD\u0141UGO\u015a\u0106 OSTRZA: 6,6 cm<br \/>\nD\u0141UGO\u015a\u0106 CA\u0141KOWITA: 19 cm<br \/>\nGRUBO\u015a\u0106 OSTRZA (MM): 0,3 cm<br \/>\nMATERIA\u0141 OSTRZA: STAL B\u00d6HLER N690 (58HRC)<br \/>\nWYKO\u0143CZENIE OSTRZA: MYTE KAMIENIEM<br \/>\nSZLIFOWANIE NO\u017bY: P\u0141ASKA KRAW\u0118D\u0179<br \/>\nMATERIA\u0141 UCHWYTU: ANODOWANE ALUMINIUM ANTYKORODOWE<br \/>\nMATERIA\u0141 WKR\u0118TAKA \/ USUWANIA W\u0118Z\u0141\u00d3W: STAL NIERDZEWNA<\/p>\n","protected":false},"excerpt":{"rendered":"<p><strong>Extrema Ratio z siedzib\u0105 w Prato we W\u0142oszech projektuje i produkuje wysokiej jako\u015bci no\u017ce bojowe, wojskowe, kuchenne, my\u015bliwskie i taktyczne od 1997 roku i cieszy si\u0119 reputacj\u0105 dzi\u0119ki najwy\u017cszej jako\u015bci, kt\u00f3ra nie ma sobie r\u00f3wnych w bran\u017cy no\u017cy wojskowych i taktycznych. Bezp\u0142atny transport.<\/strong><\/p>\n","protected":false},"featured_media":315359,"comment_status":"open","ping_status":"closed","template":"","meta":[],"pwb-brand":[3666],"product_brand":[],"product_cat":[3296,3307],"product_tag":[3671],"class_list":{"0":"post-315390","1":"product","2":"type-product","3":"status-publish","4":"has-post-thumbnail","6":"pwb-brand-stosunek-ekstremow","7":"product_cat-noze-pl","8":"product_cat-zamykanie-nozy","9":"product_tag-b2b-pl","11":"first","12":"instock","13":"taxable","14":"shipping-taxable","15":"purchasable","16":"product-type-simple"},"brands":[{"id":3666,"name":"Stosunek ekstrem\u00f3w","slug":"stosunek-ekstremow"}],"_links":{"self":[{"href":"https:\/\/www.moskito.cz\/pl\/wp-json\/wp\/v2\/product\/315390","targetHints":{"allow":["GET"]}}],"collection":[{"href":"https:\/\/www.moskito.cz\/pl\/wp-json\/wp\/v2\/product"}],"about":[{"href":"https:\/\/www.moskito.cz\/pl\/wp-json\/wp\/v2\/types\/product"}],"replies":[{"embeddable":true,"href":"https:\/\/www.moskito.cz\/pl\/wp-json\/wp\/v2\/comments?post=315390"}],"wp:featuredmedia":[{"embeddable":true,"href":"https:\/\/www.moskito.cz\/pl\/wp-json\/wp\/v2\/media\/315359"}],"wp:attachment":[{"href":"https:\/\/www.moskito.cz\/pl\/wp-json\/wp\/v2\/media?parent=315390"}],"wp:term":[{"taxonomy":"pwb-brand","embeddable":true,"href":"https:\/\/www.moskito.cz\/pl\/wp-json\/wp\/v2\/pwb-brand?post=315390"},{"taxonomy":"product_brand","embeddable":true,"href":"https:\/\/www.moskito.cz\/pl\/wp-json\/wp\/v2\/product_brand?post=315390"},{"taxonomy":"product_cat","embeddable":true,"href":"https:\/\/www.moskito.cz\/pl\/wp-json\/wp\/v2\/product_cat?post=315390"},{"taxonomy":"product_tag","embeddable":true,"href":"https:\/\/www.moskito.cz\/pl\/wp-json\/wp\/v2\/product_tag?post=315390"}],"curies":[{"name":"wp","href":"https:\/\/api.w.org\/{rel}","templated":true}]}}