{"id":315496,"date":"2024-03-10T09:25:08","date_gmt":"2024-03-10T08:28:22","guid":{"rendered":"https:\/\/www.moskito.cz\/produkt\/noz-skladany-spyderco-roadie-c189prd\/"},"modified":"2025-05-07T11:03:27","modified_gmt":"2025-05-07T10:03:27","slug":"noz-skladany-spyderco-roadie-c189prd","status":"publish","type":"product","link":"https:\/\/www.moskito.cz\/pl\/produkt\/noz-skladany-spyderco-roadie-c189prd\/","title":{"rendered":"N\u00f3\u017c sk\u0142adany Spyderco Roadie C189PRD"},"content":{"rendered":"<p>N\u00f3\u017c sk\u0142adany <strong>Spyderco<\/strong> Roadie C189PRD<\/p>\n<p>Na pocz\u0105tku 2013 r. Administracja Bezpiecze\u0144stwa Transportu og\u0142osi\u0142a plany ponownego dopuszczenia no\u017cy w samolotach. Chocia\u017c plan zosta\u0142 p\u00f3\u017aniej wycofany, Spyderco przygotowa\u0142o si\u0119 na to dzi\u0119ki unikalnej konstrukcji bez blokady zwanej Roadie. Zasadniczo wysoko rozwini\u0119ty scyzoryk, Roadie<\/p>\n<p>Oszlifowane na ca\u0142ej powierzchni ostrze typu kozia stopa posiada nowy kszta\u0142t \u201eDouble Dent\u201d, kt\u00f3ry umo\u017cliwia \u0142atwe otwieranie obur\u0105cz bez konieczno\u015bci dotykania paznokciami. Ulepszony rade\u0142kowany mechanizm zawiasowy utrzymuje ostrze otwarte podczas u\u017cytkowania i jest wspierany delikatnym palcem wskazuj\u0105cym, aby zapobiec przypadkowemu zamkni\u0119ciu. Formowane \u0142uski z nylonu wzmocnionego w\u0142\u00f3knem szklanym (FRN) oraz strategicznie rozmieszczone rowki na plecach i grzbiecie zapewniaj\u0105 wygodn\u0105 ergonomi\u0119, kt\u00f3ra pozwala temu no\u017cowi dzia\u0142a\u0107 znacznie poza jego rozmiarem. Z pewno\u015bci\u0105 wyznaczaj\u0105c nowy standard w nowoczesnych scyzorykach, Roadie jest dost\u0119pny w r\u00f3\u017cnych opcjach kolorystycznych.<\/p>\n<p>Dane techniczne:<\/p>\n<p>D\u0142ugo\u015b\u0107 ca\u0142kowita: 12,9 cm<br \/>\nOstrze: 5,3 cm<br \/>\nStal ostrza: N690Co<br \/>\nSzlifowanie: Ca\u0142kowicie p\u0142askie<br \/>\nMateria\u0142 r\u0119koje\u015bci: czerwony FRN<br \/>\nWaga: 1,0 uncji (28g)<br \/>\nWyprodukowane we W\u0142oszech<\/p>\n","protected":false},"excerpt":{"rendered":"<p><strong>Roadie stanowi milowy krok w ewolucji nowoczesnych konstrukcji scyzoryk\u00f3w i ustanawia nowy standard doskona\u0142o\u015bci dla tej rasy. Jeste\u015bmy pewni, \u017ce Tw\u00f3j b\u0119dzie Ci dobrze s\u0142u\u017cy\u0142.<\/strong><\/p>\n","protected":false},"featured_media":315459,"comment_status":"open","ping_status":"closed","template":"","meta":[],"pwb-brand":[3432],"product_brand":[],"product_cat":[3296,3307],"product_tag":[3671],"class_list":{"0":"post-315496","1":"product","2":"type-product","3":"status-publish","4":"has-post-thumbnail","6":"pwb-brand-spyderco-pl","7":"product_cat-noze-pl","8":"product_cat-zamykanie-nozy","9":"product_tag-b2b-pl","11":"first","12":"instock","13":"taxable","14":"shipping-taxable","15":"purchasable","16":"product-type-simple"},"brands":[{"id":3432,"name":"Spyderco","slug":"spyderco-pl"}],"_links":{"self":[{"href":"https:\/\/www.moskito.cz\/pl\/wp-json\/wp\/v2\/product\/315496","targetHints":{"allow":["GET"]}}],"collection":[{"href":"https:\/\/www.moskito.cz\/pl\/wp-json\/wp\/v2\/product"}],"about":[{"href":"https:\/\/www.moskito.cz\/pl\/wp-json\/wp\/v2\/types\/product"}],"replies":[{"embeddable":true,"href":"https:\/\/www.moskito.cz\/pl\/wp-json\/wp\/v2\/comments?post=315496"}],"wp:featuredmedia":[{"embeddable":true,"href":"https:\/\/www.moskito.cz\/pl\/wp-json\/wp\/v2\/media\/315459"}],"wp:attachment":[{"href":"https:\/\/www.moskito.cz\/pl\/wp-json\/wp\/v2\/media?parent=315496"}],"wp:term":[{"taxonomy":"pwb-brand","embeddable":true,"href":"https:\/\/www.moskito.cz\/pl\/wp-json\/wp\/v2\/pwb-brand?post=315496"},{"taxonomy":"product_brand","embeddable":true,"href":"https:\/\/www.moskito.cz\/pl\/wp-json\/wp\/v2\/product_brand?post=315496"},{"taxonomy":"product_cat","embeddable":true,"href":"https:\/\/www.moskito.cz\/pl\/wp-json\/wp\/v2\/product_cat?post=315496"},{"taxonomy":"product_tag","embeddable":true,"href":"https:\/\/www.moskito.cz\/pl\/wp-json\/wp\/v2\/product_tag?post=315496"}],"curies":[{"name":"wp","href":"https:\/\/api.w.org\/{rel}","templated":true}]}}