{"id":315605,"date":"2024-03-10T15:38:30","date_gmt":"2024-03-10T14:40:37","guid":{"rendered":"https:\/\/www.moskito.cz\/produkt\/noz-kershaw-launch-15-7950\/"},"modified":"2025-05-07T11:03:30","modified_gmt":"2025-05-07T10:03:30","slug":"noz-kershaw-launch-15-7950","status":"publish","type":"product","link":"https:\/\/www.moskito.cz\/pl\/produkt\/noz-kershaw-launch-15-7950\/","title":{"rendered":"N\u00f3\u017c Kershaw Launch 15 7950"},"content":{"rendered":"<p>N\u00f3\u017c <strong>Kershaw<\/strong> Launch 15 7950<\/p>\n<p>Odkryj szereg innowacji w <strong>Launch 15<\/strong> . Pe\u0142nowymiarowy automat vendingowy otwiera si\u0119 po naci\u015bni\u0119ciu przycisku. Ostrze nie tylko przebija si\u0119 podczas ci\u0119cia, ale wykorzystuje zalety CPM MagnaCut. Ta najwy\u017cszej jako\u015bci stal na ostrza zdobywa wysokie oceny w zakresie utrzymywania kraw\u0119dzi, wytrzyma\u0142o\u015bci, odporno\u015bci na zu\u017cycie i odporno\u015bci na korozj\u0119. Co wi\u0119cej, Launch 15 zawiera wk\u0142adk\u0119 z p\u0142\u00f3tna micarta po obu stronach aluminiowej r\u0119koje\u015bci. Dost\u0119pna jest nawet cienka podk\u0142adka dystansowa z micarty, kt\u00f3ra zapewnia pe\u0142ny wygl\u0105d. Ka\u017cd\u0105 funkcj\u0119 mo\u017cesz nosi\u0107 w kieszeni za pomoc\u0105 dwustronnego, g\u0142\u0119bokiego klipsa do przenoszenia. Dzi\u0119ki osza\u0142amiaj\u0105cej estetyce i wysokiej jako\u015bci ostrzu, Launch 15 si\u0119ga gwiazd.<\/p>\n<p>Funkcjonowa\u0107<br \/>\nWyprodukowano w USA; ostrze z grotem w\u0142\u00f3czni typu bagnetowego<br \/>\nWyczy\u015b\u0107 aluminiowy uchwyt; Wstawki z p\u0142\u00f3tna Micarta po obu stronach r\u0119koje\u015bci i z ty\u0142u<br \/>\nStal proszkowa CPM-MagnaCut premium wyr\u00f3\u017cnia si\u0119 trwa\u0142o\u015bci\u0105 kraw\u0119dzi, odporno\u015bci\u0105 na korozj\u0119, odporno\u015bci\u0105 na zu\u017cycie i wytrzyma\u0142o\u015bci\u0105<br \/>\nWyko\u0144czenie BlackWash pomaga ukry\u0107 zadrapania powsta\u0142e w wyniku u\u017cytkowania<br \/>\nNiskoprofilowy przycisk utrudnia przypadkowe wysuni\u0119cie ostrza<br \/>\nG\u0142\u0119boki klips kieszonkowy mo\u017cna \u0142atwo zmieni\u0107 na lewy lub prawy<\/p>\n<p>Dane techniczne:<br \/>\nD\u0142ugo\u015b\u0107 ostrza: 8,9 cm<br \/>\nD\u0142ugo\u015b\u0107 ca\u0142kowita: 21,3 cm<br \/>\nMateria\u0142 ostrza: Stal nierdzewna CPM-MagnaCut<br \/>\nGrubo\u015b\u0107 ostrza: 0,3 cm<br \/>\nStyl ostrza: Szpic w\u0142\u00f3czni<br \/>\nWyko\u0144czenie powierzchni ostrza: BlackWash<br \/>\nMateria\u0142 r\u0119koje\u015bci: Anodyzowane na czarno aluminium 6061-T6 ze wstawkami Canvas Micarta<br \/>\nGrubo\u015b\u0107 r\u0105czki: 1,27 cm<br \/>\nMechanizm blokuj\u0105cy: Przycisk<br \/>\nKieszonkowy klips: dwustronny, do g\u0142\u0119bokiego przenoszenia<br \/>\nWaga: 3,10 uncji (88g)<br \/>\nWykonane w USA<\/p>\n<p><iframe title=\"Kershaw Launch 15 - Model 7950\" width=\"800\" height=\"450\" src=\"https:\/\/www.youtube.com\/embed\/aV9HKeIZK7s?feature=oembed\" frameborder=\"0\" allow=\"accelerometer; autoplay; clipboard-write; encrypted-media; gyroscope; picture-in-picture; web-share\" allowfullscreen><\/iframe><\/p>\n<p>&nbsp;<\/p>\n","protected":false},"excerpt":{"rendered":"<p><strong>Odkryj szereg innowacji w Launch 15, pe\u0142nowymiarowym automacie do gry.<\/strong><\/p>\n<p>Bezp\u0142atny transport.<\/p>\n","protected":false},"featured_media":315557,"comment_status":"open","ping_status":"closed","template":"","meta":[],"pwb-brand":[3773],"product_brand":[],"product_cat":[3296,3344],"product_tag":[],"class_list":{"0":"post-315605","1":"product","2":"type-product","3":"status-publish","4":"has-post-thumbnail","6":"pwb-brand-kershawa","7":"product_cat-noze-pl","8":"product_cat-noze-strzeleckie","10":"first","11":"outofstock","12":"taxable","13":"shipping-taxable","14":"purchasable","15":"product-type-simple"},"brands":[{"id":3773,"name":"Kershawa","slug":"kershawa"}],"_links":{"self":[{"href":"https:\/\/www.moskito.cz\/pl\/wp-json\/wp\/v2\/product\/315605","targetHints":{"allow":["GET"]}}],"collection":[{"href":"https:\/\/www.moskito.cz\/pl\/wp-json\/wp\/v2\/product"}],"about":[{"href":"https:\/\/www.moskito.cz\/pl\/wp-json\/wp\/v2\/types\/product"}],"replies":[{"embeddable":true,"href":"https:\/\/www.moskito.cz\/pl\/wp-json\/wp\/v2\/comments?post=315605"}],"wp:featuredmedia":[{"embeddable":true,"href":"https:\/\/www.moskito.cz\/pl\/wp-json\/wp\/v2\/media\/315557"}],"wp:attachment":[{"href":"https:\/\/www.moskito.cz\/pl\/wp-json\/wp\/v2\/media?parent=315605"}],"wp:term":[{"taxonomy":"pwb-brand","embeddable":true,"href":"https:\/\/www.moskito.cz\/pl\/wp-json\/wp\/v2\/pwb-brand?post=315605"},{"taxonomy":"product_brand","embeddable":true,"href":"https:\/\/www.moskito.cz\/pl\/wp-json\/wp\/v2\/product_brand?post=315605"},{"taxonomy":"product_cat","embeddable":true,"href":"https:\/\/www.moskito.cz\/pl\/wp-json\/wp\/v2\/product_cat?post=315605"},{"taxonomy":"product_tag","embeddable":true,"href":"https:\/\/www.moskito.cz\/pl\/wp-json\/wp\/v2\/product_tag?post=315605"}],"curies":[{"name":"wp","href":"https:\/\/api.w.org\/{rel}","templated":true}]}}