{"id":315763,"date":"2024-03-10T21:21:20","date_gmt":"2024-03-10T20:25:26","guid":{"rendered":"https:\/\/www.moskito.cz\/produkt\/noz-strzelecki-microtech-hawk-karambit-266-1t\/"},"modified":"2025-05-07T11:03:35","modified_gmt":"2025-05-07T10:03:35","slug":"noz-strzelecki-microtech-hawk-karambit-266-1t","status":"publish","type":"product","link":"https:\/\/www.moskito.cz\/pl\/produkt\/noz-strzelecki-microtech-hawk-karambit-266-1t\/","title":{"rendered":"N\u00f3\u017c strzelecki Microtech Hawk Karambit 266-1T"},"content":{"rendered":"<p>N\u00f3\u017c strzelecki <strong>Microtech<\/strong> Hawk Karambit 266-1T<\/p>\n<p>Rok 2019 przyni\u00f3s\u0142 odrodzenie klasycznego no\u017ca automatycznego z przyciskiem Hawk. Wprowadzony na rynek w 1996 roku, n\u00f3\u017c ten stanowi now\u0105 ods\u0142on\u0119 klasycznego komponentu ze zaktualizowanymi funkcjami estetycznymi, przerobionymi w celu zapewnienia g\u0142adszego wyko\u0144czenia i zwi\u0119kszonej funkcjonalno\u015bci. Teraz Hawk jest w pe\u0142ni zrealizowany jako taktyczny karambit z ma\u0142ym palcem. Nadal ma to samo wydajne ostrze szylkretowe i automatyczny mechanizm spustowy, co czyni go solidnym elementem taktycznym. Doskona\u0142a ergonomia, w\u0119glikowy zbijak do szyb i peda\u0142owanie dok\u0142adnie tam, gdzie tego potrzebujesz &#8211; w przednim i tylnym uchwycie &#8211; s\u0105 widoczne na pierwszy rzut oka. Ale to niesamowita konstrukcja plec\u00f3w, w\u0105skie tolerancje i doskona\u0142a akcja, kt\u00f3rej nie wida\u0107, robi r\u00f3\u017cnic\u0119. Ten n\u00f3\u017c jest po prostu osza\u0142amiaj\u0105cy i doskonale oddaje s\u0142ynny projekt Hawk.<\/p>\n<p>Dane techniczne<br \/>\nD\u0142ugo\u015b\u0107 ostrza: 10 cm<br \/>\nD\u0142ugo\u015b\u0107 po zamkni\u0119ciu: 12,5 cm<br \/>\nD\u0142ugo\u015b\u0107 ca\u0142kowita: 25 cm<br \/>\nMateria\u0142 ostrza: M390<br \/>\nStyl ostrza: Karambit<br \/>\nSzlif ostrza: p\u0142aski<br \/>\nWyko\u0144czenie ostrza: czarne<br \/>\nMateria\u0142 r\u0119koje\u015bci: czarne aluminium 6061-T6 z teksturowanymi wstawkami<br \/>\nGrubo\u015b\u0107 r\u0119koje\u015bci: 0,53&#8243;<br \/>\nMechanizm blokuj\u0105cy: Przycisk<br \/>\nKieszonkowy klips: stal nierdzewna (wysuwany, noszony po prawej stronie)<br \/>\nWaga: 5,2 uncji<br \/>\nProjektant: Tony Marfione<br \/>\nWykonane w USA<\/p>\n<p><iframe title=\"Microtech Combat Troodon Torture Test\" width=\"800\" height=\"450\" src=\"https:\/\/www.youtube.com\/embed\/xE9TeOFYEjg?feature=oembed\" frameborder=\"0\" allow=\"accelerometer; autoplay; clipboard-write; encrypted-media; gyroscope; picture-in-picture; web-share\" allowfullscreen><\/iframe><\/p>\n<p>&nbsp;<\/p>\n","protected":false},"excerpt":{"rendered":"<p><strong>Przez lata Microtech\u00ae Knives wype\u0142nia\u0142 no\u017ce pasj\u0105 i umiej\u0119tno\u015bciami, aby tworzy\u0107 niemal dzie\u0142a sztuki, kt\u00f3re s\u0105 szczytem funkcjonalno\u015bci.Wszystkie cz\u0119\u015bci s\u0105 produkowane w USA.<\/strong><br \/>\n<strong>Wszystkie no\u017ce Microtech obj\u0119te s\u0105 do\u017cywotni\u0105 gwarancj\u0105.<\/strong><\/p>\n<p><strong>Bezp\u0142atny transport.<\/strong><\/p>\n","protected":false},"featured_media":315719,"comment_status":"open","ping_status":"closed","template":"","meta":[],"pwb-brand":[3279],"product_brand":[],"product_cat":[3296,3344],"product_tag":[3671],"class_list":{"0":"post-315763","1":"product","2":"type-product","3":"status-publish","4":"has-post-thumbnail","6":"pwb-brand-microtech-pl","7":"product_cat-noze-pl","8":"product_cat-noze-strzeleckie","9":"product_tag-b2b-pl","11":"first","12":"instock","13":"taxable","14":"shipping-taxable","15":"purchasable","16":"product-type-simple"},"brands":[{"id":3279,"name":"Microtech","slug":"microtech-pl"}],"_links":{"self":[{"href":"https:\/\/www.moskito.cz\/pl\/wp-json\/wp\/v2\/product\/315763","targetHints":{"allow":["GET"]}}],"collection":[{"href":"https:\/\/www.moskito.cz\/pl\/wp-json\/wp\/v2\/product"}],"about":[{"href":"https:\/\/www.moskito.cz\/pl\/wp-json\/wp\/v2\/types\/product"}],"replies":[{"embeddable":true,"href":"https:\/\/www.moskito.cz\/pl\/wp-json\/wp\/v2\/comments?post=315763"}],"wp:featuredmedia":[{"embeddable":true,"href":"https:\/\/www.moskito.cz\/pl\/wp-json\/wp\/v2\/media\/315719"}],"wp:attachment":[{"href":"https:\/\/www.moskito.cz\/pl\/wp-json\/wp\/v2\/media?parent=315763"}],"wp:term":[{"taxonomy":"pwb-brand","embeddable":true,"href":"https:\/\/www.moskito.cz\/pl\/wp-json\/wp\/v2\/pwb-brand?post=315763"},{"taxonomy":"product_brand","embeddable":true,"href":"https:\/\/www.moskito.cz\/pl\/wp-json\/wp\/v2\/product_brand?post=315763"},{"taxonomy":"product_cat","embeddable":true,"href":"https:\/\/www.moskito.cz\/pl\/wp-json\/wp\/v2\/product_cat?post=315763"},{"taxonomy":"product_tag","embeddable":true,"href":"https:\/\/www.moskito.cz\/pl\/wp-json\/wp\/v2\/product_tag?post=315763"}],"curies":[{"name":"wp","href":"https:\/\/api.w.org\/{rel}","templated":true}]}}