{"id":315829,"date":"2024-03-11T16:46:49","date_gmt":"2024-03-11T15:56:07","guid":{"rendered":"https:\/\/www.moskito.cz\/produkt\/noz-strzelecki-microtech-stitch-manual-apocalyptic-169rl-11apflgtbk\/"},"modified":"2025-05-07T11:03:37","modified_gmt":"2025-05-07T10:03:37","slug":"noz-strzelecki-microtech-stitch-manual-apocalyptic-169rl-11apflgtbk","status":"publish","type":"product","link":"https:\/\/www.moskito.cz\/pl\/produkt\/noz-strzelecki-microtech-stitch-manual-apocalyptic-169rl-11apflgtbk\/","title":{"rendered":"N\u00f3\u017c Strzelecki Microtech Stitch Manual Apocalyptic 169RL-11APFLGTBK"},"content":{"rendered":"<p>N\u00f3\u017c Strzelecki <strong>Microtech<\/strong> Stitch Manual Apocalyptic 169RL-11APFLGTBK<\/p>\n<p>Wydany w 2023 roku n\u00f3\u017c <strong>Stitch<\/strong> RAM-LOK zadebiutowa\u0142 wraz z wydaniem MSI (wydanie Microtech Standard) jako pierwsza deska Microtech wyposa\u017cona w fantastyczn\u0105 technologi\u0119 RAM-LOK. Ten twardy zamek poprzeczny ma charakterystyczny wz\u00f3r stopni firmy Microtech, kt\u00f3ry sta\u0142 si\u0119 s\u0142awny dzi\u0119ki serii prze\u0142\u0105cznik\u00f3w steruj\u0105cych Ultratech. Du\u017ce wyci\u0119cie na ostrze zapewnia du\u017co miejsca na zamach \u015brodkowym palcem do ty\u0142u, a tak\u017ce standardowe powolne otwieranie kciuka w r\u0119kawiczkach lub bez. Je\u015bli nie podoba Ci si\u0119 kt\u00f3rykolwiek z nich, po prostu poci\u0105gnij RAM-LOK, a ostrze otworzy si\u0119 prostym ruchem nadgarstka. Chwyty G10 s\u0105 g\u0142adkie i lekko lepkie i zapewniaj\u0105 du\u017cy potencja\u0142 chwytu zar\u00f3wno w przypadku chwyt\u00f3w standardowych, jak i odwr\u00f3conych. Wytrzyma\u0142y, trwa\u0142y i wyprodukowany w USA; wiemy, \u017ce MSI szybko stanie si\u0119 ulubie\u0144cem wszystkich cz\u0142onk\u00f3w spo\u0142eczno\u015bci no\u017cowej.<\/p>\n<p>Microtech Stitch to pi\u0119kna taktyczna wsp\u00f3\u0142praca Tony&#8217;ego Marfione i Sebastijana Berenjiego, znanego r\u00f3wnie\u017c jako Borka. Wykorzystuje niesamowity projekt Sticha Sebastijana i \u0142\u0105czy go z niesamowit\u0105 mechanik\u0105 otwierania Tony&#8217;ego, aby stworzy\u0107 jedn\u0105 z najbardziej niesamowitych kolaboracji produkcyjnych wszechczas\u00f3w. Ostrze w\u0142\u00f3czni o d\u0142ugo\u015bci 3,625 cala ma p\u0142aski szlif oraz rowki na palce i kciuk, co zapewnia doskona\u0142y chwyt podczas drobniejszych zada\u0144 ci\u0119cia.<br \/>\nDane techniczne<\/p>\n<p>D\u0142ugo\u015b\u0107 ostrza: 9 cm<br \/>\nD\u0142ugo\u015b\u0107 po zamkni\u0119ciu: 12,5 cm<br \/>\nD\u0142ugo\u015b\u0107 ca\u0142kowita: 21 cm<br \/>\nStal ostrza: stal nierdzewna Bohler M390MK<br \/>\nStyl ostrza: Szpic w\u0142\u00f3czni<br \/>\nSzlif ostrza: p\u0142aski<br \/>\nWyko\u0144czenie ostrza: Apokaliptyczne<br \/>\nMateria\u0142 r\u0119koje\u015bci: czarny rowkowany G10<br \/>\nMateria\u0142 wk\u0142adu: stal nierdzewna<br \/>\nMechanizm blokuj\u0105cy: RAM-LOK<br \/>\nKieszonkowy klips: stal nierdzewna (sk\u0142adany, prawy noszony)<br \/>\nWaga: 5,22 uncji<br \/>\nProjektant: Sebastijan Berenji i Tony Marfione<br \/>\nWykonane w USA<\/p>\n<p>&nbsp;<\/p>\n<p><iframe title=\"Microtech Combat Troodon Torture Test\" width=\"800\" height=\"450\" src=\"https:\/\/www.youtube.com\/embed\/xE9TeOFYEjg?feature=oembed\" frameborder=\"0\" allow=\"accelerometer; autoplay; clipboard-write; encrypted-media; gyroscope; picture-in-picture; web-share\" allowfullscreen><\/iframe><\/p>\n<p>&nbsp;<\/p>\n","protected":false},"excerpt":{"rendered":"<div class=\"elementor-element elementor-element-bbb542b elementor-widget elementor-widget-woocommerce-product-short-description\" data-id=\"bbb542b\" data-element_type=\"widget\" data-widget_type=\"woocommerce-product-short-description.default\">\n<div class=\"elementor-widget-container\">\n<div class=\"woocommerce-product-details__short-description\">\n<p><strong>Przez lata Microtech\u00ae Knives wype\u0142nia\u0142 no\u017ce pasj\u0105 i umiej\u0119tno\u015bciami, aby tworzy\u0107 niemal dzie\u0142a sztuki, kt\u00f3re s\u0105 szczytem funkcjonalno\u015bci. Wszystkie cz\u0119\u015bci wyprodukowano w USA.<\/strong><br \/>\n<strong>Wszystkie no\u017ce Microtech obj\u0119te s\u0105 do\u017cywotni\u0105 gwarancj\u0105.<\/strong><\/p>\n<p><strong>Bezp\u0142atny transport.<\/strong><\/p>\n<\/div>\n<\/div>\n<\/div>\n","protected":false},"featured_media":315780,"comment_status":"open","ping_status":"closed","template":"","meta":[],"pwb-brand":[3279],"product_brand":[],"product_cat":[3296,3307],"product_tag":[3671],"class_list":{"0":"post-315829","1":"product","2":"type-product","3":"status-publish","4":"has-post-thumbnail","6":"pwb-brand-microtech-pl","7":"product_cat-noze-pl","8":"product_cat-zamykanie-nozy","9":"product_tag-b2b-pl","11":"first","12":"instock","13":"taxable","14":"shipping-taxable","15":"purchasable","16":"product-type-simple"},"brands":[{"id":3279,"name":"Microtech","slug":"microtech-pl"}],"_links":{"self":[{"href":"https:\/\/www.moskito.cz\/pl\/wp-json\/wp\/v2\/product\/315829","targetHints":{"allow":["GET"]}}],"collection":[{"href":"https:\/\/www.moskito.cz\/pl\/wp-json\/wp\/v2\/product"}],"about":[{"href":"https:\/\/www.moskito.cz\/pl\/wp-json\/wp\/v2\/types\/product"}],"replies":[{"embeddable":true,"href":"https:\/\/www.moskito.cz\/pl\/wp-json\/wp\/v2\/comments?post=315829"}],"wp:featuredmedia":[{"embeddable":true,"href":"https:\/\/www.moskito.cz\/pl\/wp-json\/wp\/v2\/media\/315780"}],"wp:attachment":[{"href":"https:\/\/www.moskito.cz\/pl\/wp-json\/wp\/v2\/media?parent=315829"}],"wp:term":[{"taxonomy":"pwb-brand","embeddable":true,"href":"https:\/\/www.moskito.cz\/pl\/wp-json\/wp\/v2\/pwb-brand?post=315829"},{"taxonomy":"product_brand","embeddable":true,"href":"https:\/\/www.moskito.cz\/pl\/wp-json\/wp\/v2\/product_brand?post=315829"},{"taxonomy":"product_cat","embeddable":true,"href":"https:\/\/www.moskito.cz\/pl\/wp-json\/wp\/v2\/product_cat?post=315829"},{"taxonomy":"product_tag","embeddable":true,"href":"https:\/\/www.moskito.cz\/pl\/wp-json\/wp\/v2\/product_tag?post=315829"}],"curies":[{"name":"wp","href":"https:\/\/api.w.org\/{rel}","templated":true}]}}