{"id":316009,"date":"2024-03-11T21:14:38","date_gmt":"2024-03-11T20:16:32","guid":{"rendered":"https:\/\/www.moskito.cz\/produkt\/noz-strzelecki-microtech-makora-signature-series-206-3ts\/"},"modified":"2025-05-07T11:03:41","modified_gmt":"2025-05-07T10:03:41","slug":"noz-strzelecki-microtech-makora-signature-series-206-3ts","status":"publish","type":"product","link":"https:\/\/www.moskito.cz\/pl\/produkt\/noz-strzelecki-microtech-makora-signature-series-206-3ts\/","title":{"rendered":"N\u00f3\u017c strzelecki Microtech Makora Signature Series 206-3TS"},"content":{"rendered":"<p>N\u00f3\u017c strzelecki <strong>Microtech<\/strong> Makora Signature Series 206-3TS<\/p>\n<p><strong>Microtech Makora<\/strong> D\/E Czarny chwyt taktyczny z czarnymi wstawkami Grip Czarny taktyczny W pe\u0142ni rade\u0142kowany Wewn\u0119trzny nikiel Boron Signature Series 206-3TS<\/p>\n<p><strong>Makora<\/strong> Refresh to projekt, kt\u00f3ry pierwotnie wyewoluowa\u0142 z projektu Ultratech. Ma og\u00f3lny kszta\u0142t <strong>Ultratech<\/strong> z dodatkiem daszka na g\u00f3rze r\u0119koje\u015bci i zalet\u0105 wk\u0142adki chwytnej. Inne ulepszenia w nowej gamie Makora obejmuj\u0105 rowki u podstawy ostrza, otwory w dolnej cz\u0119\u015bci obudowy i elementy wewn\u0119trzne pokryte niklem i borem. Te ulepszenia sprawiaj\u0105, \u017ce dzia\u0142anie jest niezwykle p\u0142ynne i niezawodne, a tak\u017ce u\u0142atwiaj\u0105 konserwacj\u0119.<\/p>\n<p>Ten charakterystyczny model produkcyjny posiada czarn\u0105 taktyczn\u0105 r\u0119koje\u015b\u0107 z anodyzowanego aluminium z wk\u0142adk\u0105 uchwytu. Czarne, dwuostrzowe ostrze taktyczne ze stali nierdzewnej M390. Czarny design i czarny klips kieszeniowy z charakterystyczn\u0105 seri\u0105 i logo Makora. Na klipsie kieszonkowym znajduj\u0105 si\u0119 tak\u017ce informacje o modelu, numer seryjny i data produkcji. Wewn\u0119trzny nikiel i bor. Model z serii Signature nie zawiedzie!<\/p>\n<p>Materia\u0142 ostrza: M390<br \/>\nMateria\u0142 r\u0119koje\u015bci: aluminium<br \/>\nBezpiecze\u0144stwo: zamek b\u0142yskawiczny<br \/>\nD\u0142ugo\u015b\u0107 ostrza: 8,4 cm<br \/>\nD\u0142ugo\u015b\u0107 ca\u0142kowita: 21,5 cm<br \/>\nD\u0142ugo\u015b\u0107 z\u0142o\u017conego no\u017ca: 13 cm<br \/>\nGrubo\u015b\u0107 ostrza: 0,3 cm<br \/>\nWaga: 94 g<br \/>\nTyp ostrza: Sztylet obosieczny<br \/>\nPrzeznaczenie: Taktyczne, EDC &#8211; do noszenia na co dzie\u0144<br \/>\nOtwieranie jedn\u0105 r\u0119k\u0105: tak<br \/>\nTyp no\u017ca: Pop-up, OTF<br \/>\nRodzaj otwierania: Suwak kciukowy<br \/>\nKlamra: tak<br \/>\nRodzaj szlifowania: P\u0142aski<br \/>\nProducent: Microtech<br \/>\nKraj pochodzenia: USA<\/p>\n<p>&nbsp;<\/p>\n<p><iframe title=\"Microtech Combat Troodon Torture Test\" width=\"800\" height=\"450\" src=\"https:\/\/www.youtube.com\/embed\/xE9TeOFYEjg?feature=oembed\" frameborder=\"0\" allow=\"accelerometer; autoplay; clipboard-write; encrypted-media; gyroscope; picture-in-picture; web-share\" allowfullscreen><\/iframe><\/p>\n<p>&nbsp;<\/p>\n","protected":false},"excerpt":{"rendered":"<p><strong>Przez lata Microtech\u00ae Knives wype\u0142nia\u0142 no\u017ce pasj\u0105 i umiej\u0119tno\u015bciami, aby tworzy\u0107 niemal dzie\u0142a sztuki, kt\u00f3re s\u0105 szczytem funkcjonalno\u015bci. Wszystkie cz\u0119\u015bci wyprodukowano w USA.<\/strong><br \/>\n<strong>Wszystkie no\u017ce Microtech obj\u0119te s\u0105 do\u017cywotni\u0105 gwarancj\u0105.<\/strong><\/p>\n<p><strong>Darmowa wysy\u0142ka.<\/strong><\/p>\n","protected":false},"featured_media":315963,"comment_status":"open","ping_status":"closed","template":"","meta":[],"pwb-brand":[3279],"product_brand":[],"product_cat":[3296,3344],"product_tag":[3671],"class_list":{"0":"post-316009","1":"product","2":"type-product","3":"status-publish","4":"has-post-thumbnail","6":"pwb-brand-microtech-pl","7":"product_cat-noze-pl","8":"product_cat-noze-strzeleckie","9":"product_tag-b2b-pl","11":"first","12":"outofstock","13":"taxable","14":"shipping-taxable","15":"purchasable","16":"product-type-simple"},"brands":[{"id":3279,"name":"Microtech","slug":"microtech-pl"}],"_links":{"self":[{"href":"https:\/\/www.moskito.cz\/pl\/wp-json\/wp\/v2\/product\/316009","targetHints":{"allow":["GET"]}}],"collection":[{"href":"https:\/\/www.moskito.cz\/pl\/wp-json\/wp\/v2\/product"}],"about":[{"href":"https:\/\/www.moskito.cz\/pl\/wp-json\/wp\/v2\/types\/product"}],"replies":[{"embeddable":true,"href":"https:\/\/www.moskito.cz\/pl\/wp-json\/wp\/v2\/comments?post=316009"}],"wp:featuredmedia":[{"embeddable":true,"href":"https:\/\/www.moskito.cz\/pl\/wp-json\/wp\/v2\/media\/315963"}],"wp:attachment":[{"href":"https:\/\/www.moskito.cz\/pl\/wp-json\/wp\/v2\/media?parent=316009"}],"wp:term":[{"taxonomy":"pwb-brand","embeddable":true,"href":"https:\/\/www.moskito.cz\/pl\/wp-json\/wp\/v2\/pwb-brand?post=316009"},{"taxonomy":"product_brand","embeddable":true,"href":"https:\/\/www.moskito.cz\/pl\/wp-json\/wp\/v2\/product_brand?post=316009"},{"taxonomy":"product_cat","embeddable":true,"href":"https:\/\/www.moskito.cz\/pl\/wp-json\/wp\/v2\/product_cat?post=316009"},{"taxonomy":"product_tag","embeddable":true,"href":"https:\/\/www.moskito.cz\/pl\/wp-json\/wp\/v2\/product_tag?post=316009"}],"curies":[{"name":"wp","href":"https:\/\/api.w.org\/{rel}","templated":true}]}}